{"id":9802,"date":"2019-10-25T17:39:15","date_gmt":"2019-10-25T15:39:15","guid":{"rendered":"http:\/\/www.fambrenner.de\/Kaffeebohne\/wordpress\/?page_id=9802"},"modified":"2025-12-29T20:54:56","modified_gmt":"2025-12-29T19:54:56","slug":"rezepte-slowcooker","status":"publish","type":"page","link":"https:\/\/www.fambrenner.de\/Kaffeebohne\/wordpress\/rezepte-slowcooker\/","title":{"rendered":"Rezepte: Slowcooker"},"content":{"rendered":"<p><strong>Suppen\/Eint\u00f6pfe<\/strong><br \/>\n<strong>-vegetarisch<\/strong><br \/>\n<a href=\"http:\/\/www.fambrenner.de\/Kaffeebohne\/wordpress\/2015\/11\/03\/baked-potato-suppe-aus-dem-slowcooker\/\" rel=\"noopener noreferrer\" target=\"_blank\">Baked Potatoe Suppe<\/a><br \/>\n<a href=\"http:\/\/www.fambrenner.de\/Kaffeebohne\/wordpress\/2014\/09\/11\/veggie-tag-cremige-tomatensuppe-aus-dem-crockpot\/\" rel=\"noopener noreferrer\" target=\"_blank\">Cremige Tomatensuppe <\/a><br \/>\n<a href=\"http:\/\/www.fambrenner.de\/Kaffeebohne\/wordpress\/2011\/03\/24\/veggie-tag-erbsensuppe-aus-dem-slowcooker\/\" rel=\"noopener noreferrer\" target=\"_blank\">Erbsensuppe<\/a><br \/>\n<a href=\"http:\/\/www.fambrenner.de\/Kaffeebohne\/wordpress\/2011\/03\/31\/veggie-tag-fruhlingsgemusesuppe-aus-dem-slowcooker\/\" rel=\"noopener noreferrer\" target=\"_blank\">Fr\u00fchlingsgem\u00fcsesuppe<\/a><br \/>\n<a href=\"http:\/\/www.fambrenner.de\/Kaffeebohne\/wordpress\/2011\/05\/26\/veggie-tag-gemuseeintopf-mit-kichererbsen\/\" rel=\"noopener noreferrer\" target=\"_blank\">Gem\u00fcseeintopf mit Kichererbsen<\/a><br \/>\n<a href=\"https:\/\/www.fambrenner.de\/Kaffeebohne\/wordpress\/2021\/02\/23\/gemuesesuppe-aus-dem-slowcooker\/\" rel=\"noopener\" target=\"_blank\">Gem\u00fcsesuppe<\/a><br \/>\n<a href=\"https:\/\/www.fambrenner.de\/Kaffeebohne\/wordpress\/2023\/01\/17\/mal-wieder-ein-hoch-auf-den-slowcooker-goldene-maissuppe\/\" rel=\"noopener\" target=\"_blank\">Goldene Maissuppe<\/a><br \/>\n<a href=\"http:\/\/www.fambrenner.de\/Kaffeebohne\/wordpress\/2017\/10\/17\/graupensuppe-mit-pilzen\/\" rel=\"noopener noreferrer\" target=\"_blank\">Graupensuppe mit Pilzen<\/a><br \/>\n<a href=\"https:\/\/www.fambrenner.de\/Kaffeebohne\/wordpress\/2020\/09\/15\/herbstliche-suppe-aus-dem-slowcooker\/\" rel=\"noopener\" target=\"_blank\">Herbstliche Suppe<\/a><br \/>\n<a href=\"http:\/\/www.fambrenner.de\/Kaffeebohne\/wordpress\/2014\/01\/09\/veggie-tag-indischer-kichererbsen-quinoa-eintopf-aus-dem-slowcooker\/\" rel=\"noopener noreferrer\" target=\"_blank\">Indischer Kichererbsen-Quinoa-Eintopf<\/a><br \/>\n<a href=\"https:\/\/www.fambrenner.de\/Kaffeebohne\/wordpress\/2020\/09\/08\/italienische-linsensuppe-aus-dem-slowcooker\/\" rel=\"noopener\" target=\"_blank\">Italienische Linsensuppe<\/a><br \/>\n<a href=\"https:\/\/www.fambrenner.de\/Kaffeebohne\/wordpress\/2021\/02\/21\/kartoffelcurry-kaschmir-aus-dem-slowcooker\/\" rel=\"noopener\" target=\"_blank\">Kartoffelcurry Kaschmir<\/a><br \/>\n<a href=\"http:\/\/www.fambrenner.de\/Kaffeebohne\/wordpress\/2011\/11\/10\/veggie-tag-kartoffelgulasch-aus-dem-crockpot\/\" rel=\"noopener noreferrer\" target=\"_blank\">Kartoffelgulasch<\/a><br \/>\n<a href=\"http:\/\/www.fambrenner.de\/Kaffeebohne\/wordpress\/2011\/02\/12\/nachgekocht-linsen-karotten-suppchen\/\" rel=\"noopener noreferrer\" target=\"_blank\">Linsen-Karotten-S\u00fcppchen<\/a><br \/>\n<a href=\"http:\/\/www.fambrenner.de\/Kaffeebohne\/wordpress\/2017\/10\/31\/linsensuppe-persien\/\" rel=\"noopener noreferrer\" target=\"_blank\">Linsensuppe Persien<\/a><br \/>\n<a href=\"http:\/\/www.fambrenner.de\/Kaffeebohne\/wordpress\/2020\/03\/03\/mais-karotten-chowder-aus-dem-slowcooker\/\" rel=\"noopener noreferrer\" target=\"_blank\">Mais-Karotten-Chowder<\/a><br \/>\n<a href=\"http:\/\/www.fambrenner.de\/Kaffeebohne\/wordpress\/2015\/11\/10\/mais-kartoffelsuppe\/\" rel=\"noopener noreferrer\" target=\"_blank\">Mais-Kartoffelsuppe<\/a><br \/>\n<a href=\"http:\/\/www.fambrenner.de\/Kaffeebohne\/wordpress\/2018\/04\/17\/marokkanische-suskartoffelsuppe\/\" rel=\"noopener noreferrer\" target=\"_blank\">Marokkanische S\u00fc\u00dfkartoffel-Suppe<\/a><br \/>\n<a href=\"http:\/\/www.fambrenner.de\/Kaffeebohne\/wordpress\/2015\/03\/22\/no-hurry-vegetable-curry\/\" rel=\"noopener noreferrer\" target=\"_blank\">no hurry vegetable curry<\/a><br \/>\n<a href=\"https:\/\/www.fambrenner.de\/Kaffeebohne\/wordpress\/2021\/12\/07\/orientalische-kuerbis-paprika-suppe-aus-dem-slowcooker\/\" rel=\"noopener\" target=\"_blank\">Orientalische K\u00fcrbis-Paprika-Suppe<\/a><br \/>\n<a href=\"https:\/\/www.fambrenner.de\/Kaffeebohne\/wordpress\/2021\/02\/04\/veggie-tag-pasta-e-fagioli-aus-dem-slowcooker\/\" rel=\"noopener\" target=\"_blank\">Pasta e fagioli<\/a><br \/>\n<a href=\"https:\/\/www.fambrenner.de\/Kaffeebohne\/wordpress\/2021\/02\/07\/pilz-gemuse-korma-aus-dem-slowcooker\/\" rel=\"noopener\" target=\"_blank\">Pilz-Gem\u00fcse-Korma<\/a><br \/>\n<a href=\"http:\/\/www.fambrenner.de\/Kaffeebohne\/wordpress\/2015\/04\/14\/serbische-bohnensuppe-aus-dem-crockpot\/\" rel=\"noopener noreferrer\" target=\"_blank\">Serbische Bohnensuppe<\/a><br \/>\n<a href=\"https:\/\/www.fambrenner.de\/Kaffeebohne\/wordpress\/2021\/01\/12\/shorba-ads-aegyptische-heilsuppe-aus-dem-slowcooker\/\" rel=\"noopener\" target=\"_blank\">Shorba Ads &#8211; \u00c4gyptische Heilsuppe<\/a><br \/>\n<a href=\"http:\/\/www.fambrenner.de\/Kaffeebohne\/wordpress\/2019\/01\/10\/veggie-tag-slowcooker-chili-mit-dreierlei-bohnen\/\" rel=\"noopener noreferrer\" target=\"_blank\">Slowcooker Chili mit dreierlei Bohnen<\/a><br \/>\n<a href=\"https:\/\/www.fambrenner.de\/Kaffeebohne\/wordpress\/2020\/09\/01\/suesskartoffel-kokos-suppe-aus-dem-slowcooker\/\" rel=\"noopener noreferrer\" target=\"_blank\">S\u00fc\u00dfkartoffel-Kokos-Suppe<\/a><br \/>\n<a href=\"http:\/\/www.fambrenner.de\/Kaffeebohne\/wordpress\/2012\/01\/05\/veggie-tag-suskartoffel-suppe-arabia\/\" rel=\"noopener noreferrer\" target=\"_blank\">S\u00fc\u00dfkartoffel-Suppe Arabia<\/a><br \/>\n<a href=\"http:\/\/www.fambrenner.de\/Kaffeebohne\/wordpress\/2014\/03\/06\/veggie-tag-vegetarische-suppe-mit-pastinaken\/\" rel=\"noopener noreferrer\" target=\"_blank\">Vegetarische Suppe mit Pastinaken<\/a><br \/>\n<a href=\"http:\/\/www.fambrenner.de\/Kaffeebohne\/wordpress\/2016\/03\/15\/slow-cooker-wintergemusesuppe-mit-roten-linsen\/\" rel=\"noopener noreferrer\" target=\"_blank\">Wintergem\u00fcsesuppe mit roten Linsen<\/a><br \/>\n<strong>-mit Fleisch\/Huhn<\/strong><br \/>\n<a href=\"http:\/\/www.fambrenner.de\/Kaffeebohne\/wordpress\/2011\/12\/03\/nachgekocht-hahnchen-ragu-aus-dem-crockpot\/\" rel=\"noopener noreferrer\" target=\"_blank\">H\u00e4hnchen-Rag\u00f9<\/a><br \/>\n<a href=\"http:\/\/www.fambrenner.de\/Kaffeebohne\/wordpress\/2016\/02\/23\/huhnersuppe-mit-wildreis-aus-dem-crockpot\/\" rel=\"noopener noreferrer\" target=\"_blank\">H\u00fchnersuppe mit Wildreis <\/a><br \/>\n<a href=\"http:\/\/www.fambrenner.de\/Kaffeebohne\/wordpress\/2020\/12\/08\/scharfe-asia-huehnersuppe\/\" rel=\"noopener noreferrer\" target=\"_blank\">Scharfe Asia-H\u00fchnersuppe<\/a><br \/>\n<a href=\"http:\/\/www.fambrenner.de\/Kaffeebohne\/wordpress\/2016\/10\/25\/blog-event-langsam-kocht-besser\/\" rel=\"noopener noreferrer\" target=\"_blank\">S\u00fc\u00dfkartoffel-H\u00fchnchen-Quinoa-Eintopf<\/a><br \/>\n<a href=\"http:\/\/www.fambrenner.de\/Kaffeebohne\/wordpress\/2011\/12\/10\/taco-suppe-aus-dem-slowcooker\/\" rel=\"noopener noreferrer\" target=\"_blank\">Taco-Suppe<\/a><br \/>\n<a href=\"http:\/\/www.fambrenner.de\/Kaffeebohne\/wordpress\/2017\/11\/28\/slow-cooker-thai-huhner-suppe\/\" rel=\"noopener noreferrer\" target=\"_blank\">Thai-H\u00fchner Suppe<\/a><br \/>\n<a href=\"http:\/\/www.fambrenner.de\/Kaffeebohne\/wordpress\/2017\/03\/14\/white-chili-weises-chili\/\" rel=\"noopener noreferrer\" target=\"_blank\">Wei\u00dfes Chili<\/a><br \/>\n<strong>-Fleisch\/Schwein<\/strong><br \/>\n<a href=\"http:\/\/www.fambrenner.de\/Kaffeebohne\/wordpress\/2020\/09\/08\/italienische-linsensuppe-aus-dem-slowcooker\/\" rel=\"noopener noreferrer\" target=\"_blank\">Italienische Linsensuppe<\/a><br \/>\n<a href=\"http:\/\/www.fambrenner.de\/Kaffeebohne\/wordpress\/2012\/05\/08\/jambalaya-mit-roten-bohnen-aus-dem-crockpot\/\" rel=\"noopener noreferrer\" target=\"_blank\">Jambalaya mit roten Bohnen<\/a><br \/>\n<a href=\"http:\/\/www.fambrenner.de\/Kaffeebohne\/wordpress\/2011\/12\/17\/ribollita-slowcooker\/\" rel=\"noopener noreferrer\" target=\"_blank\">Ribollita<\/a><br \/>\n<a href=\"http:\/\/www.fambrenner.de\/Kaffeebohne\/wordpress\/2017\/09\/26\/westfalische-erbsensuppe-aus-dem-slowcooker\/\" rel=\"noopener noreferrer\" target=\"_blank\">Westf\u00e4lische Erbsensuppe<\/a><br \/>\n<strong>-Fleisch\/Rind<\/strong><br \/>\n<a href=\"http:\/\/www.fambrenner.de\/Kaffeebohne\/wordpress\/2017\/01\/08\/beef-stew-aus-dem-slowcooker\/\" rel=\"noopener noreferrer\" target=\"_blank\">Beef Stew aus dem Slowcooker<\/a><br \/>\n<a href=\"http:\/\/www.fambrenner.de\/Kaffeebohne\/wordpress\/2020\/08\/25\/cheeseburger-suppe-aus-dem-slowcooker\/\" rel=\"noopener noreferrer\" target=\"_blank\">Cheeseburger-Suppe<\/a><br \/>\n<a href=\"http:\/\/www.fambrenner.de\/Kaffeebohne\/wordpress\/2011\/02\/25\/chili-con-carne-aus-dem-slowcooker\/\" rel=\"noopener noreferrer\" target=\"_blank\">Chili con carne<\/a><br \/>\n<a href=\"http:\/\/www.fambrenner.de\/Kaffeebohne\/wordpress\/2011\/04\/19\/nachgekocht-gulaschsuppe-ungarisch-aus-dem-slowcooker\/\" rel=\"noopener noreferrer\" target=\"_blank\">Gulaschsuppe ungarisch<\/a><br \/>\n<a href=\"http:\/\/www.fambrenner.de\/Kaffeebohne\/wordpress\/2020\/09\/15\/herbstliche-suppe-aus-dem-slowcooker\/\" rel=\"noopener noreferrer\" target=\"_blank\">Herbstliche Suppe<\/a><br \/>\n<strong>-Fleisch\/gem. Hackfleisch<\/strong><br \/>\n<a href=\"http:\/\/www.fambrenner.de\/Kaffeebohne\/wordpress\/2017\/01\/31\/bauerntopf-mit-hack\/\" rel=\"noopener noreferrer\" target=\"_blank\">Bauerntopf mit Hack<\/a><br \/>\n<a href=\"http:\/\/www.fambrenner.de\/Kaffeebohne\/wordpress\/2012\/03\/10\/eintopf-mit-bohnen-und-hackfleisch\/\" rel=\"noopener noreferrer\" target=\"_blank\">Eintopf mit Bohnen und Hackfleisch<\/a><br \/>\n<a href=\"http:\/\/www.fambrenner.de\/Kaffeebohne\/wordpress\/2011\/04\/26\/nachgekocht-paprikatopf-mit-hack\/\" rel=\"noopener noreferrer\" target=\"_blank\">Paprikatopf mit Hack<\/a><br \/>\n<strong>&#8211;Fisch\/Meeresfr\u00fcchte<\/strong><br \/>\n<a href=\"http:\/\/www.fambrenner.de\/Kaffeebohne\/wordpress\/2011\/04\/12\/jambalaya-aus-dem-slowcooker\/\" rel=\"noopener noreferrer\" target=\"_blank\">Jambalaya mit Shrimps<\/a><br \/>\n<a href=\"http:\/\/www.fambrenner.de\/Kaffeebohne\/wordpress\/2012\/01\/07\/lachs-chowder-aus-dem-crockpot\/\" rel=\"noopener noreferrer\" target=\"_blank\">Lachs-Chowder<\/a><\/p>\n<p><strong>andere Gerichte<\/strong><br \/>\n<strong>-vegetarisch<\/strong><br \/>\n<a href=\"http:\/\/www.fambrenner.de\/Kaffeebohne\/wordpress\/2014\/03\/27\/veggie-tag-bohnen-mit-tomatensauce-und-salbei\/\" rel=\"noopener noreferrer\" target=\"_blank\">Bohnen mit Tomatensauce und Salbei<\/a><br \/>\n<a href=\"http:\/\/www.fambrenner.de\/Kaffeebohne\/wordpress\/2012\/09\/13\/veggie-tag-slowcooked-bombay-potatoes\/\" rel=\"noopener noreferrer\" target=\"_blank\">Bombay Potatoes<\/a><br \/>\n<a href=\"http:\/\/www.fambrenner.de\/Kaffeebohne\/wordpress\/2014\/01\/23\/veggie-tag-curry-vegetarisch-mit-kartoffeln-und-aubergine\/\" rel=\"noopener noreferrer\" target=\"_blank\">Curry vegetarisch mit Kartoffeln und Aubergine<\/a><br \/>\n<a href=\"http:\/\/www.fambrenner.de\/Kaffeebohne\/wordpress\/2015\/02\/14\/erbsen-und-kartoffeln-in-roter-curry-sauce\/\" rel=\"noopener noreferrer\" target=\"_blank\">Erbsen und Kartoffeln in roter Curry-Sauce<\/a><br \/>\n<a href=\"http:\/\/www.fambrenner.de\/Kaffeebohne\/wordpress\/2015\/11\/26\/veggie-tag-gemusebolognese-aus-dem-slowcooker\/\" rel=\"noopener noreferrer\" target=\"_blank\">Gem\u00fcsebolognese<\/a><br \/>\n<a href=\"http:\/\/www.fambrenner.de\/Kaffeebohne\/wordpress\/2012\/12\/27\/veggie-tag-kartoffel-blumenkohl-kichererbsen-curry\/\" rel=\"noopener noreferrer\" target=\"_blank\">Kartoffel-Blumenkohl-Kichererbsen-Curry<\/a><br \/>\n<a href=\"http:\/\/www.fambrenner.de\/Kaffeebohne\/wordpress\/2020\/09\/29\/kichererbsen-spanischer-art-aus-dem-slowcooker\/\" rel=\"noopener noreferrer\" target=\"_blank\">Kichererbsen spanischer Art<\/a><br \/>\n<a href=\"http:\/\/www.fambrenner.de\/Kaffeebohne\/wordpress\/2013\/12\/05\/veggie-tag-ratatouillie-aus-dem-slowcooker\/\" rel=\"noopener noreferrer\" target=\"_blank\">Ratatouille <\/a><br \/>\n<a href=\"http:\/\/www.fambrenner.de\/Kaffeebohne\/wordpress\/2019\/10\/19\/wuerzige-tomatensauce-mit-gemuese\/\" rel=\"noopener noreferrer\" target=\"_blank\">W\u00fcrzige Tomatensauce mit Gem\u00fcse<\/a><br \/>\n<strong>-Fleisch\/Huhn<\/strong><br \/>\n<a href=\"http:\/\/www.fambrenner.de\/Kaffeebohne\/wordpress\/2018\/01\/14\/slow-cooker-cashew-huhn\/\" rel=\"noopener noreferrer\" target=\"_blank\">Cashew-Huhn<\/a><br \/>\n<a href=\"http:\/\/www.fambrenner.de\/Kaffeebohne\/wordpress\/2012\/03\/03\/nachgekocht-chicken-tikka-marsala-aus-dem-crockpot\/\" rel=\"noopener noreferrer\" target=\"_blank\">Chicken-Tikka-Masala<\/a><br \/>\n<a href=\"http:\/\/www.fambrenner.de\/Kaffeebohne\/wordpress\/2016\/04\/09\/einfaches-chicken-tikka-masala-crockpot\/\" rel=\"noopener noreferrer\" target=\"_blank\">Einfaches Chicken-Tikka-Masala<\/a><br \/>\n<a href=\"https:\/\/www.fambrenner.de\/Kaffeebohne\/wordpress\/2021\/10\/26\/haehnchenschenkel-aus-dem-slowcooker\/\" rel=\"noopener\" target=\"_blank\">H\u00e4hnchenschenkel aus dem Slowcooker<\/a><br \/>\n<a href=\"http:\/\/www.fambrenner.de\/Kaffeebohne\/wordpress\/2018\/02\/11\/huhnchen-mit-mandeln-und-rotem-curry-aus-dem-slowcooker\/\" rel=\"noopener noreferrer\" target=\"_blank\">H\u00fchnchen mit Mandeln und rotem Curry<\/a><br \/>\n<a href=\"http:\/\/www.fambrenner.de\/Kaffeebohne\/wordpress\/2015\/02\/21\/nachgekocht-indisches-butter-chicken\/\" rel=\"noopener noreferrer\" target=\"_blank\">Indisches Butterchicken<\/a><br \/>\n<a href=\"https:\/\/www.fambrenner.de\/Kaffeebohne\/wordpress\/2020\/02\/08\/pulled-chicken-sandwich\/\" rel=\"noopener noreferrer\" target=\"_blank\">Pulled Chicken Sandwich<\/a><br \/>\n<strong>-Fleisch\/Lamm<\/strong><br \/>\n<a href=\"http:\/\/www.fambrenner.de\/Kaffeebohne\/wordpress\/2016\/12\/04\/indisches-lammcurry-rogan-josh-aus-dem-slowcooker\/\" rel=\"noopener noreferrer\" target=\"_blank\">Indisches Lammcurry Rogan Josh<\/a><br \/>\n<a href=\"http:\/\/www.fambrenner.de\/Kaffeebohne\/wordpress\/2012\/02\/11\/slow-cooker-irish-stew\/\" rel=\"noopener noreferrer\" target=\"_blank\">Irish Stew<\/a><br \/>\n<a href=\"http:\/\/www.fambrenner.de\/Kaffeebohne\/wordpress\/2017\/10\/21\/khoresche-bademjan\/\" rel=\"noopener noreferrer\" target=\"_blank\">Khoresche Bademjan<\/a><br \/>\n<a href=\"http:\/\/www.fambrenner.de\/Kaffeebohne\/wordpress\/2016\/11\/26\/lammragout-mit-kichererbsen\/\" rel=\"noopener noreferrer\" target=\"_blank\">Lammragout mit Kichererbsen<\/a><br \/>\n<strong>-Fleisch\/Schwein<\/strong><br \/>\n<a href=\"http:\/\/www.fambrenner.de\/Kaffeebohne\/wordpress\/2012\/01\/28\/nachgekocht-puerco-y-papas-al-pasilla\/\" rel=\"noopener noreferrer\" target=\"_blank\">Mexikanisches Schweinefleisch-Chili<\/a><br \/>\n<a href=\"http:\/\/www.fambrenner.de\/Kaffeebohne\/wordpress\/2017\/02\/26\/reloaded-pikanter-schweinebraten-aus-dem-crockpot\/\" rel=\"noopener noreferrer\" target=\"_blank\">Pikanter Schweinebraten<\/a><br \/>\n<strong>-Fleisch\/Rind<\/strong><br \/>\n<a href=\"http:\/\/www.fambrenner.de\/Kaffeebohne\/wordpress\/2012\/03\/24\/nachgekocht-il-ragu-napoletano-aus-dem-crockpot\/\" rel=\"noopener noreferrer\" target=\"_blank\">Ragu Napoletano<\/a><br \/>\n<a href=\"http:\/\/www.fambrenner.de\/Kaffeebohne\/wordpress\/2012\/06\/05\/nachgekocht-rindfleisch-curryreis-japanische-art\/\" rel=\"noopener noreferrer\" target=\"_blank\">Rindfleisch-Curryreis japanische Art<\/a><br \/>\n<a href=\"http:\/\/www.fambrenner.de\/Kaffeebohne\/wordpress\/2015\/12\/22\/schmorfleisch-aus-dem-slowcooker\/\" rel=\"noopener noreferrer\" target=\"_blank\">Schmorfleisch<\/a><br \/>\n<a href=\"http:\/\/www.fambrenner.de\/Kaffeebohne\/wordpress\/2017\/02\/12\/shredded-beef-for-tacos\/\" rel=\"noopener noreferrer\" target=\"_blank\">Shredded Beef f\u00fcr Tacos<\/a><br \/>\n<a href=\"http:\/\/www.fambrenner.de\/Kaffeebohne\/wordpress\/2015\/12\/06\/ungarisches-gulasch-aus-dem-crockpot\/\" rel=\"noopener noreferrer\" target=\"_blank\">Ungarisches Gulasch<\/a><br \/>\n<strong>-Fleisch\/gem. Hackfleisch<\/strong><br \/>\n<a href=\"http:\/\/www.fambrenner.de\/Kaffeebohne\/wordpress\/2011\/03\/05\/nachgekocht-gefullte-paprika-aus-dem-crockpot\/\" rel=\"noopener noreferrer\" target=\"_blank\">Gef\u00fcllte Paprika <\/a><br \/>\n<a href=\"http:\/\/www.fambrenner.de\/Kaffeebohne\/wordpress\/2018\/11\/24\/gefuellte-paprika-mit-ohne-schote-aus-dem-slowcooker\/\" rel=\"noopener noreferrer\" target=\"_blank\">Gef\u00fcllte Paprika mit und ohne Schote<\/a><br \/>\n<a href=\"http:\/\/www.fambrenner.de\/Kaffeebohne\/wordpress\/2015\/03\/01\/nachgekocht-hackballchen-toskana\/\" rel=\"noopener noreferrer\" target=\"_blank\">Hackb\u00e4llchen Toskana<\/a><br \/>\n<a href=\"http:\/\/www.fambrenner.de\/Kaffeebohne\/wordpress\/2011\/03\/01\/herzhafte-fleischballchen-aus-dem-slowcooker\/\" rel=\"noopener noreferrer\" target=\"_blank\">Herzhafte Fleischb\u00e4llchen<\/a><br \/>\n<a href=\"http:\/\/www.fambrenner.de\/Kaffeebohne\/wordpress\/2019\/01\/05\/hirtenmakkaroni-aus-dem-slowcooker\/\" rel=\"noopener noreferrer\" target=\"_blank\">Hirtenmakkaroni<\/a><br \/>\n<a href=\"http:\/\/www.fambrenner.de\/Kaffeebohne\/wordpress\/2011\/10\/04\/nachgekocht-ragu-alla-bolognese-crockpot\/\" rel=\"noopener noreferrer\" target=\"_blank\">Rag\u00f9 alla Bolognese<\/a><br \/>\n<a href=\"http:\/\/www.fambrenner.de\/Kaffeebohne\/wordpress\/2017\/02\/18\/schwedische-hackballchen-aus-dem-crockpot\/\" rel=\"noopener noreferrer\" target=\"_blank\">Schwedische Hackb\u00e4llchen<\/a><\/p>\n<p>Stand: 31.12.2025<\/p>\n","protected":false},"excerpt":{"rendered":"<p>Suppen\/Eint\u00f6pfe -vegetarisch Baked Potatoe Suppe Cremige Tomatensuppe Erbsensuppe Fr\u00fchlingsgem\u00fcsesuppe Gem\u00fcseeintopf mit Kichererbsen Gem\u00fcsesuppe Goldene Maissuppe Graupensuppe mit Pilzen Herbstliche Suppe Indischer Kichererbsen-Quinoa-Eintopf Italienische Linsensuppe Kartoffelcurry Kaschmir Kartoffelgulasch Linsen-Karotten-S\u00fcppchen Linsensuppe Persien Mais-Karotten-Chowder Mais-Kartoffelsuppe Marokkanische S\u00fc\u00dfkartoffel-Suppe no hurry vegetable curry Orientalische K\u00fcrbis-Paprika-Suppe Pasta e fagioli Pilz-Gem\u00fcse-Korma Serbische Bohnensuppe Shorba Ads &#8211; \u00c4gyptische Heilsuppe Slowcooker Chili mit dreierlei &hellip; <\/p>\n<p class=\"link-more\"><a href=\"https:\/\/www.fambrenner.de\/Kaffeebohne\/wordpress\/rezepte-slowcooker\/\" class=\"more-link\"><span class=\"screen-reader-text\">\u201eRezepte: Slowcooker\u201c<\/span> weiterlesen<\/a><\/p>\n","protected":false},"author":1,"featured_media":0,"parent":0,"menu_order":0,"comment_status":"closed","ping_status":"closed","template":"","meta":{"footnotes":""},"jetpack_sharing_enabled":true,"_links":{"self":[{"href":"https:\/\/www.fambrenner.de\/Kaffeebohne\/wordpress\/wp-json\/wp\/v2\/pages\/9802"}],"collection":[{"href":"https:\/\/www.fambrenner.de\/Kaffeebohne\/wordpress\/wp-json\/wp\/v2\/pages"}],"about":[{"href":"https:\/\/www.fambrenner.de\/Kaffeebohne\/wordpress\/wp-json\/wp\/v2\/types\/page"}],"author":[{"embeddable":true,"href":"https:\/\/www.fambrenner.de\/Kaffeebohne\/wordpress\/wp-json\/wp\/v2\/users\/1"}],"replies":[{"embeddable":true,"href":"https:\/\/www.fambrenner.de\/Kaffeebohne\/wordpress\/wp-json\/wp\/v2\/comments?post=9802"}],"version-history":[{"count":32,"href":"https:\/\/www.fambrenner.de\/Kaffeebohne\/wordpress\/wp-json\/wp\/v2\/pages\/9802\/revisions"}],"predecessor-version":[{"id":13202,"href":"https:\/\/www.fambrenner.de\/Kaffeebohne\/wordpress\/wp-json\/wp\/v2\/pages\/9802\/revisions\/13202"}],"wp:attachment":[{"href":"https:\/\/www.fambrenner.de\/Kaffeebohne\/wordpress\/wp-json\/wp\/v2\/media?parent=9802"}],"curies":[{"name":"wp","href":"https:\/\/api.w.org\/{rel}","templated":true}]}}