{"id":9771,"date":"2019-10-23T15:59:51","date_gmt":"2019-10-23T13:59:51","guid":{"rendered":"http:\/\/www.fambrenner.de\/Kaffeebohne\/wordpress\/?page_id=9771"},"modified":"2019-10-23T16:01:42","modified_gmt":"2019-10-23T14:01:42","slug":"rezepte-2018","status":"publish","type":"page","link":"https:\/\/www.fambrenner.de\/Kaffeebohne\/wordpress\/rezepte-2018\/","title":{"rendered":"Rezepte 2018"},"content":{"rendered":"<p><strong>Dezember<\/strong><br \/>\n<a href=\"http:\/\/www.fambrenner.de\/Kaffeebohne\/wordpress\/2018\/12\/11\/curry-kokos-suppe\/\" rel=\"noopener noreferrer\" target=\"_blank\">Curry-Kokos-Suppe<\/a><br \/>\n<a href=\"http:\/\/www.fambrenner.de\/Kaffeebohne\/wordpress\/2018\/12\/13\/veggie-tag-gnocchi-mit-geschmolzenen-tomaten\/\" rel=\"noopener noreferrer\" target=\"_blank\">Gnocchi mit geschmolzenen Tomaten<\/a><\/p>\n<p><strong>November<\/strong><br \/>\n<a href=\"http:\/\/www.fambrenner.de\/Kaffeebohne\/wordpress\/2018\/11\/20\/gelbes-rindfleischcurry\/\" rel=\"noopener noreferrer\" target=\"_blank\">Gelbes Rindfleischcurry<\/a><br \/>\n<a href=\"http:\/\/www.fambrenner.de\/Kaffeebohne\/wordpress\/2018\/11\/22\/veggie-tag-jamie-olivers-zucchini-risotto\/\" rel=\"noopener noreferrer\" target=\"_blank\">Jamie Olivers Zucchini Risotto<\/a><br \/>\n<a href=\"http:\/\/www.fambrenner.de\/Kaffeebohne\/wordpress\/2018\/11\/24\/gefuellte-paprika-mit-ohne-schote-aus-dem-slowcooker\/\" rel=\"noopener noreferrer\" target=\"_blank\">Gef\u00fcllte Paprika mit und ohne Schote (aus dem Slowcooker)<\/a><\/p>\n<p><strong>Oktober<\/strong><br \/>\n<a href=\"http:\/\/www.fambrenner.de\/Kaffeebohne\/wordpress\/2018\/10\/02\/ramen-nudeln-mit-hackbaellchen\/\" rel=\"noopener noreferrer\" target=\"_blank\">Ramen-Nudeln mit Hackb\u00e4llchen<\/a><br \/>\n<a href=\"http:\/\/www.fambrenner.de\/Kaffeebohne\/wordpress\/2018\/10\/18\/veggie-tag-zwiebel-tarte\/\" rel=\"noopener noreferrer\" target=\"_blank\">Zwiebel-Tarte<\/a><br \/>\n<a href=\"http:\/\/www.fambrenner.de\/Kaffeebohne\/wordpress\/2018\/10\/21\/kuerbis-hack-auflauf\/\" rel=\"noopener noreferrer\" target=\"_blank\">K\u00fcrbis-Hack-Auflauf<\/a><br \/>\n<a href=\"http:\/\/www.fambrenner.de\/Kaffeebohne\/wordpress\/2018\/10\/23\/kichererbseneintopf-et\/\" rel=\"noopener noreferrer\" target=\"_blank\">Kichererbseneintopf (e&#038;t)<\/a><\/p>\n<p><strong>Auguste<\/strong><br \/>\n<a href=\"http:\/\/www.fambrenner.de\/Kaffeebohne\/wordpress\/2018\/08\/16\/veggie-tag-bunte-gemuese-reis-pfanne-mit-joghurtsosse\/\" rel=\"noopener noreferrer\" target=\"_blank\">Bunte Gem\u00fcse-Reis-Pfanne mit Joghurtso\u00dfe<\/a><\/p>\n<p><strong>Juli<\/strong><br \/>\n<a href=\"http:\/\/www.fambrenner.de\/Kaffeebohne\/wordpress\/2018\/07\/15\/mandarinen-joghurt-muffins\/\" rel=\"noopener noreferrer\" target=\"_blank\">Mandarinen-Joghurt-Muffins<\/a><br \/>\n<a href=\"http:\/\/www.fambrenner.de\/Kaffeebohne\/wordpress\/2018\/07\/19\/veggie-tag-one-pot-pasta-mit-spinat-und-champignons\/\" rel=\"noopener noreferrer\" target=\"_blank\">One-Pot-Pasta mit Spinat und Champignons<\/a><\/p>\n<p><strong>April<\/strong><br \/>\n<a href=\"http:\/\/www.fambrenner.de\/Kaffeebohne\/wordpress\/2018\/04\/05\/veggie-tag-gemuse-pesto-pasta\/\" rel=\"noopener noreferrer\" target=\"_blank\">Gem\u00fcse-Pesto-Pasta<\/a><br \/>\n<a href=\"http:\/\/www.fambrenner.de\/Kaffeebohne\/wordpress\/2018\/04\/12\/veggie-tag-uberbackene-polenta\/\" rel=\"noopener noreferrer\" target=\"_blank\">\u00dcberbackene Polenta<\/a><br \/>\n<a href=\"http:\/\/www.fambrenner.de\/Kaffeebohne\/wordpress\/2018\/04\/14\/kastenkuchen-mit-mohn-und-kirschen\/\" rel=\"noopener noreferrer\" target=\"_blank\">Kastenkuchen mit Mohn und Kirschen<\/a><br \/>\n<a href=\"http:\/\/www.fambrenner.de\/Kaffeebohne\/wordpress\/2018\/04\/17\/marokkanische-suskartoffelsuppe\/\" rel=\"noopener noreferrer\" target=\"_blank\">Marrokanische S\u00fc\u00dfkartoffelsuppe<\/a><\/p>\n<p><strong>M\u00e4rz<\/strong><br \/>\n<a href=\"http:\/\/www.fambrenner.de\/Kaffeebohne\/wordpress\/2018\/03\/01\/veggie-tag-aloo-gobi\/\" rel=\"noopener noreferrer\" target=\"_blank\">Aloo Gobi<\/a><br \/>\n<a href=\"http:\/\/www.fambrenner.de\/Kaffeebohne\/wordpress\/2018\/03\/03\/familienkuche-broccoli-kartoffel-kase-auflauf\/\" rel=\"noopener noreferrer\" target=\"_blank\">Broccoli-Kartoffel-K\u00e4se-Auflauf<\/a><br \/>\n<a href=\"http:\/\/www.fambrenner.de\/Kaffeebohne\/wordpress\/2018\/03\/06\/orientalische-mohrensuppe\/\" rel=\"noopener noreferrer\" target=\"_blank\">Orientalischen M\u00f6hrensuppe<\/a><br \/>\n<a href=\"http:\/\/www.fambrenner.de\/Kaffeebohne\/wordpress\/2018\/03\/13\/ramen-nudelsuppe-mit-garnelen\/\" rel=\"noopener noreferrer\" target=\"_blank\">Ramen-Nudelsuppe mit Garnelen<\/a><br \/>\n<a href=\"http:\/\/www.fambrenner.de\/Kaffeebohne\/wordpress\/2018\/03\/16\/mohn-orangen-kuchen\/\" rel=\"noopener noreferrer\" target=\"_blank\">Mohn-Orangen-Kuchen<\/a><br \/>\n<a href=\"http:\/\/www.fambrenner.de\/Kaffeebohne\/wordpress\/2018\/03\/18\/rancho-canario-slowcooker\/\" rel=\"noopener noreferrer\" target=\"_blank\">Rancho Canario (Slowcooker)<\/a><\/p>\n<p><strong>Februar<\/strong><br \/>\n<a href=\"http:\/\/www.fambrenner.de\/Kaffeebohne\/wordpress\/2018\/02\/01\/veggie-tag-blumenkohl-pasta-aglio-e-olio\/\" rel=\"noopener noreferrer\" target=\"_blank\">Blumenkohl-Pasta alio e olio<\/a><br \/>\n<a href=\"http:\/\/www.fambrenner.de\/Kaffeebohne\/wordpress\/2018\/02\/11\/huhnchen-mit-mandeln-und-rotem-curry-aus-dem-slowcooker\/\" rel=\"noopener noreferrer\" target=\"_blank\">H\u00fchnchen mit Mandeln und rotem Curry aus dem Slowcooker<\/a><br \/>\n<a href=\"http:\/\/www.fambrenner.de\/Kaffeebohne\/wordpress\/2018\/02\/15\/veggie-tag-zitronen-pfeffer-polenta\/\" rel=\"noopener noreferrer\" target=\"_blank\">Zitronen-Pfeffer-Polenta<\/a><br \/>\n<a href=\"http:\/\/www.fambrenner.de\/Kaffeebohne\/wordpress\/2018\/02\/20\/schnelle-huhnersuppe\/\" rel=\"noopener noreferrer\" target=\"_blank\">Schnelle H\u00fchnersuppe<\/a><br \/>\n<a href=\"http:\/\/www.fambrenner.de\/Kaffeebohne\/wordpress\/2018\/02\/22\/veggie-tag-einfache-erdnuss-nudeln\/\" rel=\"noopener noreferrer\" target=\"_blank\">Einfache Erdnuss-Nudeln<\/a><\/p>\n<p><strong>Januar<\/strong><br \/>\n<a href=\"http:\/\/www.fambrenner.de\/Kaffeebohne\/wordpress\/2018\/01\/13\/walnuss-brownies-et\/\" rel=\"noopener noreferrer\" target=\"_blank\">Walnuss-Brownies<\/a><br \/>\n<a href=\"http:\/\/www.fambrenner.de\/Kaffeebohne\/wordpress\/2018\/01\/14\/slow-cooker-cashew-huhn\/\" rel=\"noopener noreferrer\" target=\"_blank\">Slow Cooker Cashew Huhn<\/a><br \/>\n<a href=\"http:\/\/www.fambrenner.de\/Kaffeebohne\/wordpress\/2018\/01\/23\/rote-linsen-kokos-suppe\/\" rel=\"noopener noreferrer\" target=\"_blank\">Rote Linsen-Kokos-Suppe<\/a><\/p>\n","protected":false},"excerpt":{"rendered":"<p>Dezember Curry-Kokos-Suppe Gnocchi mit geschmolzenen Tomaten November Gelbes Rindfleischcurry Jamie Olivers Zucchini Risotto Gef\u00fcllte Paprika mit und ohne Schote (aus dem Slowcooker) Oktober Ramen-Nudeln mit Hackb\u00e4llchen Zwiebel-Tarte K\u00fcrbis-Hack-Auflauf Kichererbseneintopf (e&#038;t) Auguste Bunte Gem\u00fcse-Reis-Pfanne mit Joghurtso\u00dfe Juli Mandarinen-Joghurt-Muffins One-Pot-Pasta mit Spinat und Champignons April Gem\u00fcse-Pesto-Pasta \u00dcberbackene Polenta Kastenkuchen mit Mohn und Kirschen Marrokanische S\u00fc\u00dfkartoffelsuppe M\u00e4rz Aloo &hellip; <\/p>\n<p class=\"link-more\"><a href=\"https:\/\/www.fambrenner.de\/Kaffeebohne\/wordpress\/rezepte-2018\/\" class=\"more-link\"><span class=\"screen-reader-text\">\u201eRezepte 2018\u201c<\/span> weiterlesen<\/a><\/p>\n","protected":false},"author":1,"featured_media":0,"parent":0,"menu_order":0,"comment_status":"closed","ping_status":"closed","template":"","meta":{"footnotes":""},"jetpack_sharing_enabled":true,"_links":{"self":[{"href":"https:\/\/www.fambrenner.de\/Kaffeebohne\/wordpress\/wp-json\/wp\/v2\/pages\/9771"}],"collection":[{"href":"https:\/\/www.fambrenner.de\/Kaffeebohne\/wordpress\/wp-json\/wp\/v2\/pages"}],"about":[{"href":"https:\/\/www.fambrenner.de\/Kaffeebohne\/wordpress\/wp-json\/wp\/v2\/types\/page"}],"author":[{"embeddable":true,"href":"https:\/\/www.fambrenner.de\/Kaffeebohne\/wordpress\/wp-json\/wp\/v2\/users\/1"}],"replies":[{"embeddable":true,"href":"https:\/\/www.fambrenner.de\/Kaffeebohne\/wordpress\/wp-json\/wp\/v2\/comments?post=9771"}],"version-history":[{"count":4,"href":"https:\/\/www.fambrenner.de\/Kaffeebohne\/wordpress\/wp-json\/wp\/v2\/pages\/9771\/revisions"}],"predecessor-version":[{"id":9775,"href":"https:\/\/www.fambrenner.de\/Kaffeebohne\/wordpress\/wp-json\/wp\/v2\/pages\/9771\/revisions\/9775"}],"wp:attachment":[{"href":"https:\/\/www.fambrenner.de\/Kaffeebohne\/wordpress\/wp-json\/wp\/v2\/media?parent=9771"}],"curies":[{"name":"wp","href":"https:\/\/api.w.org\/{rel}","templated":true}]}}