{"id":9304,"date":"2018-07-06T22:37:21","date_gmt":"2018-07-06T20:37:21","guid":{"rendered":"http:\/\/www.fambrenner.de\/Kaffeebohne\/wordpress\/?page_id=9304"},"modified":"2018-07-06T22:37:21","modified_gmt":"2018-07-06T20:37:21","slug":"rezepte-2017","status":"publish","type":"page","link":"https:\/\/www.fambrenner.de\/Kaffeebohne\/wordpress\/rezepte-2017\/","title":{"rendered":"Rezepte 2017"},"content":{"rendered":"<p><strong>Dezember<\/strong><br \/>\n<a href=\"http:\/\/www.fambrenner.de\/Kaffeebohne\/wordpress\/2017\/12\/28\/weihnachtsbackerei-2017\/\">Confetti-Cookies<\/a><br \/>\n<a href=\"http:\/\/www.fambrenner.de\/Kaffeebohne\/wordpress\/2017\/12\/28\/weihnachtsbackerei-2017\/\">Pinienkernseufzer<\/a><br \/>\n<a href=\"http:\/\/www.fambrenner.de\/Kaffeebohne\/wordpress\/2017\/12\/14\/veggie-tag-pasta-mit-gerostetem-fenchel-und-zitrone\/\">Pasta mit ger\u00f6stetem Fenchel und Zitrone<\/a><br \/>\n<a href=\"http:\/\/www.fambrenner.de\/Kaffeebohne\/wordpress\/2017\/12\/12\/weihnachts-cantuccini-2\/\">Weihnachts-Cantuccini<\/a><br \/>\n<a href=\"http:\/\/www.fambrenner.de\/Kaffeebohne\/wordpress\/2017\/12\/07\/veggie-tag-broccoli-linsen-pasta\/\">Broccoli-Linsen-Pasta<\/a><br \/>\n<a href=\"http:\/\/www.fambrenner.de\/Kaffeebohne\/wordpress\/2017\/12\/05\/20-minuten-pikante-sriracha-ramen-nudelsuppe\/\">20-Minuten pikante Sriracha-Ramen-Nudelsuppe<\/a><br \/>\n<a href=\"http:\/\/www.fambrenner.de\/Kaffeebohne\/wordpress\/2017\/12\/02\/brokkoli-beef-wok\/\">Brokkoli-Beef-Wok<\/a><\/p>\n<p><strong>November<\/strong><br \/>\n<a href=\"http:\/\/www.fambrenner.de\/Kaffeebohne\/wordpress\/2017\/11\/30\/veggie-tag-vegetarische-ramen-nudeln-aus-dem-wok\/\">Vegetarische Ramen-Nudeln aus dem Wok<\/a><br \/>\n<a href=\"http:\/\/www.fambrenner.de\/Kaffeebohne\/wordpress\/2017\/11\/28\/slow-cooker-thai-huhner-suppe\/\">Slow Cooker Thai H\u00fchner Suppe<\/a><br \/>\n<a href=\"http:\/\/www.fambrenner.de\/Kaffeebohne\/wordpress\/2017\/11\/25\/tag-gewurz-couscous\/\">Gew\u00fcrz-Couscous<\/a><br \/>\n<a href=\"http:\/\/www.fambrenner.de\/Kaffeebohne\/wordpress\/2017\/11\/23\/veggie-tag-schnelle-pasta-mit-getrockneten-tomaten-spinat-und-walnussen\/\">Schnelle Pasta mit getrockneten Tomaten, Spinat und Waln\u00fcssen<\/a><br \/>\n<a href=\"http:\/\/www.fambrenner.de\/Kaffeebohne\/wordpress\/2017\/11\/21\/pizzasuppe\/\">Pizzasuppe<\/a><br \/>\n<a href=\"http:\/\/www.fambrenner.de\/Kaffeebohne\/wordpress\/2017\/11\/18\/krauter-risotto-mit-geraucherter-forelle\/\">Kr\u00e4uter-Risotto mit ger\u00e4ucherter Forelle<\/a><br \/>\n<a href=\"http:\/\/www.fambrenner.de\/Kaffeebohne\/wordpress\/2017\/11\/16\/veggie-tag-kartoffelwaffeln\/\">Kartoffelwaffeln<\/a><br \/>\n<a href=\"http:\/\/www.fambrenner.de\/Kaffeebohne\/wordpress\/2017\/11\/02\/veggie-tag-polenta-salbei-auflauf\/\">Polenta-Salbei-Auflauf<\/a><\/p>\n<p><strong>Oktober<\/strong><br \/>\n<a href=\"http:\/\/www.fambrenner.de\/Kaffeebohne\/wordpress\/2017\/10\/31\/linsensuppe-persien\/\">Linsensuppe Persien<\/a><br \/>\n<a href=\"http:\/\/www.fambrenner.de\/Kaffeebohne\/wordpress\/2017\/10\/28\/deftiges-spitzkohlgratin-mit-cabanossi-und-kartoffeln\/\">Deftiges Spitzkohlgratin mit Cabanossi und Kartoffeln<\/a><br \/>\n<a href=\"http:\/\/www.fambrenner.de\/Kaffeebohne\/wordpress\/2017\/10\/26\/veggie-tag-nudelauflauf-mit-weisen-bohnen\/\">Nudelauflauf mit wei\u00dfen Bohnen<\/a><br \/>\n<a href=\"http:\/\/www.fambrenner.de\/Kaffeebohne\/wordpress\/2017\/10\/21\/khoresche-bademjan\/\">Khoresche Bademjan<\/a><br \/>\n<a href=\"http:\/\/www.fambrenner.de\/Kaffeebohne\/wordpress\/2017\/10\/19\/veggie-tag-tomaten-quiche-mit-oliven\/\">Tomaten-Quiche mit Oliven<\/a><br \/>\n<a href=\"http:\/\/www.fambrenner.de\/Kaffeebohne\/wordpress\/2017\/10\/17\/graupensuppe-mit-pilzen\/\">Graupensuppe mit Pilzen<\/a><\/p>\n<p><strong>September<\/strong><br \/>\n<a href=\"http:\/\/www.fambrenner.de\/Kaffeebohne\/wordpress\/2017\/09\/30\/hirtenmakkaroni\/\">Hirtenmakkaroni<\/a><br \/>\n<a href=\"http:\/\/www.fambrenner.de\/Kaffeebohne\/wordpress\/2017\/09\/28\/veggie-tag-bohnen-tomaten-gemuse\/\">Bohnen-Tomaten-Gem\u00fcse<\/a><br \/>\n<a href=\"http:\/\/www.fambrenner.de\/Kaffeebohne\/wordpress\/2017\/09\/26\/westfalische-erbsensuppe-aus-dem-slowcooker\/\">Westf\u00e4lische Erbsensuppe aus dem Slowcooker<\/a><br \/>\n<a href=\"http:\/\/www.fambrenner.de\/Kaffeebohne\/wordpress\/2017\/09\/16\/couscous-hack-pfanne\/\">Couscous-Hack-Pfanne<\/a><br \/>\n<a href=\"http:\/\/www.fambrenner.de\/Kaffeebohne\/wordpress\/2017\/09\/14\/veggie-tag-spinat-bulgur-gemuse\/\">Spinat-Bulgur-Gem\u00fcse<\/a><br \/>\n<a href=\"http:\/\/www.fambrenner.de\/Kaffeebohne\/wordpress\/2017\/09\/12\/zucchini-erdnusscremesuppe\/\">Zucchini-Erdnusscremesuppe<\/a><br \/>\n<a href=\"http:\/\/www.fambrenner.de\/Kaffeebohne\/wordpress\/2017\/09\/09\/asiatische-glasnudel-bowl-mit-lachs-und-sesam\/\">Asiatische Glasnudel-Bowl mit Lachs und Sesam<\/a><br \/>\n<a href=\"http:\/\/www.fambrenner.de\/Kaffeebohne\/wordpress\/2017\/09\/07\/veggie-tag-petersilien-zitronen-pesto\/\">Petersilien-Zitronen-Pesto<\/a><\/p>\n<p><strong>August<\/strong><br \/>\n<a href=\"http:\/\/www.fambrenner.de\/Kaffeebohne\/wordpress\/2017\/08\/26\/cremiger-huhnchen-brokkoli-nudel-auflauf\/\">Cremiger H\u00fchnchen-Brokkoli-Nudel-Auflauf<\/a><br \/>\n<a href=\"http:\/\/www.fambrenner.de\/Kaffeebohne\/wordpress\/2017\/08\/24\/veggie-tag-bohnen-tomaten-pasta-i\/\">Bohnen-Tomaten-Pasta <\/a><br \/>\n<a href=\"http:\/\/www.fambrenner.de\/Kaffeebohne\/wordpress\/2017\/08\/22\/aromatische-ayvarsuppe-mit-hackfleisch\/\">Aromatische Ayvarsuppe mit Hackfleisch<\/a><br \/>\n<a href=\"http:\/\/www.fambrenner.de\/Kaffeebohne\/wordpress\/2017\/08\/19\/krebsfleisch-linguine-mit-zucchini\/\">Krebsfleisch-Linguine mit Zucchini<\/a><br \/>\n<a href=\"http:\/\/www.fambrenner.de\/Kaffeebohne\/wordpress\/2017\/08\/17\/veggie-tag-risotto-mit-getrockneten-tomaten\/\">Risotto mit getrockneten Tomaten<\/a><br \/>\n<a href=\"http:\/\/www.fambrenner.de\/Kaffeebohne\/wordpress\/2017\/08\/15\/zucchinisuppe-et\/\">Zucchinisuppe<\/a><\/p>\n<p><strong>Juli<\/strong><br \/>\n<a href=\"http:\/\/www.fambrenner.de\/Kaffeebohne\/wordpress\/2017\/07\/26\/gruner-gazpacho\/\">Gr\u00fcner Gazpacho<\/a><\/p>\n<p><strong>Juni<\/strong><br \/>\n<a href=\"http:\/\/www.fambrenner.de\/Kaffeebohne\/wordpress\/2017\/06\/29\/veggie-tag-nudeln-mit-kaltem-tomatensugo\/\">Nudeln mit kaltem Tomatensugo<\/a><br \/>\n<a href=\"http:\/\/www.fambrenner.de\/Kaffeebohne\/wordpress\/2017\/06\/20\/lauchcremesuppe-mit-forelle\/\">Lachscremesuppe mit Forelle<\/a><br \/>\n<a href=\"http:\/\/www.fambrenner.de\/Kaffeebohne\/wordpress\/2017\/06\/08\/cremige-tomaten-polenta\/\">Cremige Tomatenpolenta<\/a><br \/>\n<a href=\"http:\/\/www.fambrenner.de\/Kaffeebohne\/wordpress\/2017\/06\/06\/schnelle-kokos-curry-glasnudelsuppe\/\">Schnelle Kokos-Curry-Glasnudelsuppe<\/a><br \/>\n<a href=\"http:\/\/www.fambrenner.de\/Kaffeebohne\/wordpress\/2017\/06\/03\/mohn-quark-erdbeer-torte\/\">Mohn-Quark-Erdbeer-Torte<\/a><\/p>\n<p><strong>Mai<\/strong><br \/>\n<a href=\"http:\/\/www.fambrenner.de\/Kaffeebohne\/wordpress\/2017\/05\/13\/pull-apart-bread-mit-mohn\/\">Pull-Apart Bread mit Mohn<\/a><\/p>\n<p><strong>April<\/strong><br \/>\n<a href=\"http:\/\/www.fambrenner.de\/Kaffeebohne\/wordpress\/2017\/04\/15\/flammkuchen-grundrezept-mit-buttermilch-und-hefe\/\">Flammkuchen (Grundrezept mit Buttermilch und Hefe)<\/a><br \/>\n<a href=\"http:\/\/www.fambrenner.de\/Kaffeebohne\/wordpress\/2017\/04\/11\/erbsen-kerbel-suppe-mit-creme-fraiche\/\">Erbsen-Kerbel-Suppe mit Creme fraiche<\/a><br \/>\n<a href=\"http:\/\/www.fambrenner.de\/Kaffeebohne\/wordpress\/2017\/04\/08\/lauch-risotto-mit-chorizo\/\">Lauch-Risotto mit Chorizo<\/a><br \/>\n<a href=\"http:\/\/www.fambrenner.de\/Kaffeebohne\/wordpress\/2017\/04\/06\/veggie-tag-one-pot-pasta-caprese\/\">One-Pot Pasta Caprese<\/a><br \/>\n<a href=\"http:\/\/www.fambrenner.de\/Kaffeebohne\/wordpress\/2017\/04\/04\/kokossuppe-mit-garnelen\/\">Kokos-Suppe mit Garnelen<\/a><\/p>\n<p><strong>M\u00e4rz<\/strong><br \/>\n<a href=\"http:\/\/www.fambrenner.de\/Kaffeebohne\/wordpress\/2017\/03\/30\/veggie-tag-pasta-mit-ofengemuse-tomatensauce\/\">Pasta mit Ofengem\u00fcse-Tomatensauce<\/a><br \/>\n<a href=\"http:\/\/www.fambrenner.de\/Kaffeebohne\/wordpress\/2017\/03\/28\/graupenrahmsuppe\/\">Graupenrahmsuppe<\/a><br \/>\n<a href=\"http:\/\/www.fambrenner.de\/Kaffeebohne\/wordpress\/2017\/03\/25\/in-harissa-gebackene-bohnen-mit-ei-chorizo-und-feta\/\">In Harissa gebackene Bohnen mit Ei, Chorizo und Feta<\/a><br \/>\n<a href=\"http:\/\/www.fambrenner.de\/Kaffeebohne\/wordpress\/2017\/03\/23\/veggie-tag-one-pot-pasta-mit-getrockneten-tomaten-und-spinat\/\">One-Pot Pasta mit getrockneten Tomaten und Spinat<\/a><br \/>\n<a href=\"http:\/\/www.fambrenner.de\/Kaffeebohne\/wordpress\/2017\/03\/19\/rosinenschnecken\/\">Rosinenschnecken<\/a><br \/>\n<a href=\"http:\/\/www.fambrenner.de\/Kaffeebohne\/wordpress\/2017\/03\/16\/veggie-tag-shakshuka\/\">Shakshuka<\/a><br \/>\n<a href=\"http:\/\/www.fambrenner.de\/Kaffeebohne\/wordpress\/2017\/03\/14\/white-chili-weises-chili\/\">White Chili &#8211; wei\u00dfes Chili<\/a><br \/>\n<a href=\"http:\/\/www.fambrenner.de\/Kaffeebohne\/wordpress\/2017\/03\/12\/hahnchen-tomaten-pasta\/\">H\u00e4hnchen-Tomaten-Pasta<\/a><br \/>\n<a href=\"http:\/\/www.fambrenner.de\/Kaffeebohne\/wordpress\/2017\/03\/09\/veggie-tag-blumenkohl-couscous\/\">Blumenkohl-Couscous<\/a><br \/>\n<a href=\"http:\/\/www.fambrenner.de\/Kaffeebohne\/wordpress\/2017\/03\/07\/goldene-linsen-graupen-suppe\/\">Goldene Graupen-Linsen-Suppe<\/a><br \/>\n<a href=\"http:\/\/www.fambrenner.de\/Kaffeebohne\/wordpress\/2017\/03\/04\/kokos-muffins\/\">Kokos-Muffins<\/a><br \/>\n<a href=\"http:\/\/www.fambrenner.de\/Kaffeebohne\/wordpress\/2017\/03\/02\/veggie-tag-kichererbsen-couscous\/\">Kichererbsen-Couscous<\/a><\/p>\n<p><strong>Februar<\/strong><br \/>\n<a href=\"http:\/\/www.fambrenner.de\/Kaffeebohne\/wordpress\/2017\/02\/28\/goldene-kokos-linsen-suppe\/\">Goldene Kokos-Linsen-Suppe<\/a><br \/>\n<a href=\"http:\/\/www.fambrenner.de\/Kaffeebohne\/wordpress\/2017\/02\/26\/reloaded-pikanter-schweinebraten-aus-dem-crockpot\/\">Pikanter Schweinebraten aus dem Crockpot<\/a><br \/>\n<a href=\"http:\/\/www.fambrenner.de\/Kaffeebohne\/wordpress\/2017\/02\/23\/veggie-tag-gemuse-risotto\/\">Gem\u00fcse Risotto<\/a><br \/>\n<a href=\"http:\/\/www.fambrenner.de\/Kaffeebohne\/wordpress\/2017\/02\/21\/einfache-thai-garnelen-suppe\/\">Einfache Thai-Garnelen-Suppe<\/a><br \/>\n<a href=\"http:\/\/www.fambrenner.de\/Kaffeebohne\/wordpress\/2017\/02\/18\/schwedische-hackballchen-aus-dem-crockpot\/\">Schwedische Hackb\u00e4llchen aus dem Crockpot<\/a><br \/>\n<a href=\"http:\/\/www.fambrenner.de\/Kaffeebohne\/wordpress\/2017\/02\/14\/suskartoffelsuppe-mit-kokosmilch\/\">S\u00fc\u00dfkartoffelsuppe (mit Kokosmilch)<\/a><br \/>\n<a href=\"http:\/\/www.fambrenner.de\/Kaffeebohne\/wordpress\/2017\/02\/12\/shredded-beef-for-tacos\/\">Shredded Beef for Tacos<\/a><br \/>\n<a href=\"http:\/\/www.fambrenner.de\/Kaffeebohne\/wordpress\/2017\/02\/09\/veggie-tag-pasta-mit-gerostetem-blumenkohl-und-tomaten-pesto\/\">Pasta mit ger\u00f6stetem Blumenkohl und Tomaten-Pesto<\/a><br \/>\n<a href=\"http:\/\/www.fambrenner.de\/Kaffeebohne\/wordpress\/2017\/02\/05\/kartoffel-linsen-puree\/\">Kartoffel-Linsen-P\u00fcree<\/a><br \/>\n<a href=\"http:\/\/www.fambrenner.de\/Kaffeebohne\/wordpress\/2017\/02\/02\/veggie-tag-tomaten-fenchel-pasta\/\">Tomaten-Fenchel-Pasta<\/a><\/p>\n<p><strong>Januar <\/strong><br \/>\n<a href=\"http:\/\/www.fambrenner.de\/Kaffeebohne\/wordpress\/2017\/01\/31\/bauerntopf-mit-hack\/\">Bauerntopf mit Hack<\/a><br \/>\n<a href=\"http:\/\/www.fambrenner.de\/Kaffeebohne\/wordpress\/2017\/01\/28\/spatzle-mit-sauerkraut\/\">Sp\u00e4tzle mit Sauerkraut<\/a><br \/>\n<a href=\"http:\/\/www.fambrenner.de\/Kaffeebohne\/wordpress\/2017\/01\/26\/veggie-tag-gerosteter-blumenkohl-mit-mandeln-koriander-und-kreuzkummel\/\">ger\u00f6steter Blumenkohl mit Mandeln, Koriander und Kreuzk\u00fcmmel<\/a><br \/>\n<a href=\"http:\/\/www.fambrenner.de\/Kaffeebohne\/wordpress\/2017\/01\/24\/nudelsuppe-viva\/\">Nudelsuppe<\/a><br \/>\n<a href=\"http:\/\/www.fambrenner.de\/Kaffeebohne\/wordpress\/2017\/01\/21\/suskartoffel-frittata\/\">S\u00fc\u00dfkartoffel-Frittata<\/a><br \/>\n<a href=\"http:\/\/www.fambrenner.de\/Kaffeebohne\/wordpress\/2017\/01\/19\/veggie-tag-blumenkohl-pasta-et\/\">Blumenkohl-Pasta<\/a><br \/>\n<a href=\"http:\/\/www.fambrenner.de\/Kaffeebohne\/wordpress\/2017\/01\/17\/mohren-linsen-suppe\/\">M\u00f6hren-Linsen-Suppe<\/a><br \/>\n<a href=\"http:\/\/www.fambrenner.de\/Kaffeebohne\/wordpress\/2017\/01\/15\/spaghetti-mit-tomaten-spinat-und-huhnchen\/\">Spaghetti mit Tomaten, Spinat und H\u00fchnchen<\/a><br \/>\n<a href=\"http:\/\/www.fambrenner.de\/Kaffeebohne\/wordpress\/2017\/01\/12\/veggie-tag-feiner-erbsen-risotto\/\">Feiner Erbsen-Risotto<\/a><br \/>\n<a href=\"http:\/\/www.fambrenner.de\/Kaffeebohne\/wordpress\/2017\/01\/10\/rote-minestrone\/\">Rote Minestrone<\/a><br \/>\n<a href=\"http:\/\/www.fambrenner.de\/Kaffeebohne\/wordpress\/2017\/01\/08\/beef-stew-aus-dem-slowcooker\/\">Beef-Stew aus dem Slowcooker<\/a><br \/>\n<a href=\"http:\/\/www.fambrenner.de\/Kaffeebohne\/wordpress\/2017\/01\/05\/veggie-tag-linguine-mit-zitrone-und-walnussen\/\">Linguine mit Zitrone und Waln\u00fcssen<\/a><br \/>\n<a href=\"http:\/\/www.fambrenner.de\/Kaffeebohne\/wordpress\/2017\/01\/03\/minestrone-mit-reis-orecchette\/\">Minestrone mit Orecchete<\/a><\/p>\n","protected":false},"excerpt":{"rendered":"<p>Dezember Confetti-Cookies Pinienkernseufzer Pasta mit ger\u00f6stetem Fenchel und Zitrone Weihnachts-Cantuccini Broccoli-Linsen-Pasta 20-Minuten pikante Sriracha-Ramen-Nudelsuppe Brokkoli-Beef-Wok November Vegetarische Ramen-Nudeln aus dem Wok Slow Cooker Thai H\u00fchner Suppe Gew\u00fcrz-Couscous Schnelle Pasta mit getrockneten Tomaten, Spinat und Waln\u00fcssen Pizzasuppe Kr\u00e4uter-Risotto mit ger\u00e4ucherter Forelle Kartoffelwaffeln Polenta-Salbei-Auflauf Oktober Linsensuppe Persien Deftiges Spitzkohlgratin mit Cabanossi und Kartoffeln Nudelauflauf mit wei\u00dfen Bohnen &hellip; <\/p>\n<p class=\"link-more\"><a href=\"https:\/\/www.fambrenner.de\/Kaffeebohne\/wordpress\/rezepte-2017\/\" class=\"more-link\"><span class=\"screen-reader-text\">\u201eRezepte 2017\u201c<\/span> weiterlesen<\/a><\/p>\n","protected":false},"author":1,"featured_media":0,"parent":0,"menu_order":0,"comment_status":"closed","ping_status":"closed","template":"","meta":{"footnotes":""},"jetpack_sharing_enabled":true,"_links":{"self":[{"href":"https:\/\/www.fambrenner.de\/Kaffeebohne\/wordpress\/wp-json\/wp\/v2\/pages\/9304"}],"collection":[{"href":"https:\/\/www.fambrenner.de\/Kaffeebohne\/wordpress\/wp-json\/wp\/v2\/pages"}],"about":[{"href":"https:\/\/www.fambrenner.de\/Kaffeebohne\/wordpress\/wp-json\/wp\/v2\/types\/page"}],"author":[{"embeddable":true,"href":"https:\/\/www.fambrenner.de\/Kaffeebohne\/wordpress\/wp-json\/wp\/v2\/users\/1"}],"replies":[{"embeddable":true,"href":"https:\/\/www.fambrenner.de\/Kaffeebohne\/wordpress\/wp-json\/wp\/v2\/comments?post=9304"}],"version-history":[{"count":8,"href":"https:\/\/www.fambrenner.de\/Kaffeebohne\/wordpress\/wp-json\/wp\/v2\/pages\/9304\/revisions"}],"predecessor-version":[{"id":9313,"href":"https:\/\/www.fambrenner.de\/Kaffeebohne\/wordpress\/wp-json\/wp\/v2\/pages\/9304\/revisions\/9313"}],"wp:attachment":[{"href":"https:\/\/www.fambrenner.de\/Kaffeebohne\/wordpress\/wp-json\/wp\/v2\/media?parent=9304"}],"curies":[{"name":"wp","href":"https:\/\/api.w.org\/{rel}","templated":true}]}}