{"id":8812,"date":"2018-07-06T21:35:59","date_gmt":"2018-07-06T19:35:59","guid":{"rendered":"http:\/\/www.fambrenner.de\/Kaffeebohne\/wordpress\/?page_id=8812"},"modified":"2018-07-06T21:35:59","modified_gmt":"2018-07-06T19:35:59","slug":"rezepte-2016","status":"publish","type":"page","link":"https:\/\/www.fambrenner.de\/Kaffeebohne\/wordpress\/rezepte-2016\/","title":{"rendered":"Rezepte 2016"},"content":{"rendered":"<p><strong>Dezember<\/strong><br \/>\n<a href=\"http:\/\/www.fambrenner.de\/Kaffeebohne\/wordpress\/2016\/12\/06\/nudelsuppe-mit-lachs\/\">Nudelsuppe mit Lachs<\/a><br \/>\n<a href=\"http:\/\/www.fambrenner.de\/Kaffeebohne\/wordpress\/2016\/12\/04\/indisches-lammcurry-rogan-josh-aus-dem-slowcooker\/\">Indisches Lammcurry Rogan Josh aus dem Slowcooker<\/a><br \/>\n<a href=\"http:\/\/www.fambrenner.de\/Kaffeebohne\/wordpress\/2016\/12\/01\/veggie-tag-one-pot-vegetarische-fajita-nudeln\/\">One-Pot vegetarische Fajita-Nudeln<\/a><\/p>\n<p><strong>November<\/strong><br \/>\n<a href=\"http:\/\/www.fambrenner.de\/Kaffeebohne\/wordpress\/2016\/11\/29\/kichererbsen-mohren-suppe\/\">Kichererbsen-M\u00f6hren-Suppe<\/a><br \/>\n<a href=\"http:\/\/www.fambrenner.de\/Kaffeebohne\/wordpress\/2016\/11\/26\/lammragout-mit-kichererbsen\/\">Lammragout mit Kichererbsen<\/a><br \/>\n<a href=\"http:\/\/www.fambrenner.de\/Kaffeebohne\/wordpress\/2016\/11\/24\/gennaros-penne-mit-butternusskurbis-und-pancetta\/\">Gennaros Penne mit Butternussk\u00fcrbis und Pancetta<\/a><br \/>\n<a href=\"http:\/\/www.fambrenner.de\/Kaffeebohne\/wordpress\/2016\/11\/22\/kartoffel-mais-suppe\/\">Kartoffel-Mais-Suppe<\/a><br \/>\n<a href=\"http:\/\/www.fambrenner.de\/Kaffeebohne\/wordpress\/2016\/11\/17\/veggie-tag-pappardelle-mit-kurbis-und-salbei\/\">Pappardelle mit K\u00fcrbis und Salbei<\/a><br \/>\n<a href=\"http:\/\/www.fambrenner.de\/Kaffeebohne\/wordpress\/2016\/11\/14\/krauter-kartoffel-auflauf\/\">Kr\u00e4uter-Kartoffel-Auflauf<\/a><br \/>\n<a href=\"http:\/\/www.fambrenner.de\/Kaffeebohne\/wordpress\/2016\/11\/05\/one-pot-pasta-mit-huhnchen-pilzen-und-erbsen\/\">One-Pot Pasta mit H\u00fchnchen, Pilzen und Erbsen<\/a><br \/>\n<a href=\"http:\/\/www.fambrenner.de\/Kaffeebohne\/wordpress\/2016\/11\/03\/veggie-tag-cremiges-kurbisgemuse-mit-gnocchi\/\">Cremiges K\u00fcrbisgem\u00fcse (mit Gnocchi)<\/a><br \/>\n<a href=\"http:\/\/www.fambrenner.de\/Kaffeebohne\/wordpress\/2016\/11\/01\/15-minuten-kokos-curry-nudel-suppe\/\">15-Minuten Kokos-Curry-Nudel-Suppe<\/a><\/p>\n<p><strong>Oktober<\/strong><br \/>\n<a href=\"http:\/\/www.fambrenner.de\/Kaffeebohne\/wordpress\/2016\/10\/29\/hackballchen-in-currysauce\/\">Hackb\u00e4llchen in Currysauce<\/a><br \/>\n<a href=\"http:\/\/www.fambrenner.de\/Kaffeebohne\/wordpress\/2016\/10\/27\/veggie-tag-linguine-mit-auberginen\/\">Linguine mit Auberginen<\/a><br \/>\n<a href=\"http:\/\/www.fambrenner.de\/Kaffeebohne\/wordpress\/2016\/10\/25\/blog-event-langsam-kocht-besser\/\">S\u00fc\u00dfkartoffel-H\u00fchnchen-Quinoa Eintopf<\/a><br \/>\n<a href=\"http:\/\/www.fambrenner.de\/Kaffeebohne\/wordpress\/2016\/10\/08\/nachgebacken-pflaumenkuchen-mit-walnuss-streuseln\/\">Pflaumenkuchen mit Walnuss-Streuseln<\/a><br \/>\n<a href=\"http:\/\/www.fambrenner.de\/Kaffeebohne\/wordpress\/2016\/10\/06\/veggie-tag-one-pot-thai-erdnuss-pasta\/\">One-Pot Thai Erdnuss Pasta<\/a><br \/>\n<a href=\"http:\/\/www.fambrenner.de\/Kaffeebohne\/wordpress\/2016\/10\/04\/tomaten-nudelsuppe\/\">Tomaten-Nudelsuppe<\/a><br \/>\n<a href=\"http:\/\/www.fambrenner.de\/Kaffeebohne\/wordpress\/2016\/10\/01\/one-pot-pasta-mit-lachs\/\">One-Pot Pasta mit Lachs<\/a><\/p>\n<p><strong>September<\/strong><br \/>\n<a href=\"http:\/\/www.fambrenner.de\/Kaffeebohne\/wordpress\/2016\/09\/29\/veggie-tag-spatzle-caprese\/\">Sp\u00e4tzle Caprese<\/a><br \/>\n<a href=\"http:\/\/www.fambrenner.de\/Kaffeebohne\/wordpress\/2016\/09\/27\/schnippel-bohen-suppe-a-al-genovese\/\">Schnippel-Bohnen-Suppe a la Genovese<\/a><br \/>\n<a href=\"http:\/\/www.fambrenner.de\/Kaffeebohne\/wordpress\/2016\/09\/24\/zucchini-nudel-auflauf-vom-blech\/\">Zucchini-Nudel-Auflauf vom Blech<\/a><br \/>\n<a href=\"http:\/\/www.fambrenner.de\/Kaffeebohne\/wordpress\/2016\/09\/22\/veggie-tag-one-pot-pasta-olivia\/\">One-Pot Pasta Olivia<\/a><br \/>\n<a href=\"http:\/\/www.fambrenner.de\/Kaffeebohne\/wordpress\/2016\/09\/20\/leichter-huhner-reis-eintopf\/\">Leichter H\u00fchner-Reis-Eintopf<\/a><br \/>\n<a href=\"http:\/\/www.fambrenner.de\/Kaffeebohne\/wordpress\/2016\/09\/13\/kalte-paprikasuppe\/\">Kalte Paprikasuppe<\/a><br \/>\n<a href=\"http:\/\/www.fambrenner.de\/Kaffeebohne\/wordpress\/2016\/09\/03\/wok-nudeln-mit-sus-scharfen-riesengarnelen\/\">Wok-Nudeln mit s\u00fc\u00df-scharfen Riesengarnelen<\/a><br \/>\n<a href=\"http:\/\/www.fambrenner.de\/Kaffeebohne\/wordpress\/2016\/09\/01\/veggie-tag-kartoffeln-radieschen-salat\/\">Kartoffel-Radieschen-Salat<\/a><\/p>\n<p><strong>August<\/strong><br \/>\n<a href=\"http:\/\/www.fambrenner.de\/Kaffeebohne\/wordpress\/2016\/08\/30\/auberginen-curry\/\">Auberginen-Curry<\/a><br \/>\n<a href=\"http:\/\/www.fambrenner.de\/Kaffeebohne\/wordpress\/2016\/08\/27\/moussaka-ard-buffet\/\">Moussaka<\/a><br \/>\n<a href=\"http:\/\/www.fambrenner.de\/Kaffeebohne\/wordpress\/2016\/08\/25\/veggie-tag-one-pot-pasta-mit-buntem-sommergemuse\/\">One-Pot-Pasta mit buntem Sommergem\u00fcse<\/a><br \/>\n<a href=\"http:\/\/www.fambrenner.de\/Kaffeebohne\/wordpress\/2016\/08\/23\/tomaten-zucchini-eintopf\/\">Tomaten-Zucchini-Eintopf<\/a><br \/>\n<a href=\"http:\/\/www.fambrenner.de\/Kaffeebohne\/wordpress\/2016\/08\/20\/up-side-down-cake-aprikosen-mohn\/\">Up-side-down Cake Aprikosen-Mohn<\/a><br \/>\n<a href=\"http:\/\/www.fambrenner.de\/Kaffeebohne\/wordpress\/2016\/08\/18\/veggie-tag-polenta-mit-gerosteten-radieschen\/\">Polenta mit ger\u00f6steten Radieschen<\/a><br \/>\n<a href=\"http:\/\/www.fambrenner.de\/Kaffeebohne\/wordpress\/2016\/08\/16\/kichererbsen-gemuse-topf\/\">Kichererbsen-Gem\u00fcse-Topf<\/a><br \/>\n<a href=\"http:\/\/www.fambrenner.de\/Kaffeebohne\/wordpress\/2016\/08\/13\/nudelsalat-mit-mettballchen\/\">Nudelsalat mit Mettb\u00e4llchen<\/a><br \/>\n<a href=\"http:\/\/www.fambrenner.de\/Kaffeebohne\/wordpress\/2016\/08\/11\/veggie-tag-caprese-reisnudel-salat\/\">Caprese-Reisnudel-Salat<\/a><br \/>\n<a href=\"http:\/\/www.fambrenner.de\/Kaffeebohne\/wordpress\/2016\/08\/09\/kalte-glasnudelsuppe\/\">Kalte Glasnudelsuppe<\/a><br \/>\n<a href=\"http:\/\/www.fambrenner.de\/Kaffeebohne\/wordpress\/2016\/08\/06\/scharfe-carbonara\/\">Scharfe Carbonara<\/a><br \/>\n<a href=\"http:\/\/www.fambrenner.de\/Kaffeebohne\/wordpress\/2016\/08\/04\/veggie-tag-tarte-a-la-tomate-tomatenkuchen\/\">Tarte a la Tomate<\/a><br \/>\n<a href=\"http:\/\/www.fambrenner.de\/Kaffeebohne\/wordpress\/2016\/08\/02\/gelbe-gazpacho\/\">Gelbe Gazpacho<\/a><\/p>\n<p><strong>Juli<\/strong><br \/>\n<a href=\"http:\/\/www.fambrenner.de\/Kaffeebohne\/wordpress\/2016\/07\/28\/veggie-tag-zucchini-walnuss-quiche\/\">Zucchini-Walnuss-Quiche<\/a><br \/>\n<a href=\"http:\/\/www.fambrenner.de\/Kaffeebohne\/wordpress\/2016\/07\/26\/spinat-reis-suppe\/\">Spinat-Reis-Suppe<\/a><br \/>\n<a href=\"http:\/\/www.fambrenner.de\/Kaffeebohne\/wordpress\/2016\/07\/23\/one-pot-pasta-grundrezept\/\">One-Pot Pasta Grundrezept<\/a><br \/>\n<a href=\"http:\/\/www.fambrenner.de\/Kaffeebohne\/wordpress\/2016\/07\/09\/nudel-paella-mit-chorizo\/\">Nudel-Paella mit Chorizo<\/a><br \/>\n<a href=\"http:\/\/www.fambrenner.de\/Kaffeebohne\/wordpress\/2016\/07\/07\/veggie-tag-sesam-nudel-salat\/\">Sesam-Nudel-Salat<\/a><br \/>\n<a href=\"http:\/\/www.fambrenner.de\/Kaffeebohne\/wordpress\/2016\/07\/05\/eiskalte-gurke-minze-suppe\/\">Eiskalte Gurken-Minz-Suppe<\/a><br \/>\n<a href=\"http:\/\/www.fambrenner.de\/Kaffeebohne\/wordpress\/2016\/07\/02\/folienkartoffeln-mit-joghurt-lachscreme\/\">Folienkartoffeln mit Joghurt-Lachscreme<\/a><\/p>\n<p><strong>Juni<\/strong><br \/>\n<a href=\"http:\/\/www.fambrenner.de\/Kaffeebohne\/wordpress\/2016\/06\/30\/veggie-tag-nudelsalat-mit-geschmorter-aubergine-und-walnusspesto\/\">Nudelsalat mit geschmorter Aubergine und Walnusspesto<\/a><br \/>\n<a href=\"http:\/\/www.fambrenner.de\/Kaffeebohne\/wordpress\/2016\/06\/28\/auberginensuppe\/\">Auberginensuppe<\/a><br \/>\n<a href=\"http:\/\/www.fambrenner.de\/Kaffeebohne\/wordpress\/2016\/06\/21\/zucchinisuppe-mit-ingwer-croutons\/\">Zucchinisuppe mit Ingwer-Croutons<\/a><br \/>\n<a href=\"http:\/\/www.fambrenner.de\/Kaffeebohne\/wordpress\/2016\/06\/11\/erdbeer-kusst-oreo-dessert\/\">Erdbeer k&uuml;sst Oreo Dessert<\/a><br \/>\n<a href=\"http:\/\/www.fambrenner.de\/Kaffeebohne\/wordpress\/2016\/06\/09\/veggie-tag-rotes-pesto\/\">Rotes Pesto<\/a><br \/>\n<a href=\"http:\/\/www.fambrenner.de\/Kaffeebohne\/wordpress\/2016\/06\/07\/bunte-gemusesuppe-mit-muschelnudeln\/\">Bunte Gem\u00fcsesuppe mit Muschelnudeln<\/a><br \/>\n<a href=\"http:\/\/www.fambrenner.de\/Kaffeebohne\/wordpress\/2016\/06\/04\/erdbeer-tarte\/\">Erdbeer-Tarte<\/a><br \/>\n<a href=\"http:\/\/www.fambrenner.de\/Kaffeebohne\/wordpress\/2016\/06\/02\/veggie-tag-pestonudeln-mit-getrockneten-tomaten-und-gerostetem-spargel\/\">Pestonudeln mit getrockneten Tomaten und ger&ouml;stetem Spargel<\/a><\/p>\n<p><strong>Mai<\/strong><br \/>\n<a href=\"http:\/\/www.fambrenner.de\/Kaffeebohne\/wordpress\/2016\/05\/31\/gekuhltes-gurken-dill-suppchen\/\">Gek&uuml;hltes Gurken-Dill-S&uuml;ppchen<\/a><br \/>\n<a href=\"http:\/\/www.fambrenner.de\/Kaffeebohne\/wordpress\/2016\/05\/12\/veggie-tag-gemusecurry-mit-linsen\/\">Gem&uuml;securry mit Linsen<\/a><br \/>\n<a href=\"http:\/\/www.fambrenner.de\/Kaffeebohne\/wordpress\/2016\/05\/10\/huhnersuppe-mit-nudeln\/\">H&uuml;hnersuppe mit Nudeln<\/a> <\/p>\n<p><strong>April<\/strong><br \/>\n<a href=\"http:\/\/www.fambrenner.de\/Kaffeebohne\/wordpress\/2016\/04\/28\/veggie-tag-penne-mit-scharfer-pilzsose\/\">Penne mit scharfer Pilzso\u00dfe<\/a><br \/>\n<a href=\"http:\/\/www.fambrenner.de\/Kaffeebohne\/wordpress\/2016\/04\/26\/glasnudelsuppe-mit-gemuse\/\">Glasnudelsuppe mit Gem&uuml;se<\/a><br \/>\n<a href=\"http:\/\/www.fambrenner.de\/Kaffeebohne\/wordpress\/2016\/04\/19\/pasta-e-fagioli\/\">Pasta e Fagioli<\/a><br \/>\n<a href=\"http:\/\/www.fambrenner.de\/Kaffeebohne\/wordpress\/2016\/04\/17\/nachgekocht-pipe-rigate-mit-prosciutto-spinat-und-parmesan\/\">Pipe Rigate mit Prosciutto, Spinat und Parmesan<\/a><br \/>\n<a href=\"http:\/\/www.fambrenner.de\/Kaffeebohne\/wordpress\/2016\/04\/14\/veggie-tag-spanische-spinat-kartoffel-tortilla\/\">Spanische Spinat-Kartoffel-Tortilla<\/a><br \/>\n<a href=\"http:\/\/www.fambrenner.de\/Kaffeebohne\/wordpress\/2016\/04\/12\/20-minutes-thai-chicken-soup\/\">20 minutes Thai Chicken Soup<\/a><br \/>\n<a href=\"http:\/\/www.fambrenner.de\/Kaffeebohne\/wordpress\/2016\/04\/09\/einfaches-chicken-tikka-masala-crockpot\/\">Einfaches Tikka Chicken Masala (Crockpot)<\/a><br \/>\n<a href=\"http:\/\/www.fambrenner.de\/Kaffeebohne\/wordpress\/2016\/04\/07\/veggie-tag-kartoffel-knoblauch-pizza\/\">Kartoffel-Knoblauch-Pizza<\/a><br \/>\n<a href=\"http:\/\/www.fambrenner.de\/Kaffeebohne\/wordpress\/2016\/04\/05\/kartoffel-paprika-eintopf\/\">Kartoffel-Paprika-Eintopf<\/a><\/p>\n<p><strong>M\u00e4rz<\/strong><br \/>\n<a href=\"http:\/\/www.fambrenner.de\/Kaffeebohne\/wordpress\/2016\/03\/29\/kartoffelcremesuppe-mit-kresse\/\">Kartoffelcremesuppe mit Kresse<\/a><br \/>\n<a href=\"http:\/\/www.fambrenner.de\/Kaffeebohne\/wordpress\/2016\/03\/26\/bratnudeln-mit-schweinefleisch\/\">Bratnudeln mit Schweinefleisch<\/a><br \/>\n<a href=\"http:\/\/www.fambrenner.de\/Kaffeebohne\/wordpress\/2016\/03\/24\/veggie-tag-grune-sose\/\">Gr&uuml;ne So\u00dfe<\/a><br \/>\n<a href=\"http:\/\/www.fambrenner.de\/Kaffeebohne\/wordpress\/2016\/03\/22\/linsen-mohren-suppe\/\">Linsen-M&ouml;hren-Suppe<\/a><br \/>\n<a href=\"http:\/\/www.fambrenner.de\/Kaffeebohne\/wordpress\/2016\/03\/19\/broccoli-erbsen-pasta\/\">Broccoli-Erbsen-Pasta<\/a><br \/>\n<a href=\"http:\/\/www.fambrenner.de\/Kaffeebohne\/wordpress\/2016\/03\/17\/veggie-tag-auberginen-reis-pfanne\/\">Auberginen-Reis-Pfanne<\/a><br \/>\n<a href=\"http:\/\/www.fambrenner.de\/Kaffeebohne\/wordpress\/2016\/03\/15\/slow-cooker-wintergemusesuppe-mit-roten-linsen\/\">Slowcooker Wintergem&uuml;sesuppe mit roten Linsen<\/a><br \/>\n<a href=\"http:\/\/www.fambrenner.de\/Kaffeebohne\/wordpress\/2016\/03\/13\/lachs-lauch-linguine\/\">Lachs-Lauch-Linguine<\/a><br \/>\n<a href=\"http:\/\/www.fambrenner.de\/Kaffeebohne\/wordpress\/2016\/03\/10\/veggie-tag-italienischer-nudelauflauf\/\">Italienischer Nudelauflauf<\/a><br \/>\n<a href=\"http:\/\/www.fambrenner.de\/Kaffeebohne\/wordpress\/2016\/03\/05\/pasta-mit-tomaten-chili-und-huhn\/\">Pasta mit Tomaten, Chili und Huhn<\/a><br \/>\n<a href=\"http:\/\/www.fambrenner.de\/Kaffeebohne\/wordpress\/2016\/03\/03\/veggie-tag-risotto-mediterran\/\">Risotto mediterran<\/a><br \/>\n<a href=\"http:\/\/www.fambrenner.de\/Kaffeebohne\/wordpress\/2016\/03\/01\/minestra-di-orzo-graupensuppe\/\">Minestra di orzo<\/a><\/p>\n<p><strong>Februar<\/strong><br \/>\n<a href=\"http:\/\/www.fambrenner.de\/Kaffeebohne\/wordpress\/2016\/02\/28\/suskartoffel-rosti-mit-raucherlachs\/\">S&uuml;\u00dfkartoffel-R&ouml;sti mit R&auml;ucherlachs<\/a><br \/>\n<a href=\"http:\/\/www.fambrenner.de\/Kaffeebohne\/wordpress\/2016\/02\/25\/veggie-tag-scharfe-bohnen-pasta\/\">Scharfe Bohnen-Pasta<\/a><br \/>\n<a href=\"http:\/\/www.fambrenner.de\/Kaffeebohne\/wordpress\/2016\/02\/23\/huhnersuppe-mit-wildreis-aus-dem-crockpot\/\">H&uuml;hnersuppe mit Wildreis aus dem Crockpot<\/a><br \/>\n<a href=\"http:\/\/www.fambrenner.de\/Kaffeebohne\/wordpress\/2016\/02\/20\/polenta-mit-ragu-napolitan\/\">Polenta mit Ragu Napolitano<\/a><br \/>\n<a href=\"http:\/\/www.fambrenner.de\/Kaffeebohne\/wordpress\/2016\/02\/18\/veggie-tag-orientalisches-pesto\/\">Orientalisches Pesto<\/a><br \/>\n<a href=\"http:\/\/www.fambrenner.de\/Kaffeebohne\/wordpress\/2016\/02\/16\/pastinakensuppe-mit-curryol\/\">Pastinakensuppe mit Curry&ouml;l<\/a><br \/>\n<a href=\"http:\/\/www.fambrenner.de\/Kaffeebohne\/wordpress\/2016\/02\/13\/spaghetti-mit-lachscreme\/\">Spaghetti mit Lachscreme<\/a><br \/>\n<a href=\"http:\/\/www.fambrenner.de\/Kaffeebohne\/wordpress\/2016\/02\/11\/veggie-tag-spinat-in-zitronensauce-mit-polenta\/\">Spinat mit Zitronensauce und Polenta<\/a><br \/>\n<a href=\"http:\/\/www.fambrenner.de\/Kaffeebohne\/wordpress\/2016\/02\/09\/asia-nudelsuppe-ii\/\">Asia-Nudelsuppe II<\/a><br \/>\n<a href=\"http:\/\/www.fambrenner.de\/Kaffeebohne\/wordpress\/2016\/02\/07\/indisches-lachscurry\/\">Indisches Lachscurry<\/a><br \/>\n<a href=\"http:\/\/www.fambrenner.de\/Kaffeebohne\/wordpress\/2016\/02\/04\/veggie-tag-gefullte-champignons\/\">Gef\u00fcllte Champignons<\/a><br \/>\n<a href=\"http:\/\/www.fambrenner.de\/Kaffeebohne\/wordpress\/2016\/02\/02\/rote-linsen-suppe\/\">Rote-Linsen-Suppe<\/a><\/p>\n<p><strong>Januar<\/strong><br \/>\n<a href=\"http:\/\/www.fambrenner.de\/Kaffeebohne\/wordpress\/2016\/01\/30\/spicy-sichuan-noodles\/\">Spicy Sichuan Noodles<\/a><br \/>\n<a href=\"http:\/\/www.fambrenner.de\/Kaffeebohne\/wordpress\/2016\/01\/28\/veggie-tag-feldsalat-risotto\/\">Feldsalat-Risotto<\/a><br \/>\n<a href=\"http:\/\/www.fambrenner.de\/Kaffeebohne\/wordpress\/2016\/01\/26\/tomaten-tortellini-suppe\/\">Tomaten-Tortellini-Suppe<\/a><br \/>\n<a href=\"http:\/\/www.fambrenner.de\/Kaffeebohne\/wordpress\/2016\/01\/23\/kabeljau-mit-spinatrahm\/\">Kabeljau in Spinatrahm<\/a><br \/>\n<a href=\"http:\/\/www.fambrenner.de\/Kaffeebohne\/wordpress\/2016\/01\/21\/veggie-tag-spinat-fussili-mit-zitronen-broseln\/\">Spinat-Fussili mit Zitronen Br&ouml;seln<\/a><br \/>\n<a href=\"http:\/\/www.fambrenner.de\/Kaffeebohne\/wordpress\/2016\/01\/19\/lauchsuppe\/\">Lauchsuppe<\/a><br \/>\n<a href=\"http:\/\/www.fambrenner.de\/Kaffeebohne\/wordpress\/2016\/01\/16\/nachgebacken-espresso-kuchen\/\">Espresso-Kuchen<\/a><br \/>\n<a href=\"http:\/\/www.fambrenner.de\/Kaffeebohne\/wordpress\/2016\/01\/12\/kartoffel-fenchelcremesuppe-mit-lachs\/\">Kartoffel-Fenchelcremesuppe mit Lachs<\/a><br \/>\n<a href=\"http:\/\/www.fambrenner.de\/Kaffeebohne\/wordpress\/2016\/01\/09\/kleine-muschelnudeln-in-sahniger-speck-erbsen-sauce\/\">Kleine Muschelnudeln in sahniger Speck-Erbsen-Sauce<\/a><br \/>\n<a href=\"http:\/\/www.fambrenner.de\/Kaffeebohne\/wordpress\/2016\/01\/07\/veggie-tag-suskartoffel-linsen-curry-aus-dem-slowcooker\/\">S\u00fc\u00dfkartoffel-Linsen-Curry aus dem Slowcooker<\/a><br \/>\n<a href=\"http:\/\/www.fambrenner.de\/Kaffeebohne\/wordpress\/2016\/01\/05\/kokossuppe-mit-reis-und-kirschtomaten\/\">Kokossuppe mit Reis und Kirschtomaten (vegan)<\/a><\/p>\n","protected":false},"excerpt":{"rendered":"<p>Dezember Nudelsuppe mit Lachs Indisches Lammcurry Rogan Josh aus dem Slowcooker One-Pot vegetarische Fajita-Nudeln November Kichererbsen-M\u00f6hren-Suppe Lammragout mit Kichererbsen Gennaros Penne mit Butternussk\u00fcrbis und Pancetta Kartoffel-Mais-Suppe Pappardelle mit K\u00fcrbis und Salbei Kr\u00e4uter-Kartoffel-Auflauf One-Pot Pasta mit H\u00fchnchen, Pilzen und Erbsen Cremiges K\u00fcrbisgem\u00fcse (mit Gnocchi) 15-Minuten Kokos-Curry-Nudel-Suppe Oktober Hackb\u00e4llchen in Currysauce Linguine mit Auberginen S\u00fc\u00dfkartoffel-H\u00fchnchen-Quinoa Eintopf Pflaumenkuchen &hellip; <\/p>\n<p class=\"link-more\"><a href=\"https:\/\/www.fambrenner.de\/Kaffeebohne\/wordpress\/rezepte-2016\/\" class=\"more-link\"><span class=\"screen-reader-text\">\u201eRezepte 2016\u201c<\/span> weiterlesen<\/a><\/p>\n","protected":false},"author":1,"featured_media":0,"parent":0,"menu_order":0,"comment_status":"open","ping_status":"open","template":"","meta":{"footnotes":""},"jetpack_sharing_enabled":true,"_links":{"self":[{"href":"https:\/\/www.fambrenner.de\/Kaffeebohne\/wordpress\/wp-json\/wp\/v2\/pages\/8812"}],"collection":[{"href":"https:\/\/www.fambrenner.de\/Kaffeebohne\/wordpress\/wp-json\/wp\/v2\/pages"}],"about":[{"href":"https:\/\/www.fambrenner.de\/Kaffeebohne\/wordpress\/wp-json\/wp\/v2\/types\/page"}],"author":[{"embeddable":true,"href":"https:\/\/www.fambrenner.de\/Kaffeebohne\/wordpress\/wp-json\/wp\/v2\/users\/1"}],"replies":[{"embeddable":true,"href":"https:\/\/www.fambrenner.de\/Kaffeebohne\/wordpress\/wp-json\/wp\/v2\/comments?post=8812"}],"version-history":[{"count":10,"href":"https:\/\/www.fambrenner.de\/Kaffeebohne\/wordpress\/wp-json\/wp\/v2\/pages\/8812\/revisions"}],"predecessor-version":[{"id":9299,"href":"https:\/\/www.fambrenner.de\/Kaffeebohne\/wordpress\/wp-json\/wp\/v2\/pages\/8812\/revisions\/9299"}],"wp:attachment":[{"href":"https:\/\/www.fambrenner.de\/Kaffeebohne\/wordpress\/wp-json\/wp\/v2\/media?parent=8812"}],"curies":[{"name":"wp","href":"https:\/\/api.w.org\/{rel}","templated":true}]}}