{"id":6295,"date":"2015-02-02T20:49:42","date_gmt":"2015-02-02T18:49:42","guid":{"rendered":"http:\/\/www.fambrenner.de\/Kaffeebohne\/wordpress\/?page_id=6295"},"modified":"2015-12-28T20:33:27","modified_gmt":"2015-12-28T18:33:27","slug":"rezepte-2015","status":"publish","type":"page","link":"https:\/\/www.fambrenner.de\/Kaffeebohne\/wordpress\/rezepte-2015\/","title":{"rendered":"Rezepte 2015"},"content":{"rendered":"<p><strong>Dezember 2015<\/strong><br \/>\n<a href=\"http:\/\/www.fambrenner.de\/Kaffeebohne\/wordpress\/2015\/12\/01\/erbsensuppe-mit-nudeln\/\">Erbsensuppe mit Nudeln<\/a><br \/>\n<a href=\"http:\/\/www.fambrenner.de\/Kaffeebohne\/wordpress\/2015\/12\/03\/veggie-tag-lasagnotti-mit-rucola-und-pinienkernen\/\">Lasagnotti mit Rucola und Pinienkernen<\/a><br \/>\n<a href=\"http:\/\/www.fambrenner.de\/Kaffeebohne\/wordpress\/2015\/12\/06\/ungarisches-gulasch-aus-dem-crockpot\/\">Ungarisches Gulasch aus dem Crockpot<\/a><br \/>\n<a href=\"http:\/\/www.fambrenner.de\/Kaffeebohne\/wordpress\/2015\/12\/08\/turkische-gemusesuppe\/\">T\u00fcrkische Gem\u00fcsesuppe<\/a><br \/>\n<a href=\"http:\/\/www.fambrenner.de\/Kaffeebohne\/wordpress\/2015\/12\/10\/veggie-tag-nudeln-mit-spinat-und-walnussen\/\">Nudeln mit Spinat und N\u00fcssen<\/a><br \/>\n<a href=\"http:\/\/www.fambrenner.de\/Kaffeebohne\/wordpress\/2015\/12\/14\/cranberry-orangen-kuchen-mit-orangen-guss\/\">Cranberry-Orangen-Kuchen mit Orangen-Guss<\/a><br \/>\n<a href=\"http:\/\/www.fambrenner.de\/Kaffeebohne\/wordpress\/2015\/12\/15\/hahnchenkeulen-vom-blech\/\">H\u00e4hnchenkeulen vom Blech<\/a><br \/>\n<a href=\"http:\/\/www.fambrenner.de\/Kaffeebohne\/wordpress\/2015\/12\/22\/schmorfleisch-aus-dem-slowcooker\/\">Schmorfleisch aus dem Slowcooker<\/a><\/p>\n<p><strong>November 2015<\/strong><br \/>\n<a href=\"http:\/\/www.fambrenner.de\/Kaffeebohne\/wordpress\/2015\/11\/03\/baked-potato-suppe-aus-dem-slowcooker\/\">Baked Potato Suppe aus dem Slowcooker<\/a><br \/>\n<a href=\"http:\/\/www.fambrenner.de\/Kaffeebohne\/wordpress\/2015\/11\/05\/veggie-tag-gefullte-teigtaschen\/\">Gef\u00fcllte Teigtaschen<\/a><br \/>\n<a href=\"http:\/\/www.fambrenner.de\/Kaffeebohne\/wordpress\/2015\/11\/07\/lachs-mit-mandel-blumenkohl\/\">Lachs mit Mandel-Blumenkohl<\/a><br \/>\n<a href=\"http:\/\/www.fambrenner.de\/Kaffeebohne\/wordpress\/2015\/11\/10\/mais-kartoffelsuppe\/\">Mais-Kartoffelsuppe (Corn Chowder)<\/a><br \/>\n<a href=\"http:\/\/www.fambrenner.de\/Kaffeebohne\/wordpress\/2015\/11\/12\/veggie-tag-tomatenpesto\/\">Tomatenpesto<\/a><br \/>\n<a href=\"http:\/\/www.fambrenner.de\/Kaffeebohne\/wordpress\/2015\/11\/14\/vegane-schokocookies\/\">vegane Schokocookies<\/a><br \/>\n<a href=\"http:\/\/www.fambrenner.de\/Kaffeebohne\/wordpress\/2015\/11\/17\/garnelen-nudel-suppe\/\">Garnelen-Nudel-Suppe<\/a><br \/>\n<a href=\"http:\/\/www.fambrenner.de\/Kaffeebohne\/wordpress\/2015\/11\/19\/veggie-tag-modulares-kochen\/\">Modulares Kochen (Risotto Grundrezept)<\/a><br \/>\n<a href=\"http:\/\/www.fambrenner.de\/Kaffeebohne\/wordpress\/2015\/11\/21\/krautkuchen-aus-der-provence\/\">Krautkuchen aus der Provence<\/a><br \/>\n<a href=\"http:\/\/www.fambrenner.de\/Kaffeebohne\/wordpress\/2015\/11\/24\/deftiger-nudeltopf\/\">Deftiger Nudeleintopf<\/a><br \/>\n<a href=\"http:\/\/www.fambrenner.de\/Kaffeebohne\/wordpress\/2015\/11\/26\/veggie-tag-gemusebolognese-aus-dem-slowcooker\/\">Gem\u00fcsebolognese aus dem Slowcooker<\/a><\/p>\n<p><strong>Oktober 2015<\/strong><br \/>\n<a href=\"http:\/\/www.fambrenner.de\/Kaffeebohne\/wordpress\/2015\/10\/01\/penne-mit-pfifferlingen\/\">Penne mit Pfifferlingen<\/a><br \/>\n<a href=\"http:\/\/www.fambrenner.de\/Kaffeebohne\/wordpress\/2015\/10\/06\/zuppa-di-fagioli-alla-trentina\/\">Zuppa di fagioli alla trentina<\/a><br \/>\n<a href=\"http:\/\/www.fambrenner.de\/Kaffeebohne\/wordpress\/2015\/10\/08\/veggie-tag-schnelle-sesamnudeln\/\">Schnelle Sesamnudeln<\/a><br \/>\n<a href=\"http:\/\/www.fambrenner.de\/Kaffeebohne\/wordpress\/2015\/10\/10\/ham-leek-quiche\/\">Ham&#038;Leek Quiche<\/a><br \/>\n<a href=\"http:\/\/www.fambrenner.de\/Kaffeebohne\/wordpress\/2015\/10\/14\/tortellini-in-brodo\/\">Tortellini in Brodo<\/a><br \/>\n<a href=\"http:\/\/www.fambrenner.de\/Kaffeebohne\/wordpress\/2015\/10\/15\/krautsalat\/\">Krautsalat<\/a><br \/>\n<a href=\"http:\/\/www.fambrenner.de\/Kaffeebohne\/wordpress\/2015\/10\/28\/rindfleischsuppe-mit-glasnudeln\/\">Rindfleischsuppe mit Glasnudeln<\/a><br \/>\n<a href=\"http:\/\/www.fambrenner.de\/Kaffeebohne\/wordpress\/2015\/10\/29\/veggie-tag-italienischer-zwiebelkuchen\/\">Italienischer Zwiebelkuchen<\/a><br \/>\n<a href=\"http:\/\/www.fambrenner.de\/Kaffeebohne\/wordpress\/2015\/10\/31\/pflaumen-butterkuchen\/\">Pflaumen Butterkuchen<\/a><\/p>\n<p><strong>September 2015<\/strong><br \/>\n<a href=\"http:\/\/www.fambrenner.de\/Kaffeebohne\/wordpress\/2015\/09\/03\/veggie-tag-gebackene-aubergine-mit-bulgur-salat\/\">Gebackene Aubergine mit Bulgur-Salat<\/a><br \/>\n<a href=\"http:\/\/www.fambrenner.de\/Kaffeebohne\/wordpress\/2015\/09\/05\/kichererbsensalat\/\">Kichererbsensalat<\/a><br \/>\n<a href=\"http:\/\/www.fambrenner.de\/Kaffeebohne\/wordpress\/2015\/09\/10\/veggie-tag-nudelsalat-mit-auberginen-und-tomaten\/\">Nudelsalat mit Auberginen und Tomaten<\/a><br \/>\n<a href=\"http:\/\/www.fambrenner.de\/Kaffeebohne\/wordpress\/2015\/09\/15\/paprika-tomaten-suppe\/\">Paprika-Tomaten-Suppe<\/a><br \/>\n<a href=\"http:\/\/www.fambrenner.de\/Kaffeebohne\/wordpress\/2015\/09\/17\/veggie-tag-gnocchi-mit-pilzen\/\">Gnocchi mit Pilzen<\/a><br \/>\n<a href=\"http:\/\/www.fambrenner.de\/Kaffeebohne\/wordpress\/2015\/09\/19\/wiener-apfelkuchen\/\">Wiener Apfelkuchen<\/a><br \/>\n<a href=\"http:\/\/www.fambrenner.de\/Kaffeebohne\/wordpress\/2015\/09\/23\/bohneneintopf-mit-zucchini-und-tomaten\/\">Bohneneintopf mit Zucchini und Tomaten<\/a><br \/>\n<a href=\"http:\/\/www.fambrenner.de\/Kaffeebohne\/wordpress\/2015\/09\/24\/veggie-tag-risotto-mit-pfifferlingen\/\">Risotto mit Pfifferlingen<\/a><br \/>\n<a href=\"http:\/\/www.fambrenner.de\/Kaffeebohne\/wordpress\/2015\/09\/29\/suskartoffelsuppe-mit-ingwer\/\">S\u00fc\u00dfkartoffelsuppe mit Ingwer<\/a><\/p>\n<p><strong>August 2015<\/strong><br \/>\n<a href=\"http:\/\/www.fambrenner.de\/Kaffeebohne\/wordpress\/2015\/08\/18\/nachgekocht-blitzschnelle-afrikanische-erdnusssuppe\/\">Blitzschnelle afrikanische Erdnusssuppe<\/a><br \/>\n<a href=\"http:\/\/www.fambrenner.de\/Kaffeebohne\/wordpress\/2015\/08\/20\/veggie-tag-tomaten-zucchini-tarte\/\">Tomaten-Zucchini-Tarte<\/a><br \/>\n<a href=\"http:\/\/www.fambrenner.de\/Kaffeebohne\/wordpress\/2015\/08\/23\/nachgekocht-zucchini-carbonara-nach-jamie-oliver\/\">Zucchini-Carbonara<\/a><br \/>\n<a href=\"http:\/\/www.fambrenner.de\/Kaffeebohne\/wordpress\/2015\/08\/25\/gemusesuppe-orient\/\">Gem\u00fcsesuppe Orient<\/a><br \/>\n<a href=\"http:\/\/www.fambrenner.de\/Kaffeebohne\/wordpress\/2015\/08\/27\/veggie-tag-pasta-alla-norma\/\">Pasta alla Norma<\/a><\/p>\n<p><strong>Juli 2015<\/strong><br \/>\n<a href=\"http:\/\/www.fambrenner.de\/Kaffeebohne\/wordpress\/2015\/07\/02\/veggie-tag-nudel-radicchio-salat\/\">Nudel-Radicchio-Salat<\/a><br \/>\n<a href=\"http:\/\/www.fambrenner.de\/Kaffeebohne\/wordpress\/2015\/07\/04\/asiatischer-spargelsalat\/\">Asiatischer Spargelsalat<\/a><br \/>\n<a href=\"http:\/\/www.fambrenner.de\/Kaffeebohne\/wordpress\/2015\/07\/07\/zucchinisuppe\/\">Zucchinisuppe<\/a><br \/>\n<a href=\"http:\/\/www.fambrenner.de\/Kaffeebohne\/wordpress\/2015\/07\/14\/porra\/\">Porra<\/a><br \/>\n<a href=\"http:\/\/www.fambrenner.de\/Kaffeebohne\/wordpress\/2015\/07\/16\/veggie-tag-kase-spinat-gnocchi\/\">K\u00e4se-Spinat-Gnocchi<\/a><br \/>\n<a href=\"http:\/\/www.fambrenner.de\/Kaffeebohne\/wordpress\/2015\/07\/18\/eton-mess-meine-art\/\">Eton Mess<\/a><br \/>\n<a href=\"http:\/\/www.fambrenner.de\/Kaffeebohne\/wordpress\/2015\/07\/28\/zitronengras-suppe\/\">Zitronengras-Suppe<\/a><br \/>\n<a href=\"http:\/\/www.fambrenner.de\/Kaffeebohne\/wordpress\/2015\/07\/30\/veggie-tag-orecchiette-mit-ofentomaten-und-basilikum\/\">Orecchiette mit Ofentomaten und Basilikum<\/a><\/p>\n<p><strong>Juni 2015<\/strong><br \/>\n<a href=\"http:\/\/www.fambrenner.de\/Kaffeebohne\/wordpress\/2015\/06\/02\/fenchelsuppe-mit-curry\/\">Fenchelsuppe mit Curry<\/a><br \/>\n<a href=\"http:\/\/www.fambrenner.de\/Kaffeebohne\/wordpress\/2015\/06\/04\/veggi-tag-broccoli-mit-currysauce\/\">Brokkoli mit Currysauce<\/a><br \/>\n<a href=\"http:\/\/www.fambrenner.de\/Kaffeebohne\/wordpress\/2015\/06\/09\/rote-linsensuppe-mit-kreuzkummel\/\">Rote Linsensuppe mit Kreuzk\u00fcmmel<\/a><br \/>\n<a href=\"http:\/\/www.fambrenner.de\/Kaffeebohne\/wordpress\/2015\/06\/16\/grune-spargelcremesuppe-mit-lachs\/\">Gr\u00fcne Spargelcremesuppe mit Lachs<\/a><br \/>\n<a href=\"http:\/\/www.fambrenner.de\/Kaffeebohne\/wordpress\/2015\/06\/18\/veggie-tag-zucchini-und-zitronen-spaghetti\/\">Zucchini und Zitronen Spaghetti<\/a><br \/>\n<a href=\"http:\/\/www.fambrenner.de\/Kaffeebohne\/wordpress\/2015\/06\/20\/thunfisch-mozzarella-quesadilla\/\">Thunfisch-Mozzarella-Quesadilla<\/a><br \/>\n<a href=\"http:\/\/www.fambrenner.de\/Kaffeebohne\/wordpress\/2015\/06\/23\/asiatische-rumfortsuppe\/\">Asiatische Rumfortsuppe<\/a><br \/>\n<a href=\"http:\/\/www.fambrenner.de\/Kaffeebohne\/wordpress\/2015\/06\/25\/veggie-tag-polenta-gemuse-auflauf\/\">Polenta-Gem\u00fcse-Auflauf<\/a><br \/>\n<a href=\"http:\/\/www.fambrenner.de\/Kaffeebohne\/wordpress\/2015\/06\/30\/linsen-kokos-suppe\/\">Linsen-Kokos-Suppe<\/a><\/p>\n<p><strong>Mai 2015<\/strong><br \/>\n<a href=\"http:\/\/www.fambrenner.de\/Kaffeebohne\/wordpress\/2015\/05\/03\/zitronen-risotto\/\">Zitronen-Risotto<\/a><br \/>\n<a href=\"http:\/\/www.fambrenner.de\/Kaffeebohne\/wordpress\/2015\/05\/05\/chinesische-nudelsuppe\/\">Chinesische Nudelsuppe<\/a><br \/>\n<a href=\"http:\/\/www.fambrenner.de\/Kaffeebohne\/wordpress\/2015\/05\/07\/veggie-tag-polenta-aus-dem-ofen\/\">Polenta aus dem Ofen<\/a><br \/>\n<a href=\"http:\/\/www.fambrenner.de\/Kaffeebohne\/wordpress\/2015\/05\/09\/muffins-in-waffelbechern\/\">Muffins in Waffelbechern<\/a><br \/>\n<a href=\"http:\/\/www.fambrenner.de\/Kaffeebohne\/wordpress\/2015\/05\/12\/nachgekocht-nudelsuppe-thai-curry-style\/\">Nudelsuppe Thai Curry-Style<\/a><br \/>\n<a href=\"http:\/\/www.fambrenner.de\/Kaffeebohne\/wordpress\/2015\/05\/14\/veggie-tag-gruner-spargel-salat\/\">Gr\u00fcner Spargel-Salat<\/a><br \/>\n<a href=\"http:\/\/www.fambrenner.de\/Kaffeebohne\/wordpress\/2015\/05\/16\/bohnen-carbonara\/\">Bohnen-Carbonara<\/a><br \/>\n<a href=\"http:\/\/www.fambrenner.de\/Kaffeebohne\/wordpress\/2015\/05\/21\/veggie-tag-auberginensalat-mit-rauke\/\">Auberginensalat mit Rauke<\/a><br \/>\n<a href=\"http:\/\/www.fambrenner.de\/Kaffeebohne\/wordpress\/2015\/05\/23\/lachs-in-lauchsauce-mit-grunen-nudeln\/\">Lachs in Lauchsauce mit gr\u00fcnen Nudeln<br \/>\n<\/a><br \/>\n<strong>April 2015<\/strong><br \/>\n<a href=\"http:\/\/www.fambrenner.de\/Kaffeebohne\/wordpress\/2015\/04\/02\/veggie-tag-linguine-mit-auberginen-sugo\/\">Linguine mit Auberginen-Sugo<\/a><br \/>\n<a href=\"http:\/\/www.fambrenner.de\/Kaffeebohne\/wordpress\/2015\/04\/07\/asia-nudelsuppe\/\">Asia-Nudelsuppe<\/a><br \/>\n<a href=\"http:\/\/www.fambrenner.de\/Kaffeebohne\/wordpress\/2015\/04\/09\/veggie-tag-zwiebel-quiche-mit-nussguss\/\">Zwiebel-Quiche mit Nussguss<\/a><br \/>\n<a href=\"http:\/\/www.fambrenner.de\/Kaffeebohne\/wordpress\/2015\/04\/14\/serbische-bohnensuppe-aus-dem-crockpot\/\">Serbische Bohnensuppe aus dem Crockpot<\/a><br \/>\n<a href=\"http:\/\/www.fambrenner.de\/Kaffeebohne\/wordpress\/2015\/04\/16\/veggie-tag-tomaten-chili-nudeln\/\">Tomaten-Chili-Nudeln<\/a><br \/>\n<a href=\"http:\/\/www.fambrenner.de\/Kaffeebohne\/wordpress\/2015\/04\/18\/erdnussbutter-brownies\/\">Erdnussbutter-Brownies<\/a><br \/>\n<a href=\"http:\/\/www.fambrenner.de\/Kaffeebohne\/wordpress\/2015\/04\/21\/broccolicremesuppe-mit-lauch-und-dicken-bohnen\/\">Broccolicremesuppe mit Lauch und dicken Bohnen<\/a><br \/>\n<a href=\"http:\/\/www.fambrenner.de\/Kaffeebohne\/wordpress\/2015\/04\/23\/veggie-tagnudelsalat-mit-barlauchpesto\/\">Nudelsalat mit B\u00e4rlauchpesto<\/a><br \/>\n<a href=\"http:\/\/www.fambrenner.de\/Kaffeebohne\/wordpress\/2015\/04\/28\/kartoffelcremesuppe-mit-knoblauchpilzen\/\">Kartoffelcremesuppe mit Knoblauchpilzen<\/a><br \/>\n<a href=\"http:\/\/www.fambrenner.de\/Kaffeebohne\/wordpress\/2015\/04\/30\/veggie-tag-avocada-tomaten-nudel\/\">Avocado-Tomaten-Nudeln<\/a><\/p>\n<p><strong>M\u00e4rz 2015<\/strong><br \/>\n<a href=\"http:\/\/www.fambrenner.de\/Kaffeebohne\/wordpress\/2015\/03\/01\/nachgekocht-hackballchen-toskana\/\">Hackb\u00e4llchen Toskana<\/a><br \/>\n<a href=\"http:\/\/www.fambrenner.de\/Kaffeebohne\/wordpress\/2015\/03\/03\/blumenkohlsuppe\/\">Blumenkohlsuppe<\/a><br \/>\n<a href=\"http:\/\/www.fambrenner.de\/Kaffeebohne\/wordpress\/2015\/03\/05\/veggie-tag-broccoli-pasta\/\">Brokkoli-Pasta<\/a><br \/>\n<a href=\"http:\/\/www.fambrenner.de\/Kaffeebohne\/wordpress\/2015\/03\/08\/uberbackene-spaghetti-mit-hackfleisch-gemusesose\/\">\u00dcberbackene Spaghetti mit Hackfleisch-Gem\u00fcse-So\u00dfe<\/a><br \/>\n<a href=\"http:\/\/www.fambrenner.de\/Kaffeebohne\/wordpress\/2015\/03\/10\/indischer-linsentopf\/\">Indischer Linsentopf<\/a><br \/>\n<a href=\"http:\/\/www.fambrenner.de\/Kaffeebohne\/wordpress\/2015\/03\/12\/veggie-tagsauerkraut-auflauf-mit-paprikabroseln\/\">Sauerkraut-Auflauf mit Paprikabr\u00f6seln<\/a><br \/>\n<a href=\"http:\/\/www.fambrenner.de\/Kaffeebohne\/wordpress\/2015\/03\/17\/thainudelsuppe-mit-curry\/\">Thainudelsuppe mit Curry<\/a><br \/>\n<a href=\"http:\/\/www.fambrenner.de\/Kaffeebohne\/wordpress\/2015\/03\/19\/veggie-tag-pastinaken-lauch-gemuse-mit-kasekruste\/\">Pastinaken-Lauch-Gem\u00fcse mit K\u00e4sekruste<\/a><br \/>\n<a href=\"http:\/\/www.fambrenner.de\/Kaffeebohne\/wordpress\/2015\/03\/22\/no-hurry-vegetable-curry\/\">no hurry vegetable curry<\/a><br \/>\n<a href=\"http:\/\/www.fambrenner.de\/Kaffeebohne\/wordpress\/2015\/03\/24\/kokossuppe\/\">Kokossuppe<\/a><br \/>\n<a href=\"http:\/\/www.fambrenner.de\/Kaffeebohne\/wordpress\/2015\/03\/26\/veggie-tag-shiitake-omelette\/\">Shiitake-Omelette<\/a><br \/>\n<a href=\"http:\/\/www.fambrenner.de\/Kaffeebohne\/wordpress\/2015\/03\/31\/nachgekocht-linsensuppe-mit-getrockneten-tomaten-und-limette\/\">Linsensuppe mit getrockenten Tomaten und Limette<br \/>\n<\/a><\/p>\n<p><strong>Februar 2015<\/strong><\/p>\n<p><a href=\"http:\/\/www.fambrenner.de\/Kaffeebohne\/wordpress\/2015\/02\/02\/pestostorm-walnusspesto\/\">Walnusspesto<\/a><br \/>\n<a href=\"http:\/\/www.fambrenner.de\/Kaffeebohne\/wordpress\/2015\/02\/03\/linsen-blumenkohl-suppe\/\">Linsen-Blumenkohl-Suppe<\/a><br \/>\n<a href=\"http:\/\/www.fambrenner.de\/Kaffeebohne\/wordpress\/2015\/02\/05\/veggie-tag-auberginen-pilaw\/\">Auberginen Pilaw<\/a><br \/>\n<a href=\"http:\/\/www.fambrenner.de\/Kaffeebohne\/wordpress\/2015\/02\/07\/hack-quiche-mexikanische-art\/\">Hack-Quiche mexikanische Art<\/a><br \/>\n<a href=\"http:\/\/www.fambrenner.de\/Kaffeebohne\/wordpress\/2015\/02\/10\/gelbe-paprikasuppe-mit-pinienkernen\/\">Gelbe Paprikasuppe mit Pinienkernen<\/a><br \/>\n<a href=\"http:\/\/www.fambrenner.de\/Kaffeebohne\/wordpress\/2015\/02\/12\/veggie-tag-bandnudeln-mit-mangold\/\">Bandnudeln mit Mangold<\/a><br \/>\n<a href=\"http:\/\/www.fambrenner.de\/Kaffeebohne\/wordpress\/2015\/02\/14\/erbsen-und-kartoffeln-in-roter-curry-sauce\/\">Kartoffeln und Erbsen in roter Curry-Sauce<\/a><br \/>\n<a href=\"http:\/\/www.fambrenner.de\/Kaffeebohne\/wordpress\/2015\/02\/17\/avocadocremesuppe-mit-krabben\/\">Avocadocremesuppe mit Krabben<\/a><br \/>\n<a href=\"http:\/\/www.fambrenner.de\/Kaffeebohne\/wordpress\/2015\/02\/19\/veggie-tag-fenchel-aus-dem-backofen\/\">Fenchel aus dem Backofen<\/a><br \/>\n<a href=\"http:\/\/www.fambrenner.de\/Kaffeebohne\/wordpress\/2015\/02\/21\/nachgekocht-indisches-butter-chicken\/\">Indisches Butter Chicken<\/a><br \/>\n<a href=\"http:\/\/www.fambrenner.de\/Kaffeebohne\/wordpress\/2015\/02\/24\/erdnuss-suppe-mit-reis\/\">Erdnuss-Suppe mit Reis<\/a><br \/>\n<a href=\"http:\/\/www.fambrenner.de\/Kaffeebohne\/wordpress\/2015\/02\/26\/veggie-tag-pasta-verdure\/\">Pasta Verdure<\/a><\/p>\n<p><strong>Januar 2015<\/strong><\/p>\n<p><a href=\"http:\/\/www.fambrenner.de\/Kaffeebohne\/wordpress\/2015\/01\/03\/zucchini-lachs-pizza\/\">Zucchini-Lachs-Pizza<\/a><br \/>\n<a href=\"http:\/\/www.fambrenner.de\/Kaffeebohne\/wordpress\/2015\/01\/06\/kartoffel-lauchsuppe-mit-steinpilzen\/\">Kartoffel-Lauchsuppe mit Steinpilzen<\/a><br \/>\n<a href=\"http:\/\/www.fambrenner.de\/Kaffeebohne\/wordpress\/2015\/01\/08\/hirsotto-mit-wein\/\">Hirsotto mit Wein<\/a><br \/>\n<a href=\"http:\/\/www.fambrenner.de\/Kaffeebohne\/wordpress\/2015\/01\/10\/fudge-hell\/\">Fudge hell<\/a><br \/>\n<a href=\"http:\/\/www.fambrenner.de\/Kaffeebohne\/wordpress\/2015\/01\/12\/kokos-curry-suppe\/\">Kokos-Curry-Suppe<\/a><br \/>\n<a href=\"http:\/\/www.fambrenner.de\/Kaffeebohne\/wordpress\/2015\/01\/15\/veggie-tag-mediterrane-kase-polenta\/\">Mediterrane K\u00e4se-Polenta<\/a><br \/>\n<a href=\"http:\/\/www.fambrenner.de\/Kaffeebohne\/wordpress\/2015\/01\/17\/penne-mit-linsensugo\/\">Penne mit Linsensugo<\/a><br \/>\n<a href=\"http:\/\/www.fambrenner.de\/Kaffeebohne\/wordpress\/2015\/01\/20\/reisnudelsuppe\/\">Reisnudelsuppe<\/a><br \/>\n<a href=\"http:\/\/www.fambrenner.de\/Kaffeebohne\/wordpress\/2015\/01\/22\/veggie-tag-pasta-mit-zucchini-zitrone-und-ajvar\/\">Pasta mit Zucchini, Zitrone und Ajvar<\/a><br \/>\n<a href=\"http:\/\/www.fambrenner.de\/Kaffeebohne\/wordpress\/2015\/01\/24\/zucchini-lachs-pfanne\/\">Zucchini-Lachs-Pfanne<\/a><br \/>\n<a href=\"http:\/\/www.fambrenner.de\/Kaffeebohne\/wordpress\/2015\/01\/27\/mediterrane-gemusesuppe-vegetarisch-fit\/\">Mediterrane Gem\u00fcsesuppe (vegetarisch fit!)<\/a><br \/>\n<a href=\"http:\/\/www.fambrenner.de\/Kaffeebohne\/wordpress\/2015\/01\/29\/veggie-tag-kartoffel-zucchini-auflauf-mit-schafskase\/\">Kartoffel-Zucchini-Auflauf mit Schafsk\u00e4se<\/a><br \/>\n<a href=\"http:\/\/www.fambrenner.de\/Kaffeebohne\/wordpress\/2015\/01\/31\/paprika-brat-gratin\/\">Paprika-Br\u00e4t-Gratin<\/a><\/p>\n","protected":false},"excerpt":{"rendered":"<p>Dezember 2015 Erbsensuppe mit Nudeln Lasagnotti mit Rucola und Pinienkernen Ungarisches Gulasch aus dem Crockpot T\u00fcrkische Gem\u00fcsesuppe Nudeln mit Spinat und N\u00fcssen Cranberry-Orangen-Kuchen mit Orangen-Guss H\u00e4hnchenkeulen vom Blech Schmorfleisch aus dem Slowcooker November 2015 Baked Potato Suppe aus dem Slowcooker Gef\u00fcllte Teigtaschen Lachs mit Mandel-Blumenkohl Mais-Kartoffelsuppe (Corn Chowder) Tomatenpesto vegane Schokocookies Garnelen-Nudel-Suppe Modulares Kochen (Risotto &hellip; <\/p>\n<p class=\"link-more\"><a href=\"https:\/\/www.fambrenner.de\/Kaffeebohne\/wordpress\/rezepte-2015\/\" class=\"more-link\"><span class=\"screen-reader-text\">\u201eRezepte 2015\u201c<\/span> weiterlesen<\/a><\/p>\n","protected":false},"author":1,"featured_media":0,"parent":0,"menu_order":0,"comment_status":"open","ping_status":"open","template":"","meta":{"footnotes":""},"jetpack_sharing_enabled":true,"_links":{"self":[{"href":"https:\/\/www.fambrenner.de\/Kaffeebohne\/wordpress\/wp-json\/wp\/v2\/pages\/6295"}],"collection":[{"href":"https:\/\/www.fambrenner.de\/Kaffeebohne\/wordpress\/wp-json\/wp\/v2\/pages"}],"about":[{"href":"https:\/\/www.fambrenner.de\/Kaffeebohne\/wordpress\/wp-json\/wp\/v2\/types\/page"}],"author":[{"embeddable":true,"href":"https:\/\/www.fambrenner.de\/Kaffeebohne\/wordpress\/wp-json\/wp\/v2\/users\/1"}],"replies":[{"embeddable":true,"href":"https:\/\/www.fambrenner.de\/Kaffeebohne\/wordpress\/wp-json\/wp\/v2\/comments?post=6295"}],"version-history":[{"count":25,"href":"https:\/\/www.fambrenner.de\/Kaffeebohne\/wordpress\/wp-json\/wp\/v2\/pages\/6295\/revisions"}],"predecessor-version":[{"id":7001,"href":"https:\/\/www.fambrenner.de\/Kaffeebohne\/wordpress\/wp-json\/wp\/v2\/pages\/6295\/revisions\/7001"}],"wp:attachment":[{"href":"https:\/\/www.fambrenner.de\/Kaffeebohne\/wordpress\/wp-json\/wp\/v2\/media?parent=6295"}],"curies":[{"name":"wp","href":"https:\/\/api.w.org\/{rel}","templated":true}]}}