{"id":3171,"date":"2011-05-10T16:25:49","date_gmt":"2011-05-10T14:25:49","guid":{"rendered":"http:\/\/www.fambrenner.de\/Kaffeebohne\/wordpress\/?page_id=3171"},"modified":"2025-12-29T21:06:54","modified_gmt":"2025-12-29T20:06:54","slug":"rezepte-spargel","status":"publish","type":"page","link":"https:\/\/www.fambrenner.de\/Kaffeebohne\/wordpress\/rezepte-spargel\/","title":{"rendered":"Rezepte: Spargel"},"content":{"rendered":"<p><strong>wei\u00dfer Spargel<\/strong><\/p>\n<p><a href=\"http:\/\/www.fambrenner.de\/Kaffeebohne\/wordpress\/2010\/06\/11\/gebratener-spargel-mit-fruhlingszwiebeln-und-ingwer\/\">Gebratener Spargel mit Fr\u00fchlingszwiebeln und Ingwer<\/a><\/p>\n<p><a href=\"http:\/\/www.fambrenner.de\/Kaffeebohne\/wordpress\/2019\/06\/08\/gegrillter-spargel-mit-zitronigem-kartoffelpueree\/\" rel=\"noopener noreferrer\" target=\"_blank\">gegrillter Spargel mit zitronigem Kartoffelp\u00fcree<\/a><\/p>\n<p><a href=\"http:\/\/www.fambrenner.de\/Kaffeebohne\/wordpress\/2019\/05\/09\/veggie-tag-ofenspargel\/\" rel=\"noopener noreferrer\" target=\"_blank\">Ofenspargel<\/a><\/p>\n<p><a href=\"http:\/\/www.fambrenner.de\/Kaffeebohne\/wordpress\/2008\/06\/10\/spargel-in-der-folie-die-zweite\/\">Spargel aus der Folie<\/a><\/p>\n<p><a href=\"http:\/\/www.fambrenner.de\/Kaffeebohne\/wordpress\/2011\/05\/17\/spargel-mit-minz-zitronen-butter\/\">Spargel mit Minze-Zitronen-Butter<\/a><\/p>\n<p><a href=\"http:\/\/www.fambrenner.de\/Kaffeebohne\/wordpress\/2012\/05\/29\/spargelquiche-mit-parmesan\/\">Spargelquiche mit Parmesan<\/a><\/p>\n<p><a href=\"http:\/\/www.fambrenner.de\/Kaffeebohne\/wordpress\/2013\/05\/16\/veggie-tag-spargel-risotto\/\">Spargel-Risotto<\/a><\/p>\n<p><a href=\"http:\/\/www.fambrenner.de\/Kaffeebohne\/wordpress\/2011\/05\/10\/spargelsalat-mit-kresse-pfeffer-vinaigrette\/\">Spargelsalat mit Kresse-Pfeffer-Vinaigrette<\/a><\/p>\n<p><a href=\"http:\/\/www.fambrenner.de\/Kaffeebohne\/wordpress\/2007\/05\/30\/spargeltorte\/\">Spargeltorte mit gekochtem Schinken<\/a><\/p>\n<p><a href=\"https:\/\/www.fambrenner.de\/Kaffeebohne\/wordpress\/2022\/06\/09\/blog-event-clxxxvi-gruen-gruenes-risotto-mit-fruehlingsgemuese\/\" rel=\"noopener\" target=\"_blank\">Walliser Spargeltarte<\/a><\/p>\n<p><strong>gr\u00fcner Spargel<\/strong><\/p>\n<p><a href=\"http:\/\/www.fambrenner.de\/Kaffeebohne\/wordpress\/2015\/07\/04\/asiatischer-spargelsalat\/\">Asiatischer Spargelsalat<br \/>\n<\/a><\/p>\n<p><a href=\"https:\/\/www.fambrenner.de\/Kaffeebohne\/wordpress\/2021\/05\/04\/fruehlings-minestrone\/\" rel=\"noopener noreferrer\" target=\"_blank\">Fr\u00fchlings-Minestrone<\/a><\/p>\n<p><a href=\"http:\/\/www.fambrenner.de\/Kaffeebohne\/wordpress\/2014\/06\/26\/veggie-tag-gegrillter-spargel-mit-pochiertem-ei\/\">gegrillter Spargel mit pochiertem Ei<\/a><\/p>\n<p><a href=\"http:\/\/www.fambrenner.de\/Kaffeebohne\/wordpress\/2014\/05\/01\/veggie-tag-gnocchi-mit-spargelsahne\/\">Gnocchi mit Spargelsahne<\/a><\/p>\n<p><a href=\"https:\/\/www.fambrenner.de\/Kaffeebohne\/wordpress\/2022\/06\/09\/blog-event-clxxxvi-gruen-gruenes-risotto-mit-fruehlingsgemuese\/\">Gr\u00fcnes Risotto mit Fr\u00fchlingsgem\u00fcse<\/a><\/p>\n<p><a href=\"https:\/\/www.fambrenner.de\/Kaffeebohne\/wordpress\/2021\/06\/01\/gruener-spargel-im-blaetterteig\/\" rel=\"noopener noreferrer\" target=\"_blank\">Gr\u00fcner Spargel im Bl\u00e4tterteig<\/a><\/p>\n<p><a href=\"https:\/\/www.fambrenner.de\/Kaffeebohne\/wordpress\/2021\/06\/13\/gruenes-spargelrisotto-mit-walnuessen\/\" rel=\"noopener noreferrer\" target=\"_blank\">Gr\u00fcnes Spargelrisotto mit Waln\u00fcssen<\/a><\/p>\n<p><a href=\"http:\/\/www.fambrenner.de\/Kaffeebohne\/wordpress\/2015\/05\/14\/veggie-tag-gruner-spargel-salat\/\">Gr\u00fcner Spargelsalat<\/a><\/p>\n<p><a href=\"http:\/\/www.fambrenner.de\/Kaffeebohne\/wordpress\/2014\/05\/15\/veggie-tag-orzo-risotto-primavera\/\">Orzo-Risotto Primavera<\/a><\/p>\n<p><a href=\"http:\/\/www.fambrenner.de\/Kaffeebohne\/wordpress\/2016\/06\/02\/veggie-tag-pestonudeln-mit-getrockneten-tomaten-und-gerostetem-spargel\/\">Pestonudeln mit getrockneten Tomaten und ger\u00f6stetem Spargel<\/a><\/p>\n<p><a href=\"https:\/\/www.fambrenner.de\/Kaffeebohne\/wordpress\/2023\/07\/02\/koch-mein-rezept-kaffeebohne-zu-gast-bei-cookies-cakes-and-more-spargel-im-blaetterteig\/\" rel=\"noopener\" target=\"_blank\">Spargel im Bl\u00e4tterteig<\/a><\/p>\n<p><a href=\"https:\/\/www.fambrenner.de\/Kaffeebohne\/wordpress\/2021\/07\/01\/veggie-tag-spargel-kaese-tarte\/\" rel=\"noopener\" target=\"_blank\">Spargel-K\u00e4se-Tarte<\/a><\/p>\n<p><a href=\"http:\/\/www.fambrenner.de\/Kaffeebohne\/wordpress\/2019\/06\/06\/veggie-tag-spargel-tomaten-quiche\/\" rel=\"noopener noreferrer\" target=\"_blank\">Spargel-Tomaten-Quiche<\/a><\/p>\n<p><a href=\"http:\/\/www.fambrenner.de\/Kaffeebohne\/wordpress\/2014\/05\/22\/veggie-tag-tagliatelle-mit-spargel-und-getrockneten-tomaten\/\">Tagliatelle mit Spargel und getrockneten Tomaten<\/a><\/p>\n<p><a href=\"https:\/\/www.fambrenner.de\/Kaffeebohne\/wordpress\/2022\/06\/16\/veggie-tag-spargel-zitronen-pasta-mit-feta\/\" rel=\"noopener\" target=\"_blank\">Spargel-Zitronen-Pasta mit Feta<\/a><\/p>\n<p><a href=\"https:\/\/www.fambrenner.de\/Kaffeebohne\/wordpress\/2021\/05\/13\/veggie-tag-zitronennudeln-mit-gruenem-spargel\/\" rel=\"noopener noreferrer\" target=\"_blank\">Zitronennudeln mit gr\u00fcnem Spargel<\/a><\/p>\n<p>Stand: 31.12.2025<\/p>\n","protected":false},"excerpt":{"rendered":"<p>wei\u00dfer Spargel Gebratener Spargel mit Fr\u00fchlingszwiebeln und Ingwer gegrillter Spargel mit zitronigem Kartoffelp\u00fcree Ofenspargel Spargel aus der Folie Spargel mit Minze-Zitronen-Butter Spargelquiche mit Parmesan Spargel-Risotto Spargelsalat mit Kresse-Pfeffer-Vinaigrette Spargeltorte mit gekochtem Schinken Walliser Spargeltarte gr\u00fcner Spargel Asiatischer Spargelsalat Fr\u00fchlings-Minestrone gegrillter Spargel mit pochiertem Ei Gnocchi mit Spargelsahne Gr\u00fcnes Risotto mit Fr\u00fchlingsgem\u00fcse Gr\u00fcner Spargel im Bl\u00e4tterteig &hellip; <\/p>\n<p class=\"link-more\"><a href=\"https:\/\/www.fambrenner.de\/Kaffeebohne\/wordpress\/rezepte-spargel\/\" class=\"more-link\"><span class=\"screen-reader-text\">\u201eRezepte: Spargel\u201c<\/span> weiterlesen<\/a><\/p>\n","protected":false},"author":1,"featured_media":0,"parent":0,"menu_order":0,"comment_status":"open","ping_status":"open","template":"","meta":{"footnotes":""},"jetpack_sharing_enabled":true,"_links":{"self":[{"href":"https:\/\/www.fambrenner.de\/Kaffeebohne\/wordpress\/wp-json\/wp\/v2\/pages\/3171"}],"collection":[{"href":"https:\/\/www.fambrenner.de\/Kaffeebohne\/wordpress\/wp-json\/wp\/v2\/pages"}],"about":[{"href":"https:\/\/www.fambrenner.de\/Kaffeebohne\/wordpress\/wp-json\/wp\/v2\/types\/page"}],"author":[{"embeddable":true,"href":"https:\/\/www.fambrenner.de\/Kaffeebohne\/wordpress\/wp-json\/wp\/v2\/users\/1"}],"replies":[{"embeddable":true,"href":"https:\/\/www.fambrenner.de\/Kaffeebohne\/wordpress\/wp-json\/wp\/v2\/comments?post=3171"}],"version-history":[{"count":33,"href":"https:\/\/www.fambrenner.de\/Kaffeebohne\/wordpress\/wp-json\/wp\/v2\/pages\/3171\/revisions"}],"predecessor-version":[{"id":9578,"href":"https:\/\/www.fambrenner.de\/Kaffeebohne\/wordpress\/wp-json\/wp\/v2\/pages\/3171\/revisions\/9578"}],"wp:attachment":[{"href":"https:\/\/www.fambrenner.de\/Kaffeebohne\/wordpress\/wp-json\/wp\/v2\/media?parent=3171"}],"curies":[{"name":"wp","href":"https:\/\/api.w.org\/{rel}","templated":true}]}}