{"id":2716,"date":"2010-10-09T10:48:52","date_gmt":"2010-10-09T09:48:52","guid":{"rendered":"http:\/\/www.fambrenner.de\/Kaffeebohne\/wordpress\/?page_id=2716"},"modified":"2025-09-17T19:42:36","modified_gmt":"2025-09-17T17:42:36","slug":"rezepte-kurbis","status":"publish","type":"page","link":"https:\/\/www.fambrenner.de\/Kaffeebohne\/wordpress\/rezepte-kurbis\/","title":{"rendered":"Rezepte: K\u00fcrbis"},"content":{"rendered":"<p><strong>A<\/strong><br \/>\n<strong>B<\/strong><br \/>\n<strong>C<\/strong><br \/>\n<a href=\"http:\/\/www.fambrenner.de\/Kaffeebohne\/wordpress\/2016\/11\/03\/veggie-tag-cremiges-kurbisgemuse-mit-gnocchi\/\" rel=\"noopener noreferrer\" target=\"_blank\">Cremiges K\u00fcrbisgem\u00fcse mit Gnocchi<\/a><br \/>\n<a href=\"http:\/\/www.fambrenner.de\/Kaffeebohne\/wordpress\/2007\/10\/13\/cremiges-kurbisrisotto\/\">Cremiges K\u00fcrbisrisotto<\/a><br \/>\n<strong>D<\/strong><br \/>\n<a href=\"http:\/\/www.fambrenner.de\/Kaffeebohne\/wordpress\/2005\/10\/30\/dinkel-kurbis-brot\/\">Dinkel-K\u00fcrbis-Brot<\/a><br \/>\n<strong>E<\/strong><br \/>\n<strong>F<\/strong><br \/>\n<strong>G<\/strong><br \/>\n<a href=\"http:\/\/www.fambrenner.de\/Kaffeebohne\/wordpress\/2016\/11\/24\/gennaros-penne-mit-butternusskurbis-und-pancetta\/\" rel=\"noopener noreferrer\" target=\"_blank\">Gennaros Penne mit Butternussk\u00fcrbis und Pancetta<\/a><br \/>\n<a href=\"http:\/\/www.fambrenner.de\/Kaffeebohne\/wordpress\/2005\/10\/31\/blog-event-vii-kurbis-a-la-hamilton\/\">Gef\u00fcllter K\u00fcrbis &#8211; K\u00fcrbis \u00c3\u00a0 la Hamilton<\/a><br \/>\n<a href=\"https:\/\/www.fambrenner.de\/Kaffeebohne\/wordpress\/2020\/12\/01\/gemueseeintopf-mit-erdnuessen\/\" rel=\"noopener\" target=\"_blank\">Gem\u00fcseeintopf mit Erdn\u00fcssen<\/a><br \/>\n<a href=\"https:\/\/www.fambrenner.de\/Kaffeebohne\/wordpress\/2021\/01\/30\/gemuesegratin-mit-brotkruste\/\" rel=\"noopener\" target=\"_blank\">Gem\u00fcsegratin mit Brotkruste<\/a><br \/>\n<a href=\"http:\/\/www.fambrenner.de\/Kaffeebohne\/wordpress\/2012\/11\/01\/veggie-tag-gnocchi-auf-kurbis-curry\/\">Gnocchi auf K\u00fcrbis-Curry<\/a><br \/>\n<strong>H<\/strong><br \/>\n<a href=\"http:\/\/www.fambrenner.de\/Kaffeebohne\/wordpress\/2007\/09\/15\/huhn-kurbis-curry-geschnetzeltes\/\">Huhn-K\u00fcrbis-Curry<\/a><br \/>\n<strong>I<\/strong><br \/>\n<a href=\"http:\/\/www.fambrenner.de\/Kaffeebohne\/wordpress\/2014\/10\/28\/indischer-kichererbsen-kurbis-eintopf\/\">Indischer Kichererbsen-K\u00fcrbis-Eintopf<\/a><br \/>\n<a href=\"http:\/\/www.fambrenner.de\/Kaffeebohne\/wordpress\/2010\/10\/14\/nachgekocht-indisches-kurbis-kartoffel-curry\/\">Indisches K\u00fcrbis-Kartoffel-Curry<\/a><br \/>\n<strong>J<\/strong><br \/>\n<strong>K<\/strong><br \/>\n<a href=\"http:\/\/www.fambrenner.de\/Kaffeebohne\/wordpress\/2007\/09\/14\/blog-event-sommersuppe\/\">Kalte K\u00fcrbissuppe Thai-Style<\/a><br \/>\n<a href=\"http:\/\/www.fambrenner.de\/Kaffeebohne\/wordpress\/2014\/11\/18\/kartoffel-ingwer-kurbis-suppe\/\">Kartoffel-K\u00fcrbis-Ingwer-Suppe<\/a><br \/>\n<a href=\"http:\/\/www.fambrenner.de\/Kaffeebohne\/wordpress\/2014\/10\/11\/veggie-tag-kartoffel-kurbis-tortillia\/\">Kartoffel-K\u00fcrbis-Tortillia<\/a><br \/>\n<a href=\"http:\/\/www.fambrenner.de\/Kaffeebohne\/wordpress\/2011\/11\/08\/kurbis-zwiebel-kuchen\/\">Kr\u00e4ftiger K\u00fcrbis-Zwiebel-Kuchen<\/a><br \/>\n<a href=\"http:\/\/www.fambrenner.de\/Kaffeebohne\/wordpress\/2013\/10\/03\/veggie-tag-kurbis-apfel-ingwer-suppe\/\">K\u00fcrbis-Apfel-Ingwer-Suppe<\/a><br \/>\n<a href=\"http:\/\/www.fambrenner.de\/Kaffeebohne\/wordpress\/2020\/11\/12\/veggie-tag-kuerbis-bolognese\/\" rel=\"noopener noreferrer\" target=\"_blank\">K\u00fcrbis-Bolognese<\/a><br \/>\n<a href=\"http:\/\/www.fambrenner.de\/Kaffeebohne\/wordpress\/2020\/11\/25\/koch-mein-rezept-kaffeebohne-zu-gast-bei-herbs-chocolate-kuerbis-curry-mit-spinat-und-kokosmilch\/\" rel=\"noopener noreferrer\" target=\"_blank\">K\u00fcrbis-Curry mit Spinat und Kokosmilch<\/a><br \/>\n<a href=\"https:\/\/www.fambrenner.de\/Kaffeebohne\/wordpress\/2019\/10\/27\/kuerbiseintopf\/\" rel=\"noopener noreferrer\" target=\"_blank\">K\u00fcrbiseintopf<\/a><br \/>\n<a href=\"http:\/\/www.fambrenner.de\/Kaffeebohne\/wordpress\/2018\/10\/21\/kuerbis-hack-auflauf\/\" rel=\"noopener noreferrer\" target=\"_blank\">K\u00fcrbis-Hack-Auflauf<\/a><br \/>\n<a href=\"http:\/\/www.fambrenner.de\/Kaffeebohne\/wordpress\/2005\/10\/26\/kurbis-kartoffelpuffer\/\">K\u00fcrbis-Kartoffelpuffer<\/a><br \/>\n<a href=\"http:\/\/www.fambrenner.de\/Kaffeebohne\/wordpress\/2010\/11\/04\/veggie-tag-kurbis-linsen-gemuse-mit-nudeln\/\">K\u00fcrbis-Linsen-Gem\u00fcse mit Nudeln<\/a><br \/>\n<a href=\"https:\/\/www.fambrenner.de\/Kaffeebohne\/wordpress\/2021\/11\/09\/vegane-kuerbis-linsen-suppe\/\" rel=\"noopener\" target=\"_blank\">K\u00fcrbis-Linsen-Suppe<\/a><br \/>\n<a href=\"http:\/\/www.fambrenner.de\/Kaffeebohne\/wordpress\/2011\/12\/08\/veggie-tag-kurbis-orangen-suppe\/\">K\u00fcrbis-Orangen-Suppe<\/a><br \/>\n<a href=\"https:\/\/www.fambrenner.de\/Kaffeebohne\/wordpress\/2021\/10\/28\/veggie-tag-kuerbis-pasta\/\" rel=\"noopener\" target=\"_blank\">K\u00fcrbis-Pasta<\/a><br \/>\n<a href=\"http:\/\/www.fambrenner.de\/Kaffeebohne\/wordpress\/2006\/11\/05\/kurbis-kartoffel-pfanne\/\">K\u00fcrbispfanne mit Kartoffeln<\/a><br \/>\n<a href=\"http:\/\/www.fambrenner.de\/Kaffeebohne\/wordpress\/2008\/09\/11\/kurbisquiche-mit-krautern\/\">K\u00fcrbisquiche mit Kr\u00e4utern<\/a><br \/>\n<a href=\"http:\/\/www.fambrenner.de\/Kaffeebohne\/wordpress\/2014\/10\/07\/nachgekocht-kurbis-risotto-mit-walnuss\/\">K\u00fcrbisrisotto mit Walnuss<\/a><br \/>\n<a href=\"http:\/\/www.fambrenner.de\/Kaffeebohne\/wordpress\/2019\/11\/10\/blog-event-clviii-kuer-mit-biss-kuerbisspaetzle\/\" rel=\"noopener noreferrer\" target=\"_blank\">K\u00fcrbissp\u00e4tzle<\/a><br \/>\n<a href=\"http:\/\/www.fambrenner.de\/Kaffeebohne\/wordpress\/2006\/10\/23\/suppe-der-woche-kurbissuppe\/\">K\u00fcrbissuppe<\/a><br \/>\n<a href=\"http:\/\/www.fambrenner.de\/Kaffeebohne\/wordpress\/2008\/10\/26\/kurbissuppe-indian-style\/\">K\u00fcrbissuppe Indian Style<\/a><br \/>\n<a href=\"https:\/\/www.fambrenner.de\/Kaffeebohne\/wordpress\/2022\/02\/17\/veggie-tag-kuerbissuppe-mit-ingwer-und-kokos\/\" rel=\"noopener\" target=\"_blank\">K\u00fcrbissuppe mit Ingwer und Kokos<\/a><br \/>\n<a href=\"http:\/\/www.fambrenner.de\/Kaffeebohne\/wordpress\/2014\/09\/25\/veggie-tag-kurbissuppe-mit-kokos-und-tomate\/\">K\u00fcrbissuppe mit Kokos und Tomate<\/a><br \/>\n<a href=\"http:\/\/www.fambrenner.de\/Kaffeebohne\/wordpress\/2019\/11\/26\/kuerbissuppe-mit-meerrettich\/\" rel=\"noopener noreferrer\" target=\"_blank\">K\u00fcrbissuppe mit Meerrettich<\/a><br \/>\n<strong>L<\/strong><br \/>\n<a href=\"https:\/\/www.fambrenner.de\/Kaffeebohne\/wordpress\/2021\/11\/02\/linguine-mit-kuerbissauce\/\" rel=\"noopener\" target=\"_blank\">Linguine mit K\u00fcrbissauce<\/a><br \/>\n<strong>M<\/strong><br \/>\n<a href=\"http:\/\/www.fambrenner.de\/Kaffeebohne\/wordpress\/2012\/11\/08\/veggie-tag-makkaroni-mit-kurbis-sahne-sauce\/\">Makkaroni mit K\u00fcrbis-Sahne-Sauce<\/a><br \/>\n<strong>N<\/strong><br \/>\n<strong>O<\/strong><br \/>\n<a href=\"https:\/\/www.fambrenner.de\/Kaffeebohne\/wordpress\/2021\/12\/07\/orientalische-kuerbis-paprika-suppe-aus-dem-slowcooker\/\" rel=\"noopener\" target=\"_blank\">Orientalische K\u00fcrbis-Paprika-Suppe aus dem Slowcooker<\/a><br \/>\n<strong>P<\/strong><br \/>\n<a href=\"http:\/\/www.fambrenner.de\/Kaffeebohne\/wordpress\/2016\/11\/17\/veggie-tag-pappardelle-mit-kurbis-und-salbei\/\" rel=\"noopener noreferrer\" target=\"_blank\">Pappardelle mit K\u00fcrbis und Salbei<\/a><br \/>\n<a href=\"https:\/\/www.fambrenner.de\/Kaffeebohne\/wordpress\/2020\/11\/12\/veggie-tag-kuerbis-bolognese\/\" rel=\"noopener\" target=\"_blank\">Penne mit K\u00fcrbis-Bolognese<\/a><br \/>\n<a href=\"http:\/\/www.fambrenner.de\/Kaffeebohne\/wordpress\/2014\/10\/02\/veggie-tag-penne-mit-kurbis-und-peperoncini\/\">Penne mit K\u00fcrbis und Pepperoncini<\/a><br \/>\n<strong>Q<\/strong><br \/>\n<strong>R<\/strong><br \/>\n<a href=\"https:\/\/www.fambrenner.de\/Kaffeebohne\/wordpress\/2021\/01\/26\/reis-kuerbis-suppe\/\" rel=\"noopener\" target=\"_blank\">Reis-K\u00fcrbis-Suppe<\/a><br \/>\n<strong>S<\/strong><br \/>\n<a href=\"http:\/\/www.fambrenner.de\/Kaffeebohne\/wordpress\/2005\/10\/25\/spaghetti-mit-kurbissose\/\">Spaghetti mit K\u00fcrbisso\u00dfe<\/a><br \/>\n<a href=\"http:\/\/www.fambrenner.de\/Kaffeebohne\/wordpress\/2011\/10\/05\/veggie-tag-spaghetti-mit-tomaten-kurbis-sose\/\">Spaghetti mit Tomaten-K\u00fcrbis-So\u00dfe<br \/>\n<\/a><br \/>\n<strong>T<\/strong><br \/>\n<strong>U<\/strong><br \/>\n<a href=\"http:\/\/www.fambrenner.de\/Kaffeebohne\/wordpress\/2020\/12\/10\/veggie-tag-ueberbackene-kuerbis-spinat-nudeln\/\" rel=\"noopener noreferrer\" target=\"_blank\">\u00dcberbackene K\u00fcrbis-Spinat-Nudeln<\/a><br \/>\n<strong>V<\/strong><br \/>\n<strong>W<\/strong><br \/>\n<strong>X<\/strong><br \/>\n<strong>Y<\/strong><br \/>\n<strong>Z<\/strong><\/p>\n<p>Stand: 31.12.2021<\/p>\n","protected":false},"excerpt":{"rendered":"<p>A B C Cremiges K\u00fcrbisgem\u00fcse mit Gnocchi Cremiges K\u00fcrbisrisotto D Dinkel-K\u00fcrbis-Brot E F G Gennaros Penne mit Butternussk\u00fcrbis und Pancetta Gef\u00fcllter K\u00fcrbis &#8211; K\u00fcrbis \u00c3\u00a0 la Hamilton Gem\u00fcseeintopf mit Erdn\u00fcssen Gem\u00fcsegratin mit Brotkruste Gnocchi auf K\u00fcrbis-Curry H Huhn-K\u00fcrbis-Curry I Indischer Kichererbsen-K\u00fcrbis-Eintopf Indisches K\u00fcrbis-Kartoffel-Curry J K Kalte K\u00fcrbissuppe Thai-Style Kartoffel-K\u00fcrbis-Ingwer-Suppe Kartoffel-K\u00fcrbis-Tortillia Kr\u00e4ftiger K\u00fcrbis-Zwiebel-Kuchen K\u00fcrbis-Apfel-Ingwer-Suppe K\u00fcrbis-Bolognese K\u00fcrbis-Curry &hellip; <\/p>\n<p class=\"link-more\"><a href=\"https:\/\/www.fambrenner.de\/Kaffeebohne\/wordpress\/rezepte-kurbis\/\" class=\"more-link\"><span class=\"screen-reader-text\">\u201eRezepte: K\u00fcrbis\u201c<\/span> weiterlesen<\/a><\/p>\n","protected":false},"author":1,"featured_media":0,"parent":0,"menu_order":0,"comment_status":"open","ping_status":"open","template":"","meta":{"footnotes":""},"jetpack_sharing_enabled":true,"_links":{"self":[{"href":"https:\/\/www.fambrenner.de\/Kaffeebohne\/wordpress\/wp-json\/wp\/v2\/pages\/2716"}],"collection":[{"href":"https:\/\/www.fambrenner.de\/Kaffeebohne\/wordpress\/wp-json\/wp\/v2\/pages"}],"about":[{"href":"https:\/\/www.fambrenner.de\/Kaffeebohne\/wordpress\/wp-json\/wp\/v2\/types\/page"}],"author":[{"embeddable":true,"href":"https:\/\/www.fambrenner.de\/Kaffeebohne\/wordpress\/wp-json\/wp\/v2\/users\/1"}],"replies":[{"embeddable":true,"href":"https:\/\/www.fambrenner.de\/Kaffeebohne\/wordpress\/wp-json\/wp\/v2\/comments?post=2716"}],"version-history":[{"count":39,"href":"https:\/\/www.fambrenner.de\/Kaffeebohne\/wordpress\/wp-json\/wp\/v2\/pages\/2716\/revisions"}],"predecessor-version":[{"id":13145,"href":"https:\/\/www.fambrenner.de\/Kaffeebohne\/wordpress\/wp-json\/wp\/v2\/pages\/2716\/revisions\/13145"}],"wp:attachment":[{"href":"https:\/\/www.fambrenner.de\/Kaffeebohne\/wordpress\/wp-json\/wp\/v2\/media?parent=2716"}],"curies":[{"name":"wp","href":"https:\/\/api.w.org\/{rel}","templated":true}]}}