{"id":1995,"date":"2009-08-25T12:08:53","date_gmt":"2009-08-25T10:08:53","guid":{"rendered":"http:\/\/www.fambrenner.de\/Kaffeebohne\/wordpress\/?page_id=1995"},"modified":"2019-10-23T17:51:46","modified_gmt":"2019-10-23T15:51:46","slug":"dkduw-kochbucher","status":"publish","type":"page","link":"https:\/\/www.fambrenner.de\/Kaffeebohne\/wordpress\/dkduw-kochbucher\/","title":{"rendered":"DKduW: Kochb\u00fccher"},"content":{"rendered":"<p>August 2012<br \/>\n<a href=\"http:\/\/www.fambrenner.de\/Kaffeebohne\/wordpress\/2012\/08\/04\/dkduw-genial-kochen-mit-jamie-oliver\/\">Genial kochen mit Jamie Oliver &#8211; Der beste Nudelsalat<\/a><\/p>\n<p>Oktober 2011<br \/>\n<a href=\"http:\/\/www.fambrenner.de\/Kaffeebohne\/wordpress\/2011\/10\/25\/dkduw-kaffeelust-muffins-nach-sacher-art\/\">Kaffeelust &#8211; Muffins nach Sacher-Art<\/a><\/p>\n<p>Juli 2011<br \/>\n<a href=\"http:\/\/www.fambrenner.de\/Kaffeebohne\/wordpress\/2011\/07\/24\/dkduw-brot-oliven-tomaten-brot\/\">Brot &#8211; Tomaten-Oliven-Brot<\/a><\/p>\n<p>Mai 2011<br \/>\n<a href=\"http:\/\/www.fambrenner.de\/Kaffeebohne\/wordpress\/2011\/05\/25\/dkduw-pesto-nicht-nur-zu-pasta\/\">Pesto &#8211; nicht nur zur Pasta: Zucchini-Nudeln mit Haselnuss-Pesto<\/a><\/p>\n<p>Februar 2011<br \/>\n<a href=\"http:\/\/www.fambrenner.de\/Kaffeebohne\/wordpress\/2011\/02\/10\/dkduw-wok-die-besten-rezepte\/\">WOK-die besten Rezepte: Scharfes Gem\u00fcse in Kokossauce<\/a><\/p>\n<p>November 2010<br \/>\n<a href=\"http:\/\/www.fambrenner.de\/Kaffeebohne\/wordpress\/2010\/10\/30\/dkduk-familienstucke-kuchen-vom-blech\/\">Familienst\u00fccke &#8211; Kuchen vom Blech: Kirsch-R\u00fchrkuchen mit Mandeln<\/a><\/p>\n<p>September 2010<br \/>\n<a href=\"http:\/\/www.fambrenner.de\/Kaffeebohne\/wordpress\/2010\/09\/25\/dkduw-pikantes-backen\/\">Pikantes Backen &#8211; Das schmeckt!: Badischer Zwiebelkuchen<\/a><\/p>\n<p>August 2010<br \/>\n<a href=\"http:\/\/www.fambrenner.de\/Kaffeebohne\/wordpress\/2010\/08\/22\/dkduw-le-ricette-de-giuliana-2009\/\">Le ricette de Giuliana 2009: Penne al sugo di melanzane<\/a><\/p>\n<p>Juni 2010<br \/>\n<a href=\"http:\/\/www.fambrenner.de\/Kaffeebohne\/wordpress\/2010\/06\/25\/dkduw-die-besten-zucchini-rezepte\/\">Die besten Zucchini Rezepte: Zucchini in scharfer Senfsauce<\/a><\/p>\n<p>April 2010<br \/>\n<a href=\"http:\/\/www.fambrenner.de\/Kaffeebohne\/wordpress\/2010\/04\/25\/biscotti-mit-karamelisierten-mandelblattchen\/\">Lou Seibert Pappas, Biscotti: Biscotti mit karamelisierten Mandelnbl\u00e4ttchen<\/a><\/p>\n<p>Februar 2010<br \/>\n<a href=\"http:\/\/www.fambrenner.de\/Kaffeebohne\/wordpress\/2010\/02\/09\/dkduw-alfred-biolek-meine-rezepte\/\">Alfred Biolek, Meine Rezepte: Indisches Huhn nach Monty Pythons<\/a><\/p>\n<p>Oktober 2009<br \/>\n<a href=\"http:\/\/www.fambrenner.de\/Kaffeebohne\/wordpress\/2009\/10\/25\/dkduw-blaubeer-smoothie\/\">S\u00e4fte &#038; Shakes: Blaubeer Smoothie<\/a><\/p>\n<p>September 2009:<br \/>\n<a href=\"http:\/\/www.fambrenner.de\/Kaffeebohne\/wordpress\/2009\/09\/24\/dkduw-kaffeebar\/\">Reinhardt Hess, Kaffeebar: Sfincione<\/a><\/p>\n<p>Mai 2009:<br \/>\n<a href=\"http:\/\/www.fambrenner.de\/Kaffeebohne\/wordpress\/2009\/05\/24\/dkudw-zacherl-einfach-kochen-pasta\/\">Ralf Zacherl, Einfach kochen! Pasta : Spaghetti-R\u00f6sti mit Pilzsauce<\/a><\/p>\n<p>April 2009:<br \/>\n<a href=\"http:\/\/www.fambrenner.de\/Kaffeebohne\/wordpress\/2009\/04\/25\/dkduw-das-grose-mediterane-kochbuch\/\">das gro\u00dfe mediterane Kochbuch: Zitronenh\u00e4hnchen<\/a><\/p>\n<p>M\u00e4rz 2009:<br \/>\n<a href=\"http:\/\/www.fambrenner.de\/Kaffeebohne\/wordpress\/2009\/03\/22\/dkduw-the-return-of-the-naked-chef\/\/\">Jamie Oliver, the return of the naked chef: Fantastic fish pie<\/a><\/p>\n<p>Januar 2009:<br \/>\n<a href=\"http:\/\/www.fambrenner.de\/Kaffeebohne\/wordpress\/2009\/01\/24\/dkduw-das-expo-2000-kochbuch\/\">Das Expo 2000 Kochbuch, B\u00fcndner Polentaauflauf mit Speck<\/a><\/p>\n<p>November 2008:<br \/>\n<a href=\"http:\/\/www.fambrenner.de\/Kaffeebohne\/wordpress\/2008\/11\/25\/dkduw-kaffeekult\/\">Yasar Karaoglu, Kaffeekult: Schokoladenkekse<\/a><\/p>\n<p>September 2008:<br \/>\n<a href=\"http:\/\/www.fambrenner.de\/Kaffeebohne\/wordpress\/2008\/09\/28\/aus-italiens-kuchen\/\">Aus Italiens K\u00fcchen, Spaghetti all&#8217;amitriciana<\/a><\/p>\n<p>August 2008:<br \/>\n<a href=\"http:\/\/www.fambrenner.de\/Kaffeebohne\/wordpress\/2008\/08\/25\/dkduw-schwabische-spatzleskuche\/\">Siegfried Ruo\u00df, Schw\u00e4bische Sp\u00e4tzlesk\u00fcche, Feuriger Sp\u00e4tzletopf<\/a><\/p>\n<p>Dezember 2007:<br \/>\n<a href=\"http:\/\/www.fambrenner.de\/Kaffeebohne\/wordpress\/2007\/12\/07\/dkduw-vintschger-fladen\/\">Marey Kurz &#8211; Brot backen: Vintscher Fladen<br \/>\n<\/a><br \/>\nSeptember 2007 :<br \/>\n<a href=\"http:\/\/www.fambrenner.de\/Kaffeebohne\/wordpress\/2007\/09\/11\/dkduw-sehr-feine-apfeltorte\/\">Das beste Dr. Oetker Backbuch : Sehr feine Apfeltorte<\/a><\/p>\n","protected":false},"excerpt":{"rendered":"<p>August 2012 Genial kochen mit Jamie Oliver &#8211; Der beste Nudelsalat Oktober 2011 Kaffeelust &#8211; Muffins nach Sacher-Art Juli 2011 Brot &#8211; Tomaten-Oliven-Brot Mai 2011 Pesto &#8211; nicht nur zur Pasta: Zucchini-Nudeln mit Haselnuss-Pesto Februar 2011 WOK-die besten Rezepte: Scharfes Gem\u00fcse in Kokossauce November 2010 Familienst\u00fccke &#8211; Kuchen vom Blech: Kirsch-R\u00fchrkuchen mit Mandeln September 2010 &hellip; <\/p>\n<p class=\"link-more\"><a href=\"https:\/\/www.fambrenner.de\/Kaffeebohne\/wordpress\/dkduw-kochbucher\/\" class=\"more-link\"><span class=\"screen-reader-text\">\u201eDKduW: Kochb\u00fccher\u201c<\/span> weiterlesen<\/a><\/p>\n","protected":false},"author":1,"featured_media":0,"parent":0,"menu_order":0,"comment_status":"open","ping_status":"open","template":"","meta":{"footnotes":""},"jetpack_sharing_enabled":true,"_links":{"self":[{"href":"https:\/\/www.fambrenner.de\/Kaffeebohne\/wordpress\/wp-json\/wp\/v2\/pages\/1995"}],"collection":[{"href":"https:\/\/www.fambrenner.de\/Kaffeebohne\/wordpress\/wp-json\/wp\/v2\/pages"}],"about":[{"href":"https:\/\/www.fambrenner.de\/Kaffeebohne\/wordpress\/wp-json\/wp\/v2\/types\/page"}],"author":[{"embeddable":true,"href":"https:\/\/www.fambrenner.de\/Kaffeebohne\/wordpress\/wp-json\/wp\/v2\/users\/1"}],"replies":[{"embeddable":true,"href":"https:\/\/www.fambrenner.de\/Kaffeebohne\/wordpress\/wp-json\/wp\/v2\/comments?post=1995"}],"version-history":[{"count":29,"href":"https:\/\/www.fambrenner.de\/Kaffeebohne\/wordpress\/wp-json\/wp\/v2\/pages\/1995\/revisions"}],"predecessor-version":[{"id":9791,"href":"https:\/\/www.fambrenner.de\/Kaffeebohne\/wordpress\/wp-json\/wp\/v2\/pages\/1995\/revisions\/9791"}],"wp:attachment":[{"href":"https:\/\/www.fambrenner.de\/Kaffeebohne\/wordpress\/wp-json\/wp\/v2\/media?parent=1995"}],"curies":[{"name":"wp","href":"https:\/\/api.w.org\/{rel}","templated":true}]}}