{"id":11929,"date":"2021-10-12T13:35:05","date_gmt":"2021-10-12T11:35:05","guid":{"rendered":"https:\/\/www.fambrenner.de\/Kaffeebohne\/wordpress\/?page_id=11929"},"modified":"2021-10-12T13:35:51","modified_gmt":"2021-10-12T11:35:51","slug":"rezepte-2014","status":"publish","type":"page","link":"https:\/\/www.fambrenner.de\/Kaffeebohne\/wordpress\/rezepte-2014\/","title":{"rendered":"Rezepte 2014"},"content":{"rendered":"<p><strong>Rezepte 2014<\/strong><\/p>\n<p><strong>Dezember<\/strong><br \/>\n<a href=\"https:\/\/www.fambrenner.de\/Kaffeebohne\/wordpress\/2014\/12\/30\/mohrensuppe-mit-reis\/\" rel=\"noopener\" target=\"_blank\">M\u00f6hrensuppe mit Reis<\/a><br \/>\n<a href=\"https:\/\/www.fambrenner.de\/Kaffeebohne\/wordpress\/2014\/12\/23\/italienische-gemusesuppe\/\" rel=\"noopener\" target=\"_blank\">Italienische Gem\u00fcsesuppe<\/a><br \/>\n<a href=\"https:\/\/www.fambrenner.de\/Kaffeebohne\/wordpress\/2014\/12\/22\/fudge-dunkel\/\" rel=\"noopener\" target=\"_blank\">Fudge dunkel<\/a><br \/>\n<a href=\"https:\/\/www.fambrenner.de\/Kaffeebohne\/wordpress\/2014\/12\/18\/veggie-tag-spinatspatzle-mit-mozzarella\/\" rel=\"noopener\" target=\"_blank\">Spinatsp\u00e4tzle mit Mozzarella<\/a><br \/>\n<a href=\"https:\/\/www.fambrenner.de\/Kaffeebohne\/wordpress\/2014\/12\/16\/pastinaken-kartoffel-suppe\/\" rel=\"noopener\" target=\"_blank\">Pastinaken-Kartoffel-Suppe<\/a><br \/>\n<a href=\"https:\/\/www.fambrenner.de\/Kaffeebohne\/wordpress\/2014\/12\/11\/veggie-tag-gemuse-carbonara-mit-spaghetti\/\" rel=\"noopener\" target=\"_blank\">Gem\u00fcse-Carbonara mit Spaghetti<\/a><br \/>\n<a href=\"https:\/\/www.fambrenner.de\/Kaffeebohne\/wordpress\/2014\/12\/09\/blumenkohl-currysuppe-mit-garnelen\/\" rel=\"noopener\" target=\"_blank\">Blumenkohl-Currysuppe mit Garnelen<\/a><br \/>\n<a href=\"https:\/\/www.fambrenner.de\/Kaffeebohne\/wordpress\/2014\/12\/04\/veggie-tag-aubergine-al-forno\/\" rel=\"noopener\" target=\"_blank\">Aubergine al forno<\/a><br \/>\n<a href=\"https:\/\/www.fambrenner.de\/Kaffeebohne\/wordpress\/2014\/12\/02\/irische-pastinaken-apfelsuppe\/\" rel=\"noopener\" target=\"_blank\">Irische Pastinaken-Apfelsuppe<\/a><\/p>\n<p><strong>November<\/strong><br \/>\n<a href=\"https:\/\/www.fambrenner.de\/Kaffeebohne\/wordpress\/2014\/11\/27\/veggie-tag-gebratene-pilze-und-zucchini\/\" rel=\"noopener\" target=\"_blank\">Gebratene Pilze und Zucchini<\/a><br \/>\n<a href=\"https:\/\/www.fambrenner.de\/Kaffeebohne\/wordpress\/2014\/11\/25\/scharfe-brokkoli-kokossuppe\/\" rel=\"noopener\" target=\"_blank\">Scharfe Brokkoli-Kokossuppe<\/a><br \/>\n<a href=\"https:\/\/www.fambrenner.de\/Kaffeebohne\/wordpress\/2014\/11\/20\/veggie-tag-flammkuchen-italiano-mit-lauc\/\" rel=\"noopener\" target=\"_blank\">Flammkuchen italiano mit Lauch<\/a><br \/>\n<a href=\"https:\/\/www.fambrenner.de\/Kaffeebohne\/wordpress\/2014\/11\/18\/kartoffel-ingwer-kurbis-suppe\/\" rel=\"noopener\" target=\"_blank\">Kartoffel-Ingwer-K\u00fcrbis-Suppe<\/a><br \/>\n<a href=\"https:\/\/www.fambrenner.de\/Kaffeebohne\/wordpress\/2014\/11\/15\/bohnen-lachs-gratin\/\" rel=\"noopener\" target=\"_blank\">Bohnen-Lachs-Gratin<\/a><br \/>\n<a href=\"https:\/\/www.fambrenner.de\/Kaffeebohne\/wordpress\/2014\/11\/13\/veggie-tag-bohnen-nach-vogelchen-art\/\" rel=\"noopener\" target=\"_blank\">Bohnen nach V\u00f6gelchen Art<\/a><br \/>\n<a href=\"https:\/\/www.fambrenner.de\/Kaffeebohne\/wordpress\/2014\/11\/11\/arabischer-eintopf\/\" rel=\"noopener\" target=\"_blank\">Arabischer Eintopf<\/a><br \/>\n<a href=\"https:\/\/www.fambrenner.de\/Kaffeebohne\/wordpress\/2014\/11\/08\/erbsen-risotto-mit-lachs\/\" rel=\"noopener\" target=\"_blank\">Erbsen-Risotto mit Lachs<\/a><br \/>\n<a href=\"https:\/\/www.fambrenner.de\/Kaffeebohne\/wordpress\/2014\/11\/06\/veggie-tag-bulgur-mit-cashewkerne\/\" rel=\"noopener\" target=\"_blank\">Bulgur mit Cashewkerne<\/a><br \/>\n<a href=\"https:\/\/www.fambrenner.de\/Kaffeebohne\/wordpress\/2014\/11\/04\/paprika-kartoffel-suppe\/\" rel=\"noopener\" target=\"_blank\">Paprika-Kartoffel-Suppe<\/a><\/p>\n<p><strong>Oktober<\/strong><br \/>\n<a href=\"https:\/\/www.fambrenner.de\/Kaffeebohne\/wordpress\/2014\/10\/30\/veggie-tag-spaghetti-mit-zucchini-und-erbsen-mit-pesto-alla-genovese\/\" rel=\"noopener\" target=\"_blank\">Spaghetti mit Zucchini und Erbsen mit Pesto alla genovese<\/a><br \/>\n<a href=\"https:\/\/www.fambrenner.de\/Kaffeebohne\/wordpress\/2014\/10\/28\/indischer-kichererbsen-kurbis-eintopf\/\" rel=\"noopener\" target=\"_blank\">Indischer Kichererbsen-K\u00fcrbis-Eintopf<\/a><br \/>\n<a href=\"https:\/\/www.fambrenner.de\/Kaffeebohne\/wordpress\/2014\/10\/23\/veggie-tag-gebackene-zucchini-mit-parmesan-basilikum-kruste\/\" rel=\"noopener\" target=\"_blank\">Gebackene Zucchini mit Parmesan-Basilikum-Kruste<\/a><br \/>\n<a href=\"https:\/\/www.fambrenner.de\/Kaffeebohne\/wordpress\/2014\/10\/16\/veggie-tag-brokkoli-quiche\/\" rel=\"noopener\" target=\"_blank\">Brokkoli-Quiche<\/a><br \/>\n<a href=\"https:\/\/www.fambrenner.de\/Kaffeebohne\/wordpress\/2014\/10\/11\/veggie-tag-kartoffel-kurbis-tortillia\/\" rel=\"noopener\" target=\"_blank\">Kartoffel-K\u00fcrbis-Tortillia<\/a><br \/>\n<a href=\"https:\/\/www.fambrenner.de\/Kaffeebohne\/wordpress\/2014\/10\/07\/nachgekocht-kurbis-risotto-mit-walnuss\/\" rel=\"noopener\" target=\"_blank\">K\u00fcrbis-Risotto mit Walnuss<\/a><br \/>\n<a href=\"https:\/\/www.fambrenner.de\/Kaffeebohne\/wordpress\/2014\/10\/02\/veggie-tag-penne-mit-kurbis-und-peperoncini\/\" rel=\"noopener\" target=\"_blank\">Penne mit K\u00fcrbis und Peperoncini<\/a><\/p>\n<p><strong>September<\/strong><br \/>\n<a href=\"https:\/\/www.fambrenner.de\/Kaffeebohne\/wordpress\/2014\/09\/25\/veggie-tag-kurbissuppe-mit-kokos-und-tomate\/\" rel=\"noopener\" target=\"_blank\">K\u00fcrbissuppe mit Kokos und Tomate<\/a><br \/>\n<a href=\"https:\/\/www.fambrenner.de\/Kaffeebohne\/wordpress\/2014\/09\/23\/nachgekocht-risotto-mit-zucchini-und-kirschtomaten\/\" rel=\"noopener\" target=\"_blank\">Risotto mit Zucchini und Kirschtomaten<\/a><br \/>\n<a href=\"https:\/\/www.fambrenner.de\/Kaffeebohne\/wordpress\/2014\/09\/18\/veggie-tag-erdnuss-pesto\/\" rel=\"noopener\" target=\"_blank\">Erdnuss-Pesto<\/a><br \/>\n<a href=\"https:\/\/www.fambrenner.de\/Kaffeebohne\/wordpress\/2014\/09\/11\/veggie-tag-cremige-tomatensuppe-aus-dem-crockpot\/\" rel=\"noopener\" target=\"_blank\">Cremige Tomatensuppe aus dem Crockpot<\/a><br \/>\n<a href=\"https:\/\/www.fambrenner.de\/Kaffeebohne\/wordpress\/2014\/09\/06\/spaghetti-mit-tomaten-und-speck\/\" rel=\"noopener\" target=\"_blank\">Spaghetti mit Tomaten und Speck<\/a><br \/>\n<a href=\"https:\/\/www.fambrenner.de\/Kaffeebohne\/wordpress\/2014\/09\/04\/veggie-tag-zucchini-mailander-art\/\" rel=\"noopener\" target=\"_blank\">Zucchini Mail\u00e4nder Art<\/a><\/p>\n<p><strong>August<\/strong><br \/>\n<a href=\"https:\/\/www.fambrenner.de\/Kaffeebohne\/wordpress\/2014\/08\/28\/veggie-tag-spaghettisalat-mit-mediterranem-gemuse\/\" rel=\"noopener\" target=\"_blank\">Spaghettisalat mit mediterranem Gem\u00fcse<\/a><br \/>\n<a href=\"https:\/\/www.fambrenner.de\/Kaffeebohne\/wordpress\/2014\/08\/14\/veggie-tag-kichererbsen-auberginen-curry\/\" rel=\"noopener\" target=\"_blank\">Kichererbsen-Auberginen-Curry<\/a><br \/>\n<a href=\"https:\/\/www.fambrenner.de\/Kaffeebohne\/wordpress\/2014\/08\/07\/veggie-tag-spaghetti-mit-pecorino-pinienkernen-und-zitrone\/\" rel=\"noopener\" target=\"_blank\">Spaghetti mit Pecorino, Pinienkernen und Zitrone<\/a><br \/>\n<a href=\"https:\/\/www.fambrenner.de\/Kaffeebohne\/wordpress\/2014\/08\/05\/nachgekocht-scharfe-spaghetti-mit-curry-und-garnelen\/\" rel=\"noopener\" target=\"_blank\">Scharfe Spaghetti mit Curry und Garnelen<\/a><\/p>\n<p><strong>Juli<\/strong><br \/>\n<a href=\"https:\/\/www.fambrenner.de\/Kaffeebohne\/wordpress\/2014\/07\/31\/veggie-tag-drillinge-in-der-folie\/\" rel=\"noopener\" target=\"_blank\">Drillinge in der Folie<\/a><br \/>\n<a href=\"https:\/\/www.fambrenner.de\/Kaffeebohne\/wordpress\/2014\/07\/29\/glasnudelsalat\/\" rel=\"noopener\" target=\"_blank\">Glasnudelsalat<\/a><br \/>\n<a href=\"https:\/\/www.fambrenner.de\/Kaffeebohne\/wordpress\/2014\/07\/24\/veggie-tag-linguine-mit-zitronenol-und-ofentomaten\/\" rel=\"noopener\" target=\"_blank\">Linguine mit Zitronen\u00f6l und Ofentomaten<\/a><br \/>\n<a href=\"https:\/\/www.fambrenner.de\/Kaffeebohne\/wordpress\/2014\/07\/17\/veggie-tag-rote-grutze\/\" rel=\"noopener\" target=\"_blank\">Rote Gr\u00fctze<\/a><\/p>\n<p><strong>Juni<\/strong><br \/>\n<a href=\"https:\/\/www.fambrenner.de\/Kaffeebohne\/wordpress\/2014\/06\/26\/veggie-tag-gegrillter-spargel-mit-pochiertem-ei\/\" rel=\"noopener\" target=\"_blank\">Gegrillter Spargell mit pochiertem Ei<\/a><br \/>\n<a href=\"https:\/\/www.fambrenner.de\/Kaffeebohne\/wordpress\/2014\/06\/24\/nachgekocht-pasta-mit-grunem-spargel-und-lachs\/\" rel=\"noopener\" target=\"_blank\">Pasta mit gr\u00fcnem Spargel und Lachs<\/a><br \/>\n<a href=\"https:\/\/www.fambrenner.de\/Kaffeebohne\/wordpress\/2014\/06\/19\/veggie-tag-tomaten-risotto-mit-mozzarella\/\" rel=\"noopener\" target=\"_blank\">Tomaten-Risotto mit Mozzarella<\/a><br \/>\n<a href=\"https:\/\/www.fambrenner.de\/Kaffeebohne\/wordpress\/2014\/06\/12\/veggie-tag-lemon-linguine\/\" rel=\"noopener\" target=\"_blank\">Lemon-Linguine<\/a><br \/>\n<a href=\"https:\/\/www.fambrenner.de\/Kaffeebohne\/wordpress\/2014\/06\/06\/onion-tarte\/\" rel=\"noopener\" target=\"_blank\">Onion-Tarte<\/a><\/p>\n<p><strong>Mai<\/strong><br \/>\n<a href=\"https:\/\/www.fambrenner.de\/Kaffeebohne\/wordpress\/2014\/05\/22\/veggie-tag-tagliatelle-mit-spargel-und-getrockneten-tomaten\/\" rel=\"noopener\" target=\"_blank\">Tagliatelle mit getrockneten Tomaten<\/a><br \/>\n<a href=\"https:\/\/www.fambrenner.de\/Kaffeebohne\/wordpress\/2014\/05\/15\/veggie-tag-orzo-risotto-primavera\/\" rel=\"noopener\" target=\"_blank\">Orzo-Risotto Primavera<\/a><br \/>\n<a href=\"https:\/\/www.fambrenner.de\/Kaffeebohne\/wordpress\/2014\/05\/10\/spaghetti-erbsen-carbonara\/\" rel=\"noopener\" target=\"_blank\">Spaghetti Erbsen-Carbonara<\/a><br \/>\n<a href=\"https:\/\/www.fambrenner.de\/Kaffeebohne\/wordpress\/2014\/05\/08\/veggie-tag-avocado-pesto\/\" rel=\"noopener\" target=\"_blank\">Avocado-Pesto<\/a><br \/>\n<a href=\"https:\/\/www.fambrenner.de\/Kaffeebohne\/wordpress\/2014\/05\/01\/veggie-tag-gnocchi-mit-spargelsahne\/\" rel=\"noopener\" target=\"_blank\">Gnocchi mit Spargelsahne<\/a><\/p>\n<p><strong>April<\/strong><br \/>\n<a href=\"https:\/\/www.fambrenner.de\/Kaffeebohne\/wordpress\/2014\/04\/24\/veggie-tag-pilz-pasta\/\" rel=\"noopener\" target=\"_blank\">Pilz-Pasta<\/a><br \/>\n<a href=\"https:\/\/www.fambrenner.de\/Kaffeebohne\/wordpress\/2014\/04\/10\/veggie-tag-asia-pesto\/\" rel=\"noopener\" target=\"_blank\">Asia-Pesto<\/a><br \/>\n<a href=\"https:\/\/www.fambrenner.de\/Kaffeebohne\/wordpress\/2014\/04\/03\/veggie-tag-sesam-pesto\/\" rel=\"noopener\" target=\"_blank\">Sesam-Pesto<\/a><\/p>\n<p><strong>M\u00e4rz<\/strong><br \/>\n<a href=\"https:\/\/www.fambrenner.de\/Kaffeebohne\/wordpress\/2014\/03\/30\/garten-koch-event-marz-spinat-3\/\" rel=\"noopener\" target=\"_blank\">Blattspinat-Risotto<\/a><br \/>\n<a href=\"https:\/\/www.fambrenner.de\/Kaffeebohne\/wordpress\/2014\/03\/30\/garten-koch-event-marz-spinat-3\/\" rel=\"noopener\" target=\"_blank\">Spinatcremesuppe mit blauen Kartoffelchips<\/a><br \/>\n<a href=\"https:\/\/www.fambrenner.de\/Kaffeebohne\/wordpress\/2014\/03\/27\/veggie-tag-bohnen-mit-tomatensauce-und-salbei\/\" rel=\"noopener\" target=\"_blank\">Bohnen mit Tomatensauce und Salbei<\/a><br \/>\n<a href=\"https:\/\/www.fambrenner.de\/Kaffeebohne\/wordpress\/2014\/03\/26\/ich-backs-mir-gugl-honig-mandel\/\" rel=\"noopener\" target=\"_blank\">Gugl Honig-Mandel<\/a><br \/>\n<a href=\"https:\/\/www.fambrenner.de\/Kaffeebohne\/wordpress\/2014\/03\/20\/veggie-tag-bohnen-mit-walnussbutter\/\" rel=\"noopener\" target=\"_blank\">Bohnen mit Walnussbutter<\/a><br \/>\n<a href=\"https:\/\/www.fambrenner.de\/Kaffeebohne\/wordpress\/2014\/03\/18\/grii-soos-mit-lachs\/\" rel=\"noopener\" target=\"_blank\">Grii Soos mit Lachs<\/a><br \/>\n<a href=\"https:\/\/www.fambrenner.de\/Kaffeebohne\/wordpress\/2014\/03\/16\/schweinebraten-aus-dem-crockpot\/\" rel=\"noopener\" target=\"_blank\">Schweinebraten aus dem Crockpot<\/a><br \/>\n<a href=\"https:\/\/www.fambrenner.de\/Kaffeebohne\/wordpress\/2014\/03\/13\/veggie-tag-kokos-limetten-pasta\/\" rel=\"noopener\" target=\"_blank\">Kokos-Limetten-Pasta<\/a><br \/>\n<a href=\"https:\/\/www.fambrenner.de\/Kaffeebohne\/wordpress\/2014\/03\/08\/walliser-kartoffelkuchen\/\" rel=\"noopener\" target=\"_blank\">Walliser Kartoffelkuchen<\/a><br \/>\n<a href=\"https:\/\/www.fambrenner.de\/Kaffeebohne\/wordpress\/2014\/03\/06\/veggie-tag-vegetarische-suppe-mit-pastinaken\/\" rel=\"noopener\" target=\"_blank\">Vegetarische Suppe mit Pastinaken<\/a><\/p>\n<p><strong>Februar<\/strong><br \/>\n<a href=\"https:\/\/www.fambrenner.de\/Kaffeebohne\/wordpress\/2014\/02\/27\/veggie-tag-blumenkohl-pasta-con-alio-e-olio\/\" rel=\"noopener\" target=\"_blank\">Blumenkohl-Pasta con Alio e Olio<\/a><br \/>\n<a href=\"https:\/\/www.fambrenner.de\/Kaffeebohne\/wordpress\/2014\/02\/26\/ich-backs-mir-new-york-cheesecake\/\" rel=\"noopener\" target=\"_blank\">New York Cheesecake<\/a><br \/>\n<a href=\"https:\/\/www.fambrenner.de\/Kaffeebohne\/wordpress\/2014\/02\/20\/veggie-tag-tagliatelle-mit-einer-sauce-aus-getrockneten-tomaten\/\" rel=\"noopener\" target=\"_blank\">Tagliatelle mit einer Sauce aus getrockneten Tomaten<\/a><br \/>\n<a href=\"https:\/\/www.fambrenner.de\/Kaffeebohne\/wordpress\/2014\/02\/13\/veggie-tag-nudel-spinatauflauf\/\" rel=\"noopener\" target=\"_blank\">Nudel-Spinatauflauf<\/a><br \/>\n<a href=\"https:\/\/www.fambrenner.de\/Kaffeebohne\/wordpress\/2014\/02\/06\/veggie-tag-thailandisches-gemuse-curry\/\" rel=\"noopener\" target=\"_blank\">Thail\u00e4ndisches Gem\u00fcse-Curry<\/a><br \/>\n<a href=\"https:\/\/www.fambrenner.de\/Kaffeebohne\/wordpress\/2014\/02\/01\/kalter-hund\/\" rel=\"noopener\" target=\"_blank\">Kalter Hund<\/a><\/p>\n<p><strong>Januar<\/strong><br \/>\n<a href=\"https:\/\/www.fambrenner.de\/Kaffeebohne\/wordpress\/2014\/01\/26\/ich-backs-mir-zimtschnecken\/\" rel=\"noopener\" target=\"_blank\">Zimtschnecken<\/a><br \/>\n<a href=\"https:\/\/www.fambrenner.de\/Kaffeebohne\/wordpress\/2014\/01\/23\/veggie-tag-curry-vegetarisch-mit-kartoffeln-und-aubergine\/\" rel=\"noopener\" target=\"_blank\">Curry vegetarisch mit Kartoffeln und Aubergine<\/a><br \/>\n<a href=\"https:\/\/www.fambrenner.de\/Kaffeebohne\/wordpress\/2014\/01\/18\/lachs-fenchel-risotto\/\" rel=\"noopener\" target=\"_blank\">Lachs-Fenchel-Risotto<\/a><br \/>\n<a href=\"https:\/\/www.fambrenner.de\/Kaffeebohne\/wordpress\/2014\/01\/16\/veggie-tag-kartoffel-lauch-suppe-mit-knusperzwiebeln\/\" rel=\"noopener\" target=\"_blank\">Kartoffel-Lauch-Suppe mit Knusperzwiebeln<\/a><br \/>\n<a href=\"https:\/\/www.fambrenner.de\/Kaffeebohne\/wordpress\/2014\/01\/09\/veggie-tag-indischer-kichererbsen-quinoa-eintopf-aus-dem-slowcooker\/\" rel=\"noopener\" target=\"_blank\">Indischer Kichererbsen-Quinoa-Eintopf aus dem Slowcooker<\/a><br \/>\n<a href=\"https:\/\/www.fambrenner.de\/Kaffeebohne\/wordpress\/2014\/01\/02\/veggie-tag-penne-mit-spinat-erdnuss-sauce\/\" rel=\"noopener\" target=\"_blank\">Penne mit Spinat-Erdnuss-Sauce<\/a><\/p>\n","protected":false},"excerpt":{"rendered":"<p>Rezepte 2014 Dezember M\u00f6hrensuppe mit Reis Italienische Gem\u00fcsesuppe Fudge dunkel Spinatsp\u00e4tzle mit Mozzarella Pastinaken-Kartoffel-Suppe Gem\u00fcse-Carbonara mit Spaghetti Blumenkohl-Currysuppe mit Garnelen Aubergine al forno Irische Pastinaken-Apfelsuppe November Gebratene Pilze und Zucchini Scharfe Brokkoli-Kokossuppe Flammkuchen italiano mit Lauch Kartoffel-Ingwer-K\u00fcrbis-Suppe Bohnen-Lachs-Gratin Bohnen nach V\u00f6gelchen Art Arabischer Eintopf Erbsen-Risotto mit Lachs Bulgur mit Cashewkerne Paprika-Kartoffel-Suppe Oktober Spaghetti mit Zucchini &hellip; <\/p>\n<p class=\"link-more\"><a href=\"https:\/\/www.fambrenner.de\/Kaffeebohne\/wordpress\/rezepte-2014\/\" class=\"more-link\"><span class=\"screen-reader-text\">\u201eRezepte 2014\u201c<\/span> weiterlesen<\/a><\/p>\n","protected":false},"author":1,"featured_media":0,"parent":0,"menu_order":0,"comment_status":"closed","ping_status":"closed","template":"","meta":{"footnotes":""},"jetpack_sharing_enabled":true,"_links":{"self":[{"href":"https:\/\/www.fambrenner.de\/Kaffeebohne\/wordpress\/wp-json\/wp\/v2\/pages\/11929"}],"collection":[{"href":"https:\/\/www.fambrenner.de\/Kaffeebohne\/wordpress\/wp-json\/wp\/v2\/pages"}],"about":[{"href":"https:\/\/www.fambrenner.de\/Kaffeebohne\/wordpress\/wp-json\/wp\/v2\/types\/page"}],"author":[{"embeddable":true,"href":"https:\/\/www.fambrenner.de\/Kaffeebohne\/wordpress\/wp-json\/wp\/v2\/users\/1"}],"replies":[{"embeddable":true,"href":"https:\/\/www.fambrenner.de\/Kaffeebohne\/wordpress\/wp-json\/wp\/v2\/comments?post=11929"}],"version-history":[{"count":1,"href":"https:\/\/www.fambrenner.de\/Kaffeebohne\/wordpress\/wp-json\/wp\/v2\/pages\/11929\/revisions"}],"predecessor-version":[{"id":11930,"href":"https:\/\/www.fambrenner.de\/Kaffeebohne\/wordpress\/wp-json\/wp\/v2\/pages\/11929\/revisions\/11930"}],"wp:attachment":[{"href":"https:\/\/www.fambrenner.de\/Kaffeebohne\/wordpress\/wp-json\/wp\/v2\/media?parent=11929"}],"curies":[{"name":"wp","href":"https:\/\/api.w.org\/{rel}","templated":true}]}}