{"id":10739,"date":"2020-11-10T19:59:53","date_gmt":"2020-11-10T18:59:53","guid":{"rendered":"http:\/\/www.fambrenner.de\/Kaffeebohne\/wordpress\/?page_id=10739"},"modified":"2020-11-10T19:59:53","modified_gmt":"2020-11-10T18:59:53","slug":"rezepte-2019","status":"publish","type":"page","link":"https:\/\/www.fambrenner.de\/Kaffeebohne\/wordpress\/rezepte-2019\/","title":{"rendered":"Rezepte 2019"},"content":{"rendered":"<p><strong>Dezember<\/strong><br \/>\n<a href=\"http:\/\/www.fambrenner.de\/Kaffeebohne\/wordpress\/2019\/12\/12\/veggie-tag-cremiger-nudelauflauf-mit-tomaten-und-mozzarella\/\" rel=\"noopener noreferrer\" target=\"_blank\">Cremiger Nudelauflauf mit Tomaten und Mozzarella<\/a><br \/>\n<a href=\"http:\/\/www.fambrenner.de\/Kaffeebohne\/wordpress\/2019\/12\/13\/kulinarische-weltreise-china-rind-mit-cashewnuessen-xiang-gen-niu-song\/\" rel=\"noopener noreferrer\" target=\"_blank\">Rind mit Cashewn\u00fcssen<\/a><br \/>\n<a href=\"http:\/\/www.fambrenner.de\/Kaffeebohne\/wordpress\/2019\/12\/18\/mohn-orangen-schnecken\/\" rel=\"noopener noreferrer\" target=\"_blank\">Mohn-Orangen-Schnecken<\/a><br \/>\n<a href=\"http:\/\/www.fambrenner.de\/Kaffeebohne\/wordpress\/2019\/12\/22\/weihnachtliche-mandelsplitter\/\" rel=\"noopener noreferrer\" target=\"_blank\">Weihnachtliche Mandelsplitter<\/a><br \/>\n<a href=\"http:\/\/www.fambrenner.de\/Kaffeebohne\/wordpress\/2019\/12\/23\/kulinarische-weltreise-china-schwein-mit-erdnuessen-hua-sheng-hui-li-ji\/\" rel=\"noopener noreferrer\" target=\"_blank\">Schwein mit Erdn\u00fcssen<\/a><br \/>\n<a href=\"http:\/\/www.fambrenner.de\/Kaffeebohne\/wordpress\/2019\/12\/27\/husarenknoepfe-mit-gewuerz-schokolade\/\" rel=\"noopener noreferrer\" target=\"_blank\">Husarenkn\u00f6pfe mit Gew\u00fcrz-Schokolade<\/a><\/p>\n<p><strong>November<\/strong><br \/>\n<a href=\"http:\/\/www.fambrenner.de\/Kaffeebohne\/wordpress\/2019\/11\/10\/blog-event-clviii-kuer-mit-biss-kuerbisspaetzle\/\" rel=\"noopener noreferrer\" target=\"_blank\">K\u00fcrbissp\u00e4tzle<\/a><br \/>\n<a href=\"http:\/\/www.fambrenner.de\/Kaffeebohne\/wordpress\/2019\/11\/17\/kulinarische-weltreise-grossbritanien-cornish-pasty-vegetarisch\/\" rel=\"noopener noreferrer\" target=\"_blank\">Cornish Pasty vegetarisch<\/a><br \/>\n<a href=\"http:\/\/www.fambrenner.de\/Kaffeebohne\/wordpress\/2019\/11\/19\/familienkueche-chinesische-nudelpfanne\/\" rel=\"noopener noreferrer\" target=\"_blank\">Chinesische Nudelpfanne<\/a><br \/>\n<a href=\"http:\/\/www.fambrenner.de\/Kaffeebohne\/wordpress\/2019\/11\/21\/veggie-tag-risotto-mit-brokkoli\/\" rel=\"noopener noreferrer\" target=\"_blank\">Risotto mit Brokkoli<\/a><br \/>\n<a href=\"http:\/\/www.fambrenner.de\/Kaffeebohne\/wordpress\/2019\/11\/23\/kulinarische-weltreise-grossbritanien-spiced-cake-with-fudge-gewuerzkuchen-mit-zuckerguss\/\" rel=\"noopener noreferrer\" target=\"_blank\">Gew\u00fcrzkuchen mit Zuckerguss<\/a><br \/>\n<a href=\"http:\/\/www.fambrenner.de\/Kaffeebohne\/wordpress\/2019\/11\/26\/kuerbissuppe-mit-meerrettich\/\" rel=\"noopener noreferrer\" target=\"_blank\">K\u00fcrbissuppe mit Meerrettich<\/a><br \/>\n<a href=\"http:\/\/www.fambrenner.de\/Kaffeebohne\/wordpress\/2019\/11\/28\/veggie-tag-champignonspaetzle\/\" rel=\"noopener noreferrer\" target=\"_blank\">Champignonssp\u00e4tzle<\/a><br \/>\n<a href=\"http:\/\/www.fambrenner.de\/Kaffeebohne\/wordpress\/2019\/11\/30\/gewuerzkuchen-mit-nougat\/\" rel=\"noopener noreferrer\" target=\"_blank\">Gew\u00fcrzkuchen mit Nougat<\/a><\/p>\n<p><strong>Oktober<\/strong><br \/>\n<a href=\"http:\/\/www.fambrenner.de\/Kaffeebohne\/wordpress\/2019\/10\/01\/brokkolisuppe-mit-fisch\/\" rel=\"noopener noreferrer\" target=\"_blank\">Brokkolisuppe mit Fisch<\/a><br \/>\n<a href=\"http:\/\/www.fambrenner.de\/Kaffeebohne\/wordpress\/2019\/10\/12\/zwetschgenroester\/\" rel=\"noopener noreferrer\" target=\"_blank\">Zwetschgenr\u00f6ster<\/a><br \/>\n<a href=\"http:\/\/www.fambrenner.de\/Kaffeebohne\/wordpress\/2019\/10\/14\/blog-event-clvii-aepfel-herzhaft-suess-veganer-apfelkuchen-mit-zimtstreuseln\/\" rel=\"noopener noreferrer\" target=\"_blank\">Veganer Apfelkuchen mit Zimtstreuseln<\/a><br \/>\n<a href=\"http:\/\/www.fambrenner.de\/Kaffeebohne\/wordpress\/2019\/10\/16\/veggie-tag-kuemmelkartoffeln-mit-paprikaquark\/\" rel=\"noopener noreferrer\" target=\"_blank\">K\u00fcmmelkartoffeln mit Paprikaquark<\/a><br \/>\n<a href=\"http:\/\/www.fambrenner.de\/Kaffeebohne\/wordpress\/2019\/10\/19\/wuerzige-tomatensauce-mit-gemuese\/\" rel=\"noopener noreferrer\" target=\"_blank\">W\u00fcrzige Tomatensauce mit Gem\u00fcse<\/a><br \/>\n<a href=\"http:\/\/www.fambrenner.de\/Kaffeebohne\/wordpress\/2019\/10\/22\/flaedlesuppe-mit-gemuese\/\" rel=\"noopener noreferrer\" target=\"_blank\">Fl\u00e4dlesuppe mit Gem\u00fcse<\/a><br \/>\n<a href=\"http:\/\/www.fambrenner.de\/Kaffeebohne\/wordpress\/2019\/10\/27\/kuerbiseintopf\/\" rel=\"noopener noreferrer\" target=\"_blank\">K\u00fcrbiseintopf<\/a><br \/>\n<a href=\"http:\/\/www.fambrenner.de\/Kaffeebohne\/wordpress\/2019\/10\/27\/blog-event-erdapfelliebe-kartoffel-marsala-curry\/\" rel=\"noopener noreferrer\" target=\"_blank\">Kartoffel-Marsala-Curry<\/a><\/p>\n<p><strong>September<\/strong><br \/>\n<a href=\"http:\/\/www.fambrenner.de\/Kaffeebohne\/wordpress\/2019\/09\/26\/veggie-tag-vegetarischer-zwiebelkuchen\/\" rel=\"noopener noreferrer\" target=\"_blank\">Vegetarischer Zwiebelkuchen<\/a><\/p>\n<p><strong>August<\/strong><\/p>\n<p><strong>Juli<\/strong><br \/>\n<a href=\"http:\/\/www.fambrenner.de\/Kaffeebohne\/wordpress\/2019\/07\/18\/veggie-tag-cremige-vegane-polenta-mit-pilzen-und-spinat\/\" rel=\"noopener noreferrer\" target=\"_blank\">Cremige vegane Polenta mit Pilzen und Spinat<\/a><br \/>\n<a href=\"http:\/\/www.fambrenner.de\/Kaffeebohne\/wordpress\/2019\/07\/29\/clafoutis-mit-kirschen-clafoutis-aux-cerises\/\" rel=\"noopener noreferrer\" target=\"_blank\">Clafoutis mit Kirschen<\/a><br \/>\n<a href=\"http:\/\/www.fambrenner.de\/Kaffeebohne\/wordpress\/2019\/07\/31\/pasta-mit-lachs-tomaten-sahne\/\" rel=\"noopener noreferrer\" target=\"_blank\">Pasta mit Lachs-Tomaten-Sahne<\/a><br \/>\n<strong>Juni<\/strong><br \/>\n<a href=\"http:\/\/www.fambrenner.de\/Kaffeebohne\/wordpress\/2019\/06\/06\/veggie-tag-spargel-tomaten-quiche\/\" rel=\"noopener noreferrer\" target=\"_blank\">Spargel-Tomaten-Quiche<\/a><br \/>\n<a href=\"http:\/\/www.fambrenner.de\/Kaffeebohne\/wordpress\/2019\/06\/08\/gegrillter-spargel-mit-zitronigem-kartoffelpueree\/\" rel=\"noopener noreferrer\" target=\"_blank\">Gegrillter Spargel mit zitronigem Kartoffelp\u00fcree<\/a><br \/>\n<a href=\"http:\/\/www.fambrenner.de\/Kaffeebohne\/wordpress\/2019\/06\/10\/erdbeer-galette\/\" rel=\"noopener noreferrer\" target=\"_blank\">Erdbeer-Galette<\/a><br \/>\n<a href=\"http:\/\/www.fambrenner.de\/Kaffeebohne\/wordpress\/2019\/06\/11\/rotbarsch-mit-spinat\/\" rel=\"noopener noreferrer\" target=\"_blank\">Rotbarsch mit Spinat<\/a><br \/>\n<a href=\"http:\/\/www.fambrenner.de\/Kaffeebohne\/wordpress\/2019\/06\/20\/veggie-tag-gruenes-shakshuka\/\" rel=\"noopener noreferrer\" target=\"_blank\">Gr\u00fcnes Shakshuka<\/a><br \/>\n<a href=\"http:\/\/www.fambrenner.de\/Kaffeebohne\/wordpress\/2019\/06\/27\/veggie-tag-lowcarb-gemuesepuffer\/\" rel=\"noopener noreferrer\" target=\"_blank\">Low Carb Gem\u00fcsepuffer<\/a><\/p>\n<p><strong>Mai<\/strong><br \/>\n<a href=\"http:\/\/www.fambrenner.de\/Kaffeebohne\/wordpress\/2019\/05\/09\/veggie-tag-ofenspargel\/\" rel=\"noopener noreferrer\" target=\"_blank\">Ofenspargel<\/a><br \/>\n<a href=\"http:\/\/www.fambrenner.de\/Kaffeebohne\/wordpress\/2019\/05\/11\/schoko-kirsch-kuchen-et\/\" rel=\"noopener noreferrer\" target=\"_blank\">Schoko-Kirsch-Kuchen (e&#038;t)<\/a><br \/>\n<a href=\"http:\/\/www.fambrenner.de\/Kaffeebohne\/wordpress\/2019\/05\/14\/gemuesebruehe-mit-spaetzle\/\" rel=\"noopener noreferrer\" target=\"_blank\">Gem\u00fcsebr\u00fche mit Sp\u00e4tzle<\/a><br \/>\n<a href=\"http:\/\/www.fambrenner.de\/Kaffeebohne\/wordpress\/2019\/05\/16\/veggie-tag-lowcarb-blumenkohlpuffer\/\" rel=\"noopener noreferrer\" target=\"_blank\">Blumenkohlpuffer<\/a><br \/>\n<a href=\"http:\/\/www.fambrenner.de\/Kaffeebohne\/wordpress\/2019\/05\/23\/veggie-tag-gnocchi-auflauf\/\" rel=\"noopener noreferrer\" target=\"_blank\">Gnocchi-Auflauf<\/a><br \/>\n<a href=\"http:\/\/www.fambrenner.de\/Kaffeebohne\/wordpress\/2019\/05\/28\/gemuesecouscous-mit-stremellachs\/\" rel=\"noopener noreferrer\" target=\"_blank\">Gem\u00fcsecoucous mit Stremellachs<\/a><\/p>\n<p><strong>April<\/strong><\/p>\n<p><strong>M\u00e4rz<\/strong><br \/>\n<a href=\"http:\/\/www.fambrenner.de\/Kaffeebohne\/wordpress\/2019\/03\/07\/veggie-tag-kichererbsensalat-mit-tomate-und-gurke\/\" rel=\"noopener noreferrer\" target=\"_blank\">Kichererbsensalat mit Tomate und Gurke<\/a><br \/>\n<a href=\"http:\/\/www.fambrenner.de\/Kaffeebohne\/wordpress\/2019\/03\/10\/macadamia-cranberry-cookies\/\" rel=\"noopener noreferrer\" target=\"_blank\">Macadamia-Cranberry-Cookies<\/a><br \/>\n<a href=\"http:\/\/www.fambrenner.de\/Kaffeebohne\/wordpress\/2019\/03\/12\/garnelen-nudel-topf\/\" rel=\"noopener noreferrer\" target=\"_blank\">Garnelen-Nudel-Topf<\/a><br \/>\n<a href=\"http:\/\/www.fambrenner.de\/Kaffeebohne\/wordpress\/2019\/03\/28\/veggie-tag-boerek-mit-spinat-und-feta\/\" rel=\"noopener noreferrer\" target=\"_blank\">B\u00f6rek mit Spinat und Feta<\/a><\/p>\n<p><strong>Februar<\/strong><br \/>\n<a href=\"http:\/\/www.fambrenner.de\/Kaffeebohne\/wordpress\/2019\/02\/02\/bauernfruehstueck\/\" rel=\"noopener noreferrer\" target=\"_blank\">Bauernfr\u00fchst\u00fcck<\/a><br \/>\n<a href=\"http:\/\/www.fambrenner.de\/Kaffeebohne\/wordpress\/2019\/02\/17\/petersilien-risotto-mit-chorizo\/\" rel=\"noopener noreferrer\" target=\"_blank\">Petersilien-Risotto mit Chorizo<\/a><br \/>\n<a href=\"http:\/\/www.fambrenner.de\/Kaffeebohne\/wordpress\/2019\/02\/21\/veggie-tag-kichererbsen-curry-alnatura\/\" rel=\"noopener noreferrer\" target=\"_blank\">Kichererbsen-Curry (Alnatura)<\/a><\/p>\n<p><strong>Januar<\/strong><br \/>\n<a href=\"http:\/\/www.fambrenner.de\/Kaffeebohne\/wordpress\/2019\/01\/05\/hirtenmakkaroni-aus-dem-slowcooker\/\" rel=\"noopener noreferrer\" target=\"_blank\">Hirtenmakkaroni aus dem Slowcooker<\/a><br \/>\n<a href=\"http:\/\/www.fambrenner.de\/Kaffeebohne\/wordpress\/2019\/01\/10\/veggie-tag-slowcooker-chili-mit-dreierlei-bohnen\/\" rel=\"noopener noreferrer\" target=\"_blank\">Slowcooker Chili mit dreierlei Bohnen<\/a><br \/>\n<a href=\"http:\/\/www.fambrenner.de\/Kaffeebohne\/wordpress\/2019\/01\/14\/spitzkohl-bratwurst-pfanne\/\" rel=\"noopener noreferrer\" target=\"_blank\">Spitzkohl-Bratwurst-Pfanne<\/a><br \/>\n<a href=\"http:\/\/www.fambrenner.de\/Kaffeebohne\/wordpress\/2019\/01\/17\/veggie-tag-blitz-nudelauflauf-et\/\" rel=\"noopener noreferrer\" target=\"_blank\">Blitz-Nudelauflauf (e&#038;t)<\/a><br \/>\n<a href=\"http:\/\/www.fambrenner.de\/Kaffeebohne\/wordpress\/2019\/01\/22\/jaegertopf\/\" rel=\"noopener noreferrer\" target=\"_blank\">J\u00e4gertopf<\/a><br \/>\n<a href=\"http:\/\/www.fambrenner.de\/Kaffeebohne\/wordpress\/2019\/01\/24\/veggie-tag-mac-cheese\/\" rel=\"noopener noreferrer\" target=\"_blank\">Mac &#038; Cheese<\/a><br \/>\n<a href=\"http:\/\/www.fambrenner.de\/Kaffeebohne\/wordpress\/2019\/01\/26\/fettuccine-alfredo-mit-huehnchen\/\" rel=\"noopener noreferrer\" target=\"_blank\">Fettuccine Alfredo mit H\u00fchnchen<\/a><br \/>\n<a href=\"http:\/\/www.fambrenner.de\/Kaffeebohne\/wordpress\/2019\/01\/31\/veggie-tag-penne-mit-paprika-sauce\/\" rel=\"noopener noreferrer\" target=\"_blank\">Penne mit Paprika-Sauce<\/a><\/p>\n","protected":false},"excerpt":{"rendered":"<p>Dezember Cremiger Nudelauflauf mit Tomaten und Mozzarella Rind mit Cashewn\u00fcssen Mohn-Orangen-Schnecken Weihnachtliche Mandelsplitter Schwein mit Erdn\u00fcssen Husarenkn\u00f6pfe mit Gew\u00fcrz-Schokolade November K\u00fcrbissp\u00e4tzle Cornish Pasty vegetarisch Chinesische Nudelpfanne Risotto mit Brokkoli Gew\u00fcrzkuchen mit Zuckerguss K\u00fcrbissuppe mit Meerrettich Champignonssp\u00e4tzle Gew\u00fcrzkuchen mit Nougat Oktober Brokkolisuppe mit Fisch Zwetschgenr\u00f6ster Veganer Apfelkuchen mit Zimtstreuseln K\u00fcmmelkartoffeln mit Paprikaquark W\u00fcrzige Tomatensauce mit Gem\u00fcse &hellip; <\/p>\n<p class=\"link-more\"><a href=\"https:\/\/www.fambrenner.de\/Kaffeebohne\/wordpress\/rezepte-2019\/\" class=\"more-link\"><span class=\"screen-reader-text\">\u201eRezepte 2019\u201c<\/span> weiterlesen<\/a><\/p>\n","protected":false},"author":2,"featured_media":0,"parent":0,"menu_order":0,"comment_status":"closed","ping_status":"closed","template":"","meta":{"footnotes":""},"jetpack_sharing_enabled":true,"_links":{"self":[{"href":"https:\/\/www.fambrenner.de\/Kaffeebohne\/wordpress\/wp-json\/wp\/v2\/pages\/10739"}],"collection":[{"href":"https:\/\/www.fambrenner.de\/Kaffeebohne\/wordpress\/wp-json\/wp\/v2\/pages"}],"about":[{"href":"https:\/\/www.fambrenner.de\/Kaffeebohne\/wordpress\/wp-json\/wp\/v2\/types\/page"}],"author":[{"embeddable":true,"href":"https:\/\/www.fambrenner.de\/Kaffeebohne\/wordpress\/wp-json\/wp\/v2\/users\/2"}],"replies":[{"embeddable":true,"href":"https:\/\/www.fambrenner.de\/Kaffeebohne\/wordpress\/wp-json\/wp\/v2\/comments?post=10739"}],"version-history":[{"count":4,"href":"https:\/\/www.fambrenner.de\/Kaffeebohne\/wordpress\/wp-json\/wp\/v2\/pages\/10739\/revisions"}],"predecessor-version":[{"id":10743,"href":"https:\/\/www.fambrenner.de\/Kaffeebohne\/wordpress\/wp-json\/wp\/v2\/pages\/10739\/revisions\/10743"}],"wp:attachment":[{"href":"https:\/\/www.fambrenner.de\/Kaffeebohne\/wordpress\/wp-json\/wp\/v2\/media?parent=10739"}],"curies":[{"name":"wp","href":"https:\/\/api.w.org\/{rel}","templated":true}]}}